{"id":5031,"date":"2020-07-22T10:10:34","date_gmt":"2020-07-22T08:10:34","guid":{"rendered":"https:\/\/www.scientec.es\/analisis-de-superficie\/"},"modified":"2020-07-27T10:20:21","modified_gmt":"2020-07-27T08:20:21","slug":"analisis-de-superficie","status":"publish","type":"page","link":"https:\/\/www.scientec.es\/es\/analisis-de-superficie\/","title":{"rendered":"An\u00e1lisis de superficie"},"content":{"rendered":"\n\t<h1><strong>Instrumentos de an\u00e1lisis de superficie<\/strong><br \/>\n<\/h1>\n\t<p>ScienTec Ib\u00e9rica ofrece equipos de an\u00e1lisis de superficie para visualizar y medir diversas propiedades. Con resoluci\u00f3n nanom\u00e9trica. Se relacionan con la condici\u00f3n de la superficie, propiedades mec\u00e1nicas, qu\u00edmicas, el\u00e9ctricas, \u00f3pticas, de tensi\u00f3n, espesor o incluso rugosidad en diferentes entornos; condiciones de ultralto vac\u00edo, ambiente o  atm\u00f3sfera controlada&#8230; Los an\u00e1lisis cubren un gran aumento que va desde la escala at\u00f3mica hasta unos pocos mil\u00edmetros.<\/p>\n<p>&nbsp;<\/p>\n\t<a href=\"http:\/\/www.scientec.es\/analyse-de-surface\/#filtres_produit\">Filter products<\/a><a href=\"http:\/\/www.scientec.es\/analyse-de-surface\/#filtres_produit\"><img decoding=\"async\" src=\"http:\/\/www.scientec.es\/wp-content\/uploads\/2019\/07\/filtre2.png\" alt=\"\" width=\"37\" height=\"35\" \/><\/a><br \/>\n\n<p>&nbsp;<\/p>\n\t<h2><strong>Microscopios de fuerza at\u00f3mica<\/strong><\/h2>\n\t\t\t\t<img decoding=\"async\" src=\"https:\/\/www.scientec.fr\/wp-content\/uploads\/2018\/11\/microscopes-force-atomique-1.jpg\" alt=\"Microscopes-force-atomique.\" itemprop=\"image\" title=\"Microscopes-force-atomique.\" onerror=\"this.style.display='none'\"  \/>\n\t<p>CSInstruments, fabricante de microscopios AFM, ofrece muchas soluciones:<\/p>\n<ul>\n<li><a href=\"https:\/\/www.scientec.es\/es\/analisis-de-superficie\/microscopios-de-fuerza-atomica\/\">Microscopios de fuerza at\u00f3mica &gt;<\/a><\/li>\n<li><a href=\"https:\/\/www.scientec.es\/es\/produit\/puntas-afm\/\">Puntas AFM&gt;<\/a><\/li>\n<li><a href=\"https:\/\/www.scientec.es\/es\/produit\/microscopio-ir-afm\/\">AFM IR&gt;<\/a><\/li>\n<\/ul>\n<p>&nbsp;<\/p>\n\t<h2><strong>Perfilometr\u00eda<br \/>\n\u00f3ptica<\/strong><\/h2>\n\t\t\t\t<img decoding=\"async\" src=\"https:\/\/www.scientec.fr\/wp-content\/uploads\/2019\/07\/profilometre-optique.jpg\" alt=\"Profilometre-optique\" itemprop=\"image\" title=\"Profilometre-optique\" onerror=\"this.style.display='none'\"  \/>\n\t<p>Holograf\u00eda digital, confocal, interfer\u00f3metr\u00eda. Sistemas KLA, Lync\u00e9eTec y Filmetrics &#8230;<\/p>\n<ul>\n<li><a href=\"https:\/\/www.scientec.es\/es\/analisis-de-superficie\/perfilometros-optcios\/\">Perfil\u00f3metros \u00f3pticos&gt;<\/a><\/li>\n<li><a href=\"https:\/\/www.scientec.es\/es\/analisis-de-superficie\/mediciones-dinamicas\/\">Medici\u00f3n din\u00e1mica&gt;<\/a><\/li>\n<\/ul>\n<p>&nbsp;<\/p>\n<p>&nbsp;<\/p>\n<p>&nbsp;<\/p>\n\t<h2><strong>Perfilometr\u00eda<br \/>\nmec\u00e1nica<\/strong><\/h2>\n\t\t\t\t<a href=\"\/?page_id=2713\" target=\"_self\" itemprop=\"url\" rel=\"noopener noreferrer\">\n\t\t\t\t<img decoding=\"async\" src=\"https:\/\/www.scientec.fr\/wp-content\/uploads\/2019\/11\/profilometre-mecanique-kla.jpg\" alt=\"profilometre-mecanique-kla\" itemprop=\"image\" title=\"profilometre-mecanique-kla\" onerror=\"this.style.display='none'\"  \/>\n\t\t\t\t<\/a>\n\t<p>KLA Instruments y Toho Technology ofrecen una amplia gama de productos que permiten mediciones del perfil de topograf\u00eda mediante contacto<\/p>\n<ul>\n<li><a href=\"https:\/\/www.scientec.es\/es\/analisis-de-superficie\/profilometria-mecanica\/\">Perfil\u00f3metros mec\u00e1nicos&gt;<\/a><\/li>\n<\/ul>\n<p>&nbsp;<\/p>\n<p>&nbsp;<\/p>\n\t<h2><strong>Espectroscopia<br \/>\n<\/strong><strong>IR &amp; RAMAN<\/strong><\/h2>\n\t\t\t\t<img decoding=\"async\" src=\"http:\/\/www.scientec.fr\/wp-content\/uploads\/2018\/11\/spectroscopie-ir-1.jpg\" alt=\"Spectroscopie-ir.\" itemprop=\"image\" title=\"Spectroscopie-ir.\" onerror=\"this.style.display='none'\"  \/>\n\t<p>Photothermal Spectroscopy Corp pionero de la espectroscop\u00eda infrarroja submicr\u00f3nica y S&amp;I especialista en soluci\u00f3n RAMAN<\/p>\n<ul>\n<li><a href=\"https:\/\/www.scientec.es\/es\/produit\/espectroscopia-infrarroja-submicrometrica\/\">Infrarrojo + RAMAN&gt;<\/a><\/li>\n<li><a href=\"https:\/\/www.scientec.es\/es\/analisis-de-superficie\/sistemas-de-espectroscopia-raman\/\">RAMAN&gt;<\/a><\/li>\n<li><a href=\"https:\/\/www.scientec.es\/es\/produit\/microscopio-ir-afm\/\">AFM IR&gt;<\/a><\/li>\n<\/ul>\n\t<h2><strong>Medici\u00f3n de pel\u00edcula delgada<br \/>\n<\/strong><\/h2>\n\t\t\t\t<a href=\"\/?page_id=2728\" target=\"_self\" itemprop=\"url\" rel=\"noopener noreferrer\">\n\t\t\t\t<img decoding=\"async\" src=\"https:\/\/www.scientec.fr\/wp-content\/uploads\/2018\/11\/couches-minces-2.jpg\" alt=\"Couches-minces..\" itemprop=\"image\" title=\"Couches-minces..\" onerror=\"this.style.display='none'\"  \/>\n\t\t\t\t<\/a>\n\t<p>Filmetrics \/ KLA ofrece soluciones en mediciones \u00fanicas \/ m\u00faltiples, en l\u00ednea, adaptadas al microscopio o in situ. Desde 1\u00a0 nm hasta mil\u00edmetros de espesor&#8230;<\/p>\n<ul>\n<li><a href=\"https:\/\/www.scientec.es\/es\/analisis-de-superficie\/reflectometria-medida-de-espesor-de-capa-delgada\/\">Reflect\u00f3metros y medici\u00f3n de espesores&gt;<\/a><\/li>\n<\/ul>\n<p>&nbsp;<\/p>\n<p>&nbsp;<\/p>\n<p>&nbsp;<\/p>\n\t<h2><strong>Nano<br \/>\nindenters<br \/>\n<\/strong><\/h2>\n\t\t\t\t<a href=\"\/?page_id=2715\" target=\"_self\" itemprop=\"url\" rel=\"noopener noreferrer\">\n\t\t\t\t<img decoding=\"async\" src=\"https:\/\/www.scientec.fr\/wp-content\/uploads\/2018\/11\/nanoindenteur-1.jpg\" alt=\"Nanoindenteur.\" itemprop=\"image\" title=\"Nanoindenteur.\" onerror=\"this.style.display='none'\"  \/>\n\t\t\t\t<\/a>\n\t<p>KLA ofrece una amplia gama de Nanoindenters desde el sistema de vac\u00edo o ambiente hasta el modelo in situ &#8230;<\/p>\n<ul>\n<li>Nanoindenters<\/li>\n<li>Ambientes<\/li>\n<li>M\u00e1quina de ensayo universal<\/li>\n<\/ul>\n<p><a href=\"https:\/\/www.scientec.es\/es\/analisis-de-superficie\/nanoindentadores\/\">M\u00e1s informaci\u00f3n&gt;<\/a><\/p>\n<p>&nbsp;<\/p>\n\t<h2><strong>Sistemas<br \/>\nde Vac\u00edo<\/strong><\/h2>\n\t\t\t\t<img decoding=\"async\" src=\"http:\/\/www.scientec.fr\/wp-content\/uploads\/2018\/11\/systeme-sous-vide-1.jpg\" alt=\"Systeme-sous-vide.\" itemprop=\"image\" title=\"Systeme-sous-vide.\" onerror=\"this.style.display='none'\"  \/>\n\t<p>Prevac ofrece una amplia gama de equipos de vac\u00edo y ultra vac\u00edo.<\/p>\n<ul>\n<li><a href=\"https:\/\/www.scientec.es\/es\/produit\/sistemas-de-deposicion\/\">Sistemas de dep\u00f3sito (MBE, PLD, CVS)&gt;<\/a><\/li>\n<li><a href=\"https:\/\/www.scientec.es\/es\/produit\/analysis-systems\/\">Sistemas de an\u00e1lisis (XPS, UPS, ARPES)&gt;<\/a><\/li>\n<li><a href=\"https:\/\/www.scientec.es\/es\/produit\/accesorios-e-instrumentos-uhv\/\">Accesorios y instrumentos&gt;<\/a><\/li>\n<\/ul>\n<p>&nbsp;<\/p>\n<p>&nbsp;<\/p>\n\t<h2><strong>Product Selection Filter<br \/>\n<\/strong><\/h2>\n\t<p>Filter the surface analysis products according to the expected use.<\/p>\n<p>&nbsp;<\/p>\n","protected":false},"excerpt":{"rendered":"<p>Instrumentos de an\u00e1lisis de superficie ScienTec Ib\u00e9rica ofrece equipos de an\u00e1lisis de superficie para visualizar y medir diversas propiedades. Con resoluci\u00f3n nanom\u00e9trica. Se relacionan con la condici\u00f3n de la superficie, propiedades mec\u00e1nicas, qu\u00edmicas, el\u00e9ctricas, \u00f3pticas, de tensi\u00f3n, espesor o incluso rugosidad en diferentes entornos; condiciones de ultralto vac\u00edo, ambiente o atm\u00f3sfera controlada&#8230; Los an\u00e1lisis cubren [&hellip;]<\/p>\n","protected":false},"author":4,"featured_media":0,"parent":0,"menu_order":0,"comment_status":"closed","ping_status":"closed","template":"","meta":{"footnotes":""},"class_list":{"0":"post-5031","1":"page","2":"type-page","3":"status-publish","5":"entry","6":"has-post-thumbnail"},"yoast_head":"<!-- This site is optimized with the Yoast SEO plugin v27.0 - https:\/\/yoast.com\/product\/yoast-seo-wordpress\/ -->\n<title>An\u00e1lisis de superficie - Scientec Ib\u00e9rica<\/title>\n<meta name=\"robots\" content=\"index, follow, max-snippet:-1, max-image-preview:large, max-video-preview:-1\" \/>\n<link rel=\"canonical\" href=\"https:\/\/www.scientec.es\/es\/analisis-de-superficie\/\" \/>\n<meta property=\"og:locale\" content=\"es_ES\" \/>\n<meta property=\"og:type\" content=\"article\" \/>\n<meta property=\"og:title\" content=\"An\u00e1lisis de superficie - Scientec Ib\u00e9rica\" \/>\n<meta property=\"og:description\" content=\"Instrumentos de an\u00e1lisis de superficie ScienTec Ib\u00e9rica ofrece equipos de an\u00e1lisis de superficie para visualizar y medir diversas propiedades. Con resoluci\u00f3n nanom\u00e9trica. Se relacionan con la condici\u00f3n de la superficie, propiedades mec\u00e1nicas, qu\u00edmicas, el\u00e9ctricas, \u00f3pticas, de tensi\u00f3n, espesor o incluso rugosidad en diferentes entornos; condiciones de ultralto vac\u00edo, ambiente o atm\u00f3sfera controlada&#8230; Los an\u00e1lisis cubren [&hellip;]\" \/>\n<meta property=\"og:url\" content=\"https:\/\/www.scientec.es\/es\/analisis-de-superficie\/\" \/>\n<meta property=\"og:site_name\" content=\"Scientec Ib\u00e9rica\" \/>\n<meta property=\"article:modified_time\" content=\"2020-07-27T08:20:21+00:00\" \/>\n<meta property=\"og:image\" content=\"http:\/\/www.scientec.es\/wp-content\/uploads\/2019\/07\/filtre2.png\" \/>\n<meta name=\"twitter:card\" content=\"summary_large_image\" \/>\n<meta name=\"twitter:label1\" content=\"Tiempo de lectura\" \/>\n\t<meta name=\"twitter:data1\" content=\"2 minutos\" \/>\n<script type=\"application\/ld+json\" class=\"yoast-schema-graph\">{\"@context\":\"https:\/\/schema.org\",\"@graph\":[{\"@type\":\"WebPage\",\"@id\":\"https:\/\/www.scientec.es\/es\/analisis-de-superficie\/\",\"url\":\"https:\/\/www.scientec.es\/es\/analisis-de-superficie\/\",\"name\":\"An\u00e1lisis de superficie - Scientec Ib\u00e9rica\",\"isPartOf\":{\"@id\":\"https:\/\/www.scientec.es\/es\/#website\"},\"primaryImageOfPage\":{\"@id\":\"https:\/\/www.scientec.es\/es\/analisis-de-superficie\/#primaryimage\"},\"image\":{\"@id\":\"https:\/\/www.scientec.es\/es\/analisis-de-superficie\/#primaryimage\"},\"thumbnailUrl\":\"http:\/\/www.scientec.es\/wp-content\/uploads\/2019\/07\/filtre2.png\",\"datePublished\":\"2020-07-22T08:10:34+00:00\",\"dateModified\":\"2020-07-27T08:20:21+00:00\",\"breadcrumb\":{\"@id\":\"https:\/\/www.scientec.es\/es\/analisis-de-superficie\/#breadcrumb\"},\"inLanguage\":\"es\",\"potentialAction\":[{\"@type\":\"ReadAction\",\"target\":[\"https:\/\/www.scientec.es\/es\/analisis-de-superficie\/\"]}]},{\"@type\":\"ImageObject\",\"inLanguage\":\"es\",\"@id\":\"https:\/\/www.scientec.es\/es\/analisis-de-superficie\/#primaryimage\",\"url\":\"http:\/\/www.scientec.es\/wp-content\/uploads\/2019\/07\/filtre2.png\",\"contentUrl\":\"http:\/\/www.scientec.es\/wp-content\/uploads\/2019\/07\/filtre2.png\"},{\"@type\":\"BreadcrumbList\",\"@id\":\"https:\/\/www.scientec.es\/es\/analisis-de-superficie\/#breadcrumb\",\"itemListElement\":[{\"@type\":\"ListItem\",\"position\":1,\"name\":\"Accueil\",\"item\":\"https:\/\/www.scientec.es\/es\/\"},{\"@type\":\"ListItem\",\"position\":2,\"name\":\"An\u00e1lisis de superficie\"}]},{\"@type\":\"WebSite\",\"@id\":\"https:\/\/www.scientec.es\/es\/#website\",\"url\":\"https:\/\/www.scientec.es\/es\/\",\"name\":\"Scientec Ib\u00e9rica\",\"description\":\"La soluci\u00f3n a su medida \",\"publisher\":{\"@id\":\"https:\/\/www.scientec.es\/es\/#organization\"},\"potentialAction\":[{\"@type\":\"SearchAction\",\"target\":{\"@type\":\"EntryPoint\",\"urlTemplate\":\"https:\/\/www.scientec.es\/es\/?s={search_term_string}\"},\"query-input\":{\"@type\":\"PropertyValueSpecification\",\"valueRequired\":true,\"valueName\":\"search_term_string\"}}],\"inLanguage\":\"es\"},{\"@type\":\"Organization\",\"@id\":\"https:\/\/www.scientec.es\/es\/#organization\",\"name\":\"Scientec\",\"url\":\"https:\/\/www.scientec.es\/es\/\",\"logo\":{\"@type\":\"ImageObject\",\"inLanguage\":\"es\",\"@id\":\"https:\/\/www.scientec.es\/es\/#\/schema\/logo\/image\/\",\"url\":\"https:\/\/www.scientec.es\/wp-content\/uploads\/2018\/01\/scientec-slogan.png\",\"contentUrl\":\"https:\/\/www.scientec.es\/wp-content\/uploads\/2018\/01\/scientec-slogan.png\",\"width\":6947,\"height\":1545,\"caption\":\"Scientec\"},\"image\":{\"@id\":\"https:\/\/www.scientec.es\/es\/#\/schema\/logo\/image\/\"}}]}<\/script>\n<!-- \/ Yoast SEO plugin. -->","yoast_head_json":{"title":"An\u00e1lisis de superficie - Scientec Ib\u00e9rica","robots":{"index":"index","follow":"follow","max-snippet":"max-snippet:-1","max-image-preview":"max-image-preview:large","max-video-preview":"max-video-preview:-1"},"canonical":"https:\/\/www.scientec.es\/es\/analisis-de-superficie\/","og_locale":"es_ES","og_type":"article","og_title":"An\u00e1lisis de superficie - Scientec Ib\u00e9rica","og_description":"Instrumentos de an\u00e1lisis de superficie ScienTec Ib\u00e9rica ofrece equipos de an\u00e1lisis de superficie para visualizar y medir diversas propiedades. Con resoluci\u00f3n nanom\u00e9trica. Se relacionan con la condici\u00f3n de la superficie, propiedades mec\u00e1nicas, qu\u00edmicas, el\u00e9ctricas, \u00f3pticas, de tensi\u00f3n, espesor o incluso rugosidad en diferentes entornos; condiciones de ultralto vac\u00edo, ambiente o atm\u00f3sfera controlada&#8230; Los an\u00e1lisis cubren [&hellip;]","og_url":"https:\/\/www.scientec.es\/es\/analisis-de-superficie\/","og_site_name":"Scientec Ib\u00e9rica","article_modified_time":"2020-07-27T08:20:21+00:00","og_image":[{"url":"http:\/\/www.scientec.es\/wp-content\/uploads\/2019\/07\/filtre2.png","type":"","width":"","height":""}],"twitter_card":"summary_large_image","twitter_misc":{"Tiempo de lectura":"2 minutos"},"schema":{"@context":"https:\/\/schema.org","@graph":[{"@type":"WebPage","@id":"https:\/\/www.scientec.es\/es\/analisis-de-superficie\/","url":"https:\/\/www.scientec.es\/es\/analisis-de-superficie\/","name":"An\u00e1lisis de superficie - Scientec Ib\u00e9rica","isPartOf":{"@id":"https:\/\/www.scientec.es\/es\/#website"},"primaryImageOfPage":{"@id":"https:\/\/www.scientec.es\/es\/analisis-de-superficie\/#primaryimage"},"image":{"@id":"https:\/\/www.scientec.es\/es\/analisis-de-superficie\/#primaryimage"},"thumbnailUrl":"http:\/\/www.scientec.es\/wp-content\/uploads\/2019\/07\/filtre2.png","datePublished":"2020-07-22T08:10:34+00:00","dateModified":"2020-07-27T08:20:21+00:00","breadcrumb":{"@id":"https:\/\/www.scientec.es\/es\/analisis-de-superficie\/#breadcrumb"},"inLanguage":"es","potentialAction":[{"@type":"ReadAction","target":["https:\/\/www.scientec.es\/es\/analisis-de-superficie\/"]}]},{"@type":"ImageObject","inLanguage":"es","@id":"https:\/\/www.scientec.es\/es\/analisis-de-superficie\/#primaryimage","url":"http:\/\/www.scientec.es\/wp-content\/uploads\/2019\/07\/filtre2.png","contentUrl":"http:\/\/www.scientec.es\/wp-content\/uploads\/2019\/07\/filtre2.png"},{"@type":"BreadcrumbList","@id":"https:\/\/www.scientec.es\/es\/analisis-de-superficie\/#breadcrumb","itemListElement":[{"@type":"ListItem","position":1,"name":"Accueil","item":"https:\/\/www.scientec.es\/es\/"},{"@type":"ListItem","position":2,"name":"An\u00e1lisis de superficie"}]},{"@type":"WebSite","@id":"https:\/\/www.scientec.es\/es\/#website","url":"https:\/\/www.scientec.es\/es\/","name":"Scientec Ib\u00e9rica","description":"La soluci\u00f3n a su medida ","publisher":{"@id":"https:\/\/www.scientec.es\/es\/#organization"},"potentialAction":[{"@type":"SearchAction","target":{"@type":"EntryPoint","urlTemplate":"https:\/\/www.scientec.es\/es\/?s={search_term_string}"},"query-input":{"@type":"PropertyValueSpecification","valueRequired":true,"valueName":"search_term_string"}}],"inLanguage":"es"},{"@type":"Organization","@id":"https:\/\/www.scientec.es\/es\/#organization","name":"Scientec","url":"https:\/\/www.scientec.es\/es\/","logo":{"@type":"ImageObject","inLanguage":"es","@id":"https:\/\/www.scientec.es\/es\/#\/schema\/logo\/image\/","url":"https:\/\/www.scientec.es\/wp-content\/uploads\/2018\/01\/scientec-slogan.png","contentUrl":"https:\/\/www.scientec.es\/wp-content\/uploads\/2018\/01\/scientec-slogan.png","width":6947,"height":1545,"caption":"Scientec"},"image":{"@id":"https:\/\/www.scientec.es\/es\/#\/schema\/logo\/image\/"}}]}},"_links":{"self":[{"href":"https:\/\/www.scientec.es\/es\/wp-json\/wp\/v2\/pages\/5031","targetHints":{"allow":["GET"]}}],"collection":[{"href":"https:\/\/www.scientec.es\/es\/wp-json\/wp\/v2\/pages"}],"about":[{"href":"https:\/\/www.scientec.es\/es\/wp-json\/wp\/v2\/types\/page"}],"author":[{"embeddable":true,"href":"https:\/\/www.scientec.es\/es\/wp-json\/wp\/v2\/users\/4"}],"replies":[{"embeddable":true,"href":"https:\/\/www.scientec.es\/es\/wp-json\/wp\/v2\/comments?post=5031"}],"version-history":[{"count":3,"href":"https:\/\/www.scientec.es\/es\/wp-json\/wp\/v2\/pages\/5031\/revisions"}],"predecessor-version":[{"id":5487,"href":"https:\/\/www.scientec.es\/es\/wp-json\/wp\/v2\/pages\/5031\/revisions\/5487"}],"wp:attachment":[{"href":"https:\/\/www.scientec.es\/es\/wp-json\/wp\/v2\/media?parent=5031"}],"curies":[{"name":"wp","href":"https:\/\/api.w.org\/{rel}","templated":true}]}}