{"id":5037,"date":"2020-07-22T10:30:12","date_gmt":"2020-07-22T08:30:12","guid":{"rendered":"https:\/\/www.scientec.es\/services\/"},"modified":"2020-07-22T10:33:22","modified_gmt":"2020-07-22T08:33:22","slug":"services","status":"publish","type":"page","link":"https:\/\/www.scientec.es\/es\/services\/","title":{"rendered":"Nuestros servicios"},"content":{"rendered":"\n\t<h1><strong>Nuestros servicios<\/strong><br \/>\n<\/h1>\n\t<h2><strong>Alquiler<\/strong><\/h2>\n\t<p>La empresa Scientec Ib\u00e9rica puede poner a su disposici\u00f3n algunos equipos de su gama : microscopios AFM, profil\u00f3metros mec\u00e1nicos (serie P), microscopios interferom\u00e9tricos (MicroXAM)&#8230;<\/p>\n<p>Cualquier solicitud de usted ser\u00e1 considerada. No dude en llamarnos o hacer una solicitud expl\u00edcita por correo electr\u00f3nico. Para cualquier informaci\u00f3n relacionada con el alquiler, no dude en solicitarnos detalles en esta direcci\u00f3n electr\u00f3nica: <a href=\"mailto:info@scientec.es\">info@scientec.es\u00a0<\/a><\/p>\n\t\t\t\t<img decoding=\"async\" src=\"https:\/\/www.scientec.es\/wp-content\/uploads\/2020\/02\/showroommadrid2.jpg\" alt=\"showroommadrid2\" itemprop=\"image\" height=\"1399\" width=\"2048\" title=\"showroommadrid2\" onerror=\"this.style.display='none'\"  \/>\n\t\t\t\t<img decoding=\"async\" src=\"http:\/\/www.scientec.fr\/wp-content\/uploads\/2019\/07\/salle-noir-scientec-463x400.png\" alt=\"Salle-noir-scientec\" itemprop=\"image\" title=\"Salle-noir-scientec\" onerror=\"this.style.display='none'\"  \/>\n\t<h2><strong>Calibraci\u00f3n y estandarizaci\u00f3n<\/strong><\/h2>\n\t<p>La empresa ScienTec Ib\u00e9rica tiene todo el equipo necesario para calibrar el equipo que comercializa o alquila.<\/p>\n<p>Un laboratorio equipado con bancos de pruebas y est\u00e1ndares permite las calibraciones de esc\u00e1neres AFM, perfil\u00f3metros mec\u00e1nicos, perfil\u00f3metros \u00f3pticos &#8230;<\/p>\n<p>No dude en contactarnos para m\u00e1s informaci\u00f3n en esta direcci\u00f3n: <a href=\"mailto:info@scientec.es\">info@scientec.es<\/a><\/p>\n\t<h2><strong>Medici\u00f3n y demostraci\u00f3n<\/strong><br \/>\n<\/h2>\n\t\u00bfDudas antes de comprar un producto? \u00bfNo tienes el presupuesto? Env\u00edenos sus muestras o solicite una demostraci\u00f3n.<br \/>\nNo dude en contactarnos para m\u00e1s informaci\u00f3n en esta direcci\u00f3n: <a href=\"mailto:info@scientec.es\">info@scientec.es<\/a>\n\t\t\t\t<img decoding=\"async\" src=\"http:\/\/www.scientec.fr\/wp-content\/uploads\/2019\/07\/presta.jpg\" alt=\"Presta\" itemprop=\"image\" title=\"Presta\" onerror=\"this.style.display='none'\"  \/>\n","protected":false},"excerpt":{"rendered":"<p>Nuestros servicios Alquiler La empresa Scientec Ib\u00e9rica puede poner a su disposici\u00f3n algunos equipos de su gama : microscopios AFM, profil\u00f3metros mec\u00e1nicos (serie P), microscopios interferom\u00e9tricos (MicroXAM)&#8230; Cualquier solicitud de usted ser\u00e1 considerada. No dude en llamarnos o hacer una solicitud expl\u00edcita por correo electr\u00f3nico. Para cualquier informaci\u00f3n relacionada con el alquiler, no dude en [&hellip;]<\/p>\n","protected":false},"author":4,"featured_media":0,"parent":0,"menu_order":0,"comment_status":"closed","ping_status":"closed","template":"","meta":{"footnotes":""},"class_list":{"0":"post-5037","1":"page","2":"type-page","3":"status-publish","5":"entry","6":"has-post-thumbnail"},"yoast_head":"<!-- This site is optimized with the Yoast SEO plugin v27.0 - https:\/\/yoast.com\/product\/yoast-seo-wordpress\/ -->\n<title>Nuestros servicios - Scientec Ib\u00e9rica<\/title>\n<meta name=\"robots\" content=\"index, follow, max-snippet:-1, max-image-preview:large, max-video-preview:-1\" \/>\n<link rel=\"canonical\" href=\"https:\/\/www.scientec.es\/es\/services\/\" \/>\n<meta property=\"og:locale\" content=\"es_ES\" \/>\n<meta property=\"og:type\" content=\"article\" \/>\n<meta property=\"og:title\" content=\"Nuestros servicios - Scientec Ib\u00e9rica\" \/>\n<meta property=\"og:description\" content=\"Nuestros servicios Alquiler La empresa Scientec Ib\u00e9rica puede poner a su disposici\u00f3n algunos equipos de su gama : microscopios AFM, profil\u00f3metros mec\u00e1nicos (serie P), microscopios interferom\u00e9tricos (MicroXAM)&#8230; Cualquier solicitud de usted ser\u00e1 considerada. No dude en llamarnos o hacer una solicitud expl\u00edcita por correo electr\u00f3nico. Para cualquier informaci\u00f3n relacionada con el alquiler, no dude en [&hellip;]\" \/>\n<meta property=\"og:url\" content=\"https:\/\/www.scientec.es\/es\/services\/\" \/>\n<meta property=\"og:site_name\" content=\"Scientec Ib\u00e9rica\" \/>\n<meta property=\"article:modified_time\" content=\"2020-07-22T08:33:22+00:00\" \/>\n<meta property=\"og:image\" content=\"https:\/\/www.scientec.es\/wp-content\/uploads\/2020\/02\/showroommadrid2.jpg\" \/>\n<meta name=\"twitter:card\" content=\"summary_large_image\" \/>\n<meta name=\"twitter:label1\" content=\"Tiempo de lectura\" \/>\n\t<meta name=\"twitter:data1\" content=\"1 minuto\" \/>\n<script type=\"application\/ld+json\" class=\"yoast-schema-graph\">{\"@context\":\"https:\/\/schema.org\",\"@graph\":[{\"@type\":\"WebPage\",\"@id\":\"https:\/\/www.scientec.es\/es\/services\/\",\"url\":\"https:\/\/www.scientec.es\/es\/services\/\",\"name\":\"Nuestros servicios - Scientec Ib\u00e9rica\",\"isPartOf\":{\"@id\":\"https:\/\/www.scientec.es\/es\/#website\"},\"primaryImageOfPage\":{\"@id\":\"https:\/\/www.scientec.es\/es\/services\/#primaryimage\"},\"image\":{\"@id\":\"https:\/\/www.scientec.es\/es\/services\/#primaryimage\"},\"thumbnailUrl\":\"https:\/\/www.scientec.es\/wp-content\/uploads\/2020\/02\/showroommadrid2.jpg\",\"datePublished\":\"2020-07-22T08:30:12+00:00\",\"dateModified\":\"2020-07-22T08:33:22+00:00\",\"breadcrumb\":{\"@id\":\"https:\/\/www.scientec.es\/es\/services\/#breadcrumb\"},\"inLanguage\":\"es\",\"potentialAction\":[{\"@type\":\"ReadAction\",\"target\":[\"https:\/\/www.scientec.es\/es\/services\/\"]}]},{\"@type\":\"ImageObject\",\"inLanguage\":\"es\",\"@id\":\"https:\/\/www.scientec.es\/es\/services\/#primaryimage\",\"url\":\"https:\/\/www.scientec.es\/wp-content\/uploads\/2020\/02\/showroommadrid2.jpg\",\"contentUrl\":\"https:\/\/www.scientec.es\/wp-content\/uploads\/2020\/02\/showroommadrid2.jpg\"},{\"@type\":\"BreadcrumbList\",\"@id\":\"https:\/\/www.scientec.es\/es\/services\/#breadcrumb\",\"itemListElement\":[{\"@type\":\"ListItem\",\"position\":1,\"name\":\"Accueil\",\"item\":\"https:\/\/www.scientec.es\/es\/\"},{\"@type\":\"ListItem\",\"position\":2,\"name\":\"Nuestros servicios\"}]},{\"@type\":\"WebSite\",\"@id\":\"https:\/\/www.scientec.es\/es\/#website\",\"url\":\"https:\/\/www.scientec.es\/es\/\",\"name\":\"Scientec Ib\u00e9rica\",\"description\":\"La soluci\u00f3n a su medida \",\"publisher\":{\"@id\":\"https:\/\/www.scientec.es\/es\/#organization\"},\"potentialAction\":[{\"@type\":\"SearchAction\",\"target\":{\"@type\":\"EntryPoint\",\"urlTemplate\":\"https:\/\/www.scientec.es\/es\/?s={search_term_string}\"},\"query-input\":{\"@type\":\"PropertyValueSpecification\",\"valueRequired\":true,\"valueName\":\"search_term_string\"}}],\"inLanguage\":\"es\"},{\"@type\":\"Organization\",\"@id\":\"https:\/\/www.scientec.es\/es\/#organization\",\"name\":\"Scientec\",\"url\":\"https:\/\/www.scientec.es\/es\/\",\"logo\":{\"@type\":\"ImageObject\",\"inLanguage\":\"es\",\"@id\":\"https:\/\/www.scientec.es\/es\/#\/schema\/logo\/image\/\",\"url\":\"https:\/\/www.scientec.es\/wp-content\/uploads\/2018\/01\/scientec-slogan.png\",\"contentUrl\":\"https:\/\/www.scientec.es\/wp-content\/uploads\/2018\/01\/scientec-slogan.png\",\"width\":6947,\"height\":1545,\"caption\":\"Scientec\"},\"image\":{\"@id\":\"https:\/\/www.scientec.es\/es\/#\/schema\/logo\/image\/\"}}]}<\/script>\n<!-- \/ Yoast SEO plugin. -->","yoast_head_json":{"title":"Nuestros servicios - Scientec Ib\u00e9rica","robots":{"index":"index","follow":"follow","max-snippet":"max-snippet:-1","max-image-preview":"max-image-preview:large","max-video-preview":"max-video-preview:-1"},"canonical":"https:\/\/www.scientec.es\/es\/services\/","og_locale":"es_ES","og_type":"article","og_title":"Nuestros servicios - Scientec Ib\u00e9rica","og_description":"Nuestros servicios Alquiler La empresa Scientec Ib\u00e9rica puede poner a su disposici\u00f3n algunos equipos de su gama : microscopios AFM, profil\u00f3metros mec\u00e1nicos (serie P), microscopios interferom\u00e9tricos (MicroXAM)&#8230; Cualquier solicitud de usted ser\u00e1 considerada. No dude en llamarnos o hacer una solicitud expl\u00edcita por correo electr\u00f3nico. Para cualquier informaci\u00f3n relacionada con el alquiler, no dude en [&hellip;]","og_url":"https:\/\/www.scientec.es\/es\/services\/","og_site_name":"Scientec Ib\u00e9rica","article_modified_time":"2020-07-22T08:33:22+00:00","og_image":[{"url":"https:\/\/www.scientec.es\/wp-content\/uploads\/2020\/02\/showroommadrid2.jpg","type":"","width":"","height":""}],"twitter_card":"summary_large_image","twitter_misc":{"Tiempo de lectura":"1 minuto"},"schema":{"@context":"https:\/\/schema.org","@graph":[{"@type":"WebPage","@id":"https:\/\/www.scientec.es\/es\/services\/","url":"https:\/\/www.scientec.es\/es\/services\/","name":"Nuestros servicios - Scientec Ib\u00e9rica","isPartOf":{"@id":"https:\/\/www.scientec.es\/es\/#website"},"primaryImageOfPage":{"@id":"https:\/\/www.scientec.es\/es\/services\/#primaryimage"},"image":{"@id":"https:\/\/www.scientec.es\/es\/services\/#primaryimage"},"thumbnailUrl":"https:\/\/www.scientec.es\/wp-content\/uploads\/2020\/02\/showroommadrid2.jpg","datePublished":"2020-07-22T08:30:12+00:00","dateModified":"2020-07-22T08:33:22+00:00","breadcrumb":{"@id":"https:\/\/www.scientec.es\/es\/services\/#breadcrumb"},"inLanguage":"es","potentialAction":[{"@type":"ReadAction","target":["https:\/\/www.scientec.es\/es\/services\/"]}]},{"@type":"ImageObject","inLanguage":"es","@id":"https:\/\/www.scientec.es\/es\/services\/#primaryimage","url":"https:\/\/www.scientec.es\/wp-content\/uploads\/2020\/02\/showroommadrid2.jpg","contentUrl":"https:\/\/www.scientec.es\/wp-content\/uploads\/2020\/02\/showroommadrid2.jpg"},{"@type":"BreadcrumbList","@id":"https:\/\/www.scientec.es\/es\/services\/#breadcrumb","itemListElement":[{"@type":"ListItem","position":1,"name":"Accueil","item":"https:\/\/www.scientec.es\/es\/"},{"@type":"ListItem","position":2,"name":"Nuestros servicios"}]},{"@type":"WebSite","@id":"https:\/\/www.scientec.es\/es\/#website","url":"https:\/\/www.scientec.es\/es\/","name":"Scientec Ib\u00e9rica","description":"La soluci\u00f3n a su medida ","publisher":{"@id":"https:\/\/www.scientec.es\/es\/#organization"},"potentialAction":[{"@type":"SearchAction","target":{"@type":"EntryPoint","urlTemplate":"https:\/\/www.scientec.es\/es\/?s={search_term_string}"},"query-input":{"@type":"PropertyValueSpecification","valueRequired":true,"valueName":"search_term_string"}}],"inLanguage":"es"},{"@type":"Organization","@id":"https:\/\/www.scientec.es\/es\/#organization","name":"Scientec","url":"https:\/\/www.scientec.es\/es\/","logo":{"@type":"ImageObject","inLanguage":"es","@id":"https:\/\/www.scientec.es\/es\/#\/schema\/logo\/image\/","url":"https:\/\/www.scientec.es\/wp-content\/uploads\/2018\/01\/scientec-slogan.png","contentUrl":"https:\/\/www.scientec.es\/wp-content\/uploads\/2018\/01\/scientec-slogan.png","width":6947,"height":1545,"caption":"Scientec"},"image":{"@id":"https:\/\/www.scientec.es\/es\/#\/schema\/logo\/image\/"}}]}},"_links":{"self":[{"href":"https:\/\/www.scientec.es\/es\/wp-json\/wp\/v2\/pages\/5037","targetHints":{"allow":["GET"]}}],"collection":[{"href":"https:\/\/www.scientec.es\/es\/wp-json\/wp\/v2\/pages"}],"about":[{"href":"https:\/\/www.scientec.es\/es\/wp-json\/wp\/v2\/types\/page"}],"author":[{"embeddable":true,"href":"https:\/\/www.scientec.es\/es\/wp-json\/wp\/v2\/users\/4"}],"replies":[{"embeddable":true,"href":"https:\/\/www.scientec.es\/es\/wp-json\/wp\/v2\/comments?post=5037"}],"version-history":[{"count":2,"href":"https:\/\/www.scientec.es\/es\/wp-json\/wp\/v2\/pages\/5037\/revisions"}],"predecessor-version":[{"id":5039,"href":"https:\/\/www.scientec.es\/es\/wp-json\/wp\/v2\/pages\/5037\/revisions\/5039"}],"wp:attachment":[{"href":"https:\/\/www.scientec.es\/es\/wp-json\/wp\/v2\/media?parent=5037"}],"curies":[{"name":"wp","href":"https:\/\/api.w.org\/{rel}","templated":true}]}}