{"id":5044,"date":"2020-07-22T10:34:05","date_gmt":"2020-07-22T08:34:05","guid":{"rendered":"https:\/\/www.scientec.es\/formacion\/"},"modified":"2020-07-22T10:35:16","modified_gmt":"2020-07-22T08:35:16","slug":"formacion","status":"publish","type":"page","link":"https:\/\/www.scientec.es\/es\/formacion\/","title":{"rendered":"Formaci\u00f3n"},"content":{"rendered":"\n\t<h1>Our ScienTec training<\/h1>\n\t<h2>Formaci\u00f3n<br \/>\ndespu\u00e9s de una compra<\/h2>\n\t<p>ScienTec Ib\u00e9rica ofrece formaciones durante la entrega de su equipo. Esta Formaci\u00f3n es asegurado por un ingeniero especializado para familiarizarle con su nuevo sistema.<\/p>\n<p>Esto le permitir\u00e1 optimizar su nuevo equipo, mejorando as\u00ed su rendimiento.<\/p>\n<p>Para cualquier Formaci\u00f3n fuera de este contexto (capacitaci\u00f3n luego de una compra), por favor d\u00e9jenos un correo electr\u00f3nico a la direcci\u00f3n a continuaci\u00f3n.<\/p>\n<p>No dude en contactarnos para obtener m\u00e1s informaci\u00f3n en esta direcci\u00f3n:<\/p>\n<p><a href=\"mailto:info@scientec.es\">info@scientec.es<\/a><\/p>\n\t\t\t\t<img decoding=\"async\" src=\"http:\/\/www.scientec.fr\/wp-content\/uploads\/2019\/07\/microscope-meb-1.png\" alt=\"Microscope meb 1\" itemprop=\"image\" title=\"Microscope meb 1\" onerror=\"this.style.display='none'\"  \/>\n","protected":false},"excerpt":{"rendered":"<p>Our ScienTec training Formaci\u00f3n despu\u00e9s de una compra ScienTec Ib\u00e9rica ofrece formaciones durante la entrega de su equipo. Esta Formaci\u00f3n es asegurado por un ingeniero especializado para familiarizarle con su nuevo sistema. Esto le permitir\u00e1 optimizar su nuevo equipo, mejorando as\u00ed su rendimiento. Para cualquier Formaci\u00f3n fuera de este contexto (capacitaci\u00f3n luego de una compra), [&hellip;]<\/p>\n","protected":false},"author":4,"featured_media":0,"parent":0,"menu_order":0,"comment_status":"closed","ping_status":"closed","template":"","meta":{"footnotes":""},"class_list":{"0":"post-5044","1":"page","2":"type-page","3":"status-publish","5":"entry","6":"has-post-thumbnail"},"yoast_head":"<!-- This site is optimized with the Yoast SEO plugin v27.0 - https:\/\/yoast.com\/product\/yoast-seo-wordpress\/ -->\n<title>Formaci\u00f3n - Scientec Ib\u00e9rica<\/title>\n<meta name=\"robots\" content=\"index, follow, max-snippet:-1, max-image-preview:large, max-video-preview:-1\" \/>\n<link rel=\"canonical\" href=\"https:\/\/www.scientec.es\/es\/formacion\/\" \/>\n<meta property=\"og:locale\" content=\"es_ES\" \/>\n<meta property=\"og:type\" content=\"article\" \/>\n<meta property=\"og:title\" content=\"Formaci\u00f3n - Scientec Ib\u00e9rica\" \/>\n<meta property=\"og:description\" content=\"Our ScienTec training Formaci\u00f3n despu\u00e9s de una compra ScienTec Ib\u00e9rica ofrece formaciones durante la entrega de su equipo. Esta Formaci\u00f3n es asegurado por un ingeniero especializado para familiarizarle con su nuevo sistema. Esto le permitir\u00e1 optimizar su nuevo equipo, mejorando as\u00ed su rendimiento. Para cualquier Formaci\u00f3n fuera de este contexto (capacitaci\u00f3n luego de una compra), [&hellip;]\" \/>\n<meta property=\"og:url\" content=\"https:\/\/www.scientec.es\/es\/formacion\/\" \/>\n<meta property=\"og:site_name\" content=\"Scientec Ib\u00e9rica\" \/>\n<meta property=\"article:modified_time\" content=\"2020-07-22T08:35:16+00:00\" \/>\n<meta property=\"og:image\" content=\"http:\/\/www.scientec.fr\/wp-content\/uploads\/2019\/07\/microscope-meb-1.png\" \/>\n<meta name=\"twitter:card\" content=\"summary_large_image\" \/>\n<script type=\"application\/ld+json\" class=\"yoast-schema-graph\">{\"@context\":\"https:\/\/schema.org\",\"@graph\":[{\"@type\":\"WebPage\",\"@id\":\"https:\/\/www.scientec.es\/es\/formacion\/\",\"url\":\"https:\/\/www.scientec.es\/es\/formacion\/\",\"name\":\"Formaci\u00f3n - Scientec Ib\u00e9rica\",\"isPartOf\":{\"@id\":\"https:\/\/www.scientec.es\/es\/#website\"},\"primaryImageOfPage\":{\"@id\":\"https:\/\/www.scientec.es\/es\/formacion\/#primaryimage\"},\"image\":{\"@id\":\"https:\/\/www.scientec.es\/es\/formacion\/#primaryimage\"},\"thumbnailUrl\":\"http:\/\/www.scientec.fr\/wp-content\/uploads\/2019\/07\/microscope-meb-1.png\",\"datePublished\":\"2020-07-22T08:34:05+00:00\",\"dateModified\":\"2020-07-22T08:35:16+00:00\",\"breadcrumb\":{\"@id\":\"https:\/\/www.scientec.es\/es\/formacion\/#breadcrumb\"},\"inLanguage\":\"es\",\"potentialAction\":[{\"@type\":\"ReadAction\",\"target\":[\"https:\/\/www.scientec.es\/es\/formacion\/\"]}]},{\"@type\":\"ImageObject\",\"inLanguage\":\"es\",\"@id\":\"https:\/\/www.scientec.es\/es\/formacion\/#primaryimage\",\"url\":\"http:\/\/www.scientec.fr\/wp-content\/uploads\/2019\/07\/microscope-meb-1.png\",\"contentUrl\":\"http:\/\/www.scientec.fr\/wp-content\/uploads\/2019\/07\/microscope-meb-1.png\"},{\"@type\":\"BreadcrumbList\",\"@id\":\"https:\/\/www.scientec.es\/es\/formacion\/#breadcrumb\",\"itemListElement\":[{\"@type\":\"ListItem\",\"position\":1,\"name\":\"Accueil\",\"item\":\"https:\/\/www.scientec.es\/es\/\"},{\"@type\":\"ListItem\",\"position\":2,\"name\":\"Formaci\u00f3n\"}]},{\"@type\":\"WebSite\",\"@id\":\"https:\/\/www.scientec.es\/es\/#website\",\"url\":\"https:\/\/www.scientec.es\/es\/\",\"name\":\"Scientec Ib\u00e9rica\",\"description\":\"La soluci\u00f3n a su medida \",\"publisher\":{\"@id\":\"https:\/\/www.scientec.es\/es\/#organization\"},\"potentialAction\":[{\"@type\":\"SearchAction\",\"target\":{\"@type\":\"EntryPoint\",\"urlTemplate\":\"https:\/\/www.scientec.es\/es\/?s={search_term_string}\"},\"query-input\":{\"@type\":\"PropertyValueSpecification\",\"valueRequired\":true,\"valueName\":\"search_term_string\"}}],\"inLanguage\":\"es\"},{\"@type\":\"Organization\",\"@id\":\"https:\/\/www.scientec.es\/es\/#organization\",\"name\":\"Scientec\",\"url\":\"https:\/\/www.scientec.es\/es\/\",\"logo\":{\"@type\":\"ImageObject\",\"inLanguage\":\"es\",\"@id\":\"https:\/\/www.scientec.es\/es\/#\/schema\/logo\/image\/\",\"url\":\"https:\/\/www.scientec.es\/wp-content\/uploads\/2018\/01\/scientec-slogan.png\",\"contentUrl\":\"https:\/\/www.scientec.es\/wp-content\/uploads\/2018\/01\/scientec-slogan.png\",\"width\":6947,\"height\":1545,\"caption\":\"Scientec\"},\"image\":{\"@id\":\"https:\/\/www.scientec.es\/es\/#\/schema\/logo\/image\/\"}}]}<\/script>\n<!-- \/ Yoast SEO plugin. -->","yoast_head_json":{"title":"Formaci\u00f3n - Scientec Ib\u00e9rica","robots":{"index":"index","follow":"follow","max-snippet":"max-snippet:-1","max-image-preview":"max-image-preview:large","max-video-preview":"max-video-preview:-1"},"canonical":"https:\/\/www.scientec.es\/es\/formacion\/","og_locale":"es_ES","og_type":"article","og_title":"Formaci\u00f3n - Scientec Ib\u00e9rica","og_description":"Our ScienTec training Formaci\u00f3n despu\u00e9s de una compra ScienTec Ib\u00e9rica ofrece formaciones durante la entrega de su equipo. Esta Formaci\u00f3n es asegurado por un ingeniero especializado para familiarizarle con su nuevo sistema. Esto le permitir\u00e1 optimizar su nuevo equipo, mejorando as\u00ed su rendimiento. Para cualquier Formaci\u00f3n fuera de este contexto (capacitaci\u00f3n luego de una compra), [&hellip;]","og_url":"https:\/\/www.scientec.es\/es\/formacion\/","og_site_name":"Scientec Ib\u00e9rica","article_modified_time":"2020-07-22T08:35:16+00:00","og_image":[{"url":"http:\/\/www.scientec.fr\/wp-content\/uploads\/2019\/07\/microscope-meb-1.png","type":"","width":"","height":""}],"twitter_card":"summary_large_image","schema":{"@context":"https:\/\/schema.org","@graph":[{"@type":"WebPage","@id":"https:\/\/www.scientec.es\/es\/formacion\/","url":"https:\/\/www.scientec.es\/es\/formacion\/","name":"Formaci\u00f3n - Scientec Ib\u00e9rica","isPartOf":{"@id":"https:\/\/www.scientec.es\/es\/#website"},"primaryImageOfPage":{"@id":"https:\/\/www.scientec.es\/es\/formacion\/#primaryimage"},"image":{"@id":"https:\/\/www.scientec.es\/es\/formacion\/#primaryimage"},"thumbnailUrl":"http:\/\/www.scientec.fr\/wp-content\/uploads\/2019\/07\/microscope-meb-1.png","datePublished":"2020-07-22T08:34:05+00:00","dateModified":"2020-07-22T08:35:16+00:00","breadcrumb":{"@id":"https:\/\/www.scientec.es\/es\/formacion\/#breadcrumb"},"inLanguage":"es","potentialAction":[{"@type":"ReadAction","target":["https:\/\/www.scientec.es\/es\/formacion\/"]}]},{"@type":"ImageObject","inLanguage":"es","@id":"https:\/\/www.scientec.es\/es\/formacion\/#primaryimage","url":"http:\/\/www.scientec.fr\/wp-content\/uploads\/2019\/07\/microscope-meb-1.png","contentUrl":"http:\/\/www.scientec.fr\/wp-content\/uploads\/2019\/07\/microscope-meb-1.png"},{"@type":"BreadcrumbList","@id":"https:\/\/www.scientec.es\/es\/formacion\/#breadcrumb","itemListElement":[{"@type":"ListItem","position":1,"name":"Accueil","item":"https:\/\/www.scientec.es\/es\/"},{"@type":"ListItem","position":2,"name":"Formaci\u00f3n"}]},{"@type":"WebSite","@id":"https:\/\/www.scientec.es\/es\/#website","url":"https:\/\/www.scientec.es\/es\/","name":"Scientec Ib\u00e9rica","description":"La soluci\u00f3n a su medida ","publisher":{"@id":"https:\/\/www.scientec.es\/es\/#organization"},"potentialAction":[{"@type":"SearchAction","target":{"@type":"EntryPoint","urlTemplate":"https:\/\/www.scientec.es\/es\/?s={search_term_string}"},"query-input":{"@type":"PropertyValueSpecification","valueRequired":true,"valueName":"search_term_string"}}],"inLanguage":"es"},{"@type":"Organization","@id":"https:\/\/www.scientec.es\/es\/#organization","name":"Scientec","url":"https:\/\/www.scientec.es\/es\/","logo":{"@type":"ImageObject","inLanguage":"es","@id":"https:\/\/www.scientec.es\/es\/#\/schema\/logo\/image\/","url":"https:\/\/www.scientec.es\/wp-content\/uploads\/2018\/01\/scientec-slogan.png","contentUrl":"https:\/\/www.scientec.es\/wp-content\/uploads\/2018\/01\/scientec-slogan.png","width":6947,"height":1545,"caption":"Scientec"},"image":{"@id":"https:\/\/www.scientec.es\/es\/#\/schema\/logo\/image\/"}}]}},"_links":{"self":[{"href":"https:\/\/www.scientec.es\/es\/wp-json\/wp\/v2\/pages\/5044","targetHints":{"allow":["GET"]}}],"collection":[{"href":"https:\/\/www.scientec.es\/es\/wp-json\/wp\/v2\/pages"}],"about":[{"href":"https:\/\/www.scientec.es\/es\/wp-json\/wp\/v2\/types\/page"}],"author":[{"embeddable":true,"href":"https:\/\/www.scientec.es\/es\/wp-json\/wp\/v2\/users\/4"}],"replies":[{"embeddable":true,"href":"https:\/\/www.scientec.es\/es\/wp-json\/wp\/v2\/comments?post=5044"}],"version-history":[{"count":1,"href":"https:\/\/www.scientec.es\/es\/wp-json\/wp\/v2\/pages\/5044\/revisions"}],"predecessor-version":[{"id":5045,"href":"https:\/\/www.scientec.es\/es\/wp-json\/wp\/v2\/pages\/5044\/revisions\/5045"}],"wp:attachment":[{"href":"https:\/\/www.scientec.es\/es\/wp-json\/wp\/v2\/media?parent=5044"}],"curies":[{"name":"wp","href":"https:\/\/api.w.org\/{rel}","templated":true}]}}