{"id":5050,"date":"2020-07-22T10:36:45","date_gmt":"2020-07-22T08:36:45","guid":{"rendered":"https:\/\/www.scientec.es\/servicio-postventa\/"},"modified":"2020-07-22T10:40:26","modified_gmt":"2020-07-22T08:40:26","slug":"servicio-postventa","status":"publish","type":"page","link":"https:\/\/www.scientec.es\/es\/servicio-postventa\/","title":{"rendered":"Servicio postventa"},"content":{"rendered":"\n\t<h1>Servicio postventa<\/h1>\n\t<p>La empresa ScienTec est\u00e1 equipada con todos los materiales (bancos de pruebas \u00f3pticas, fuentes, stock, equipos inform\u00e1ticos de generaciones anteriores y nuevas &#8230;) y un equipo especializado (t\u00e9cnicos e ingenieros especializados) para ofrecerle un servicio posventa de calidad.<\/p>\n<p>Se ha dise\u00f1ado un laboratorio (adecuado para el servicio de mantenimiento y postventa de los equipos de los departamentos de AN\u00c1LISIS DE SUPERFICIE para satisfacer sus expectativas<\/p>\n<p>Varios contratos de mantenimiento est\u00e1n disponibles para garantizar las mejore prestaciones de sus equipos.<\/p>\n<p>No dude en contactarnos para m\u00e1s informaci\u00f3n en esta direcci\u00f3n: <a href=\"mailto:info@scientec.es\">info@scientec.es<\/a><\/p>\n\t<h3>Show Room<\/h3>\n\t\t\t\t<img decoding=\"async\" src=\"https:\/\/www.scientec.es\/wp-content\/uploads\/2020\/02\/showroommadrid2.jpg\" alt=\"showroommadrid2\" itemprop=\"image\" height=\"1399\" width=\"2048\" title=\"showroommadrid2\" onerror=\"this.style.display='none'\"  \/>\n\t<p>For repairs and <\/br>analyses<\/p>\n","protected":false},"excerpt":{"rendered":"<p>Servicio postventa La empresa ScienTec est\u00e1 equipada con todos los materiales (bancos de pruebas \u00f3pticas, fuentes, stock, equipos inform\u00e1ticos de generaciones anteriores y nuevas &#8230;) y un equipo especializado (t\u00e9cnicos e ingenieros especializados) para ofrecerle un servicio posventa de calidad. Se ha dise\u00f1ado un laboratorio (adecuado para el servicio de mantenimiento y postventa de los [&hellip;]<\/p>\n","protected":false},"author":4,"featured_media":0,"parent":0,"menu_order":0,"comment_status":"closed","ping_status":"closed","template":"","meta":{"footnotes":""},"class_list":{"0":"post-5050","1":"page","2":"type-page","3":"status-publish","5":"entry","6":"has-post-thumbnail"},"yoast_head":"<!-- This site is optimized with the Yoast SEO plugin v27.0 - https:\/\/yoast.com\/product\/yoast-seo-wordpress\/ -->\n<title>Servicio postventa - Scientec Ib\u00e9rica<\/title>\n<meta name=\"robots\" content=\"index, follow, max-snippet:-1, max-image-preview:large, max-video-preview:-1\" \/>\n<link rel=\"canonical\" href=\"https:\/\/www.scientec.es\/es\/servicio-postventa\/\" \/>\n<meta property=\"og:locale\" content=\"es_ES\" \/>\n<meta property=\"og:type\" content=\"article\" \/>\n<meta property=\"og:title\" content=\"Servicio postventa - Scientec Ib\u00e9rica\" \/>\n<meta property=\"og:description\" content=\"Servicio postventa La empresa ScienTec est\u00e1 equipada con todos los materiales (bancos de pruebas \u00f3pticas, fuentes, stock, equipos inform\u00e1ticos de generaciones anteriores y nuevas &#8230;) y un equipo especializado (t\u00e9cnicos e ingenieros especializados) para ofrecerle un servicio posventa de calidad. Se ha dise\u00f1ado un laboratorio (adecuado para el servicio de mantenimiento y postventa de los [&hellip;]\" \/>\n<meta property=\"og:url\" content=\"https:\/\/www.scientec.es\/es\/servicio-postventa\/\" \/>\n<meta property=\"og:site_name\" content=\"Scientec Ib\u00e9rica\" \/>\n<meta property=\"article:modified_time\" content=\"2020-07-22T08:40:26+00:00\" \/>\n<meta property=\"og:image\" content=\"https:\/\/www.scientec.es\/wp-content\/uploads\/2020\/02\/showroommadrid2.jpg\" \/>\n<meta name=\"twitter:card\" content=\"summary_large_image\" \/>\n<meta name=\"twitter:label1\" content=\"Tiempo de lectura\" \/>\n\t<meta name=\"twitter:data1\" content=\"1 minuto\" \/>\n<script type=\"application\/ld+json\" class=\"yoast-schema-graph\">{\"@context\":\"https:\/\/schema.org\",\"@graph\":[{\"@type\":\"WebPage\",\"@id\":\"https:\/\/www.scientec.es\/es\/servicio-postventa\/\",\"url\":\"https:\/\/www.scientec.es\/es\/servicio-postventa\/\",\"name\":\"Servicio postventa - Scientec Ib\u00e9rica\",\"isPartOf\":{\"@id\":\"https:\/\/www.scientec.es\/es\/#website\"},\"primaryImageOfPage\":{\"@id\":\"https:\/\/www.scientec.es\/es\/servicio-postventa\/#primaryimage\"},\"image\":{\"@id\":\"https:\/\/www.scientec.es\/es\/servicio-postventa\/#primaryimage\"},\"thumbnailUrl\":\"https:\/\/www.scientec.es\/wp-content\/uploads\/2020\/02\/showroommadrid2.jpg\",\"datePublished\":\"2020-07-22T08:36:45+00:00\",\"dateModified\":\"2020-07-22T08:40:26+00:00\",\"breadcrumb\":{\"@id\":\"https:\/\/www.scientec.es\/es\/servicio-postventa\/#breadcrumb\"},\"inLanguage\":\"es\",\"potentialAction\":[{\"@type\":\"ReadAction\",\"target\":[\"https:\/\/www.scientec.es\/es\/servicio-postventa\/\"]}]},{\"@type\":\"ImageObject\",\"inLanguage\":\"es\",\"@id\":\"https:\/\/www.scientec.es\/es\/servicio-postventa\/#primaryimage\",\"url\":\"https:\/\/www.scientec.es\/wp-content\/uploads\/2020\/02\/showroommadrid2.jpg\",\"contentUrl\":\"https:\/\/www.scientec.es\/wp-content\/uploads\/2020\/02\/showroommadrid2.jpg\"},{\"@type\":\"BreadcrumbList\",\"@id\":\"https:\/\/www.scientec.es\/es\/servicio-postventa\/#breadcrumb\",\"itemListElement\":[{\"@type\":\"ListItem\",\"position\":1,\"name\":\"Accueil\",\"item\":\"https:\/\/www.scientec.es\/es\/\"},{\"@type\":\"ListItem\",\"position\":2,\"name\":\"Servicio postventa\"}]},{\"@type\":\"WebSite\",\"@id\":\"https:\/\/www.scientec.es\/es\/#website\",\"url\":\"https:\/\/www.scientec.es\/es\/\",\"name\":\"Scientec Ib\u00e9rica\",\"description\":\"La soluci\u00f3n a su medida \",\"publisher\":{\"@id\":\"https:\/\/www.scientec.es\/es\/#organization\"},\"potentialAction\":[{\"@type\":\"SearchAction\",\"target\":{\"@type\":\"EntryPoint\",\"urlTemplate\":\"https:\/\/www.scientec.es\/es\/?s={search_term_string}\"},\"query-input\":{\"@type\":\"PropertyValueSpecification\",\"valueRequired\":true,\"valueName\":\"search_term_string\"}}],\"inLanguage\":\"es\"},{\"@type\":\"Organization\",\"@id\":\"https:\/\/www.scientec.es\/es\/#organization\",\"name\":\"Scientec\",\"url\":\"https:\/\/www.scientec.es\/es\/\",\"logo\":{\"@type\":\"ImageObject\",\"inLanguage\":\"es\",\"@id\":\"https:\/\/www.scientec.es\/es\/#\/schema\/logo\/image\/\",\"url\":\"https:\/\/www.scientec.es\/wp-content\/uploads\/2018\/01\/scientec-slogan.png\",\"contentUrl\":\"https:\/\/www.scientec.es\/wp-content\/uploads\/2018\/01\/scientec-slogan.png\",\"width\":6947,\"height\":1545,\"caption\":\"Scientec\"},\"image\":{\"@id\":\"https:\/\/www.scientec.es\/es\/#\/schema\/logo\/image\/\"}}]}<\/script>\n<!-- \/ Yoast SEO plugin. -->","yoast_head_json":{"title":"Servicio postventa - Scientec Ib\u00e9rica","robots":{"index":"index","follow":"follow","max-snippet":"max-snippet:-1","max-image-preview":"max-image-preview:large","max-video-preview":"max-video-preview:-1"},"canonical":"https:\/\/www.scientec.es\/es\/servicio-postventa\/","og_locale":"es_ES","og_type":"article","og_title":"Servicio postventa - Scientec Ib\u00e9rica","og_description":"Servicio postventa La empresa ScienTec est\u00e1 equipada con todos los materiales (bancos de pruebas \u00f3pticas, fuentes, stock, equipos inform\u00e1ticos de generaciones anteriores y nuevas &#8230;) y un equipo especializado (t\u00e9cnicos e ingenieros especializados) para ofrecerle un servicio posventa de calidad. Se ha dise\u00f1ado un laboratorio (adecuado para el servicio de mantenimiento y postventa de los [&hellip;]","og_url":"https:\/\/www.scientec.es\/es\/servicio-postventa\/","og_site_name":"Scientec Ib\u00e9rica","article_modified_time":"2020-07-22T08:40:26+00:00","og_image":[{"url":"https:\/\/www.scientec.es\/wp-content\/uploads\/2020\/02\/showroommadrid2.jpg","type":"","width":"","height":""}],"twitter_card":"summary_large_image","twitter_misc":{"Tiempo de lectura":"1 minuto"},"schema":{"@context":"https:\/\/schema.org","@graph":[{"@type":"WebPage","@id":"https:\/\/www.scientec.es\/es\/servicio-postventa\/","url":"https:\/\/www.scientec.es\/es\/servicio-postventa\/","name":"Servicio postventa - Scientec Ib\u00e9rica","isPartOf":{"@id":"https:\/\/www.scientec.es\/es\/#website"},"primaryImageOfPage":{"@id":"https:\/\/www.scientec.es\/es\/servicio-postventa\/#primaryimage"},"image":{"@id":"https:\/\/www.scientec.es\/es\/servicio-postventa\/#primaryimage"},"thumbnailUrl":"https:\/\/www.scientec.es\/wp-content\/uploads\/2020\/02\/showroommadrid2.jpg","datePublished":"2020-07-22T08:36:45+00:00","dateModified":"2020-07-22T08:40:26+00:00","breadcrumb":{"@id":"https:\/\/www.scientec.es\/es\/servicio-postventa\/#breadcrumb"},"inLanguage":"es","potentialAction":[{"@type":"ReadAction","target":["https:\/\/www.scientec.es\/es\/servicio-postventa\/"]}]},{"@type":"ImageObject","inLanguage":"es","@id":"https:\/\/www.scientec.es\/es\/servicio-postventa\/#primaryimage","url":"https:\/\/www.scientec.es\/wp-content\/uploads\/2020\/02\/showroommadrid2.jpg","contentUrl":"https:\/\/www.scientec.es\/wp-content\/uploads\/2020\/02\/showroommadrid2.jpg"},{"@type":"BreadcrumbList","@id":"https:\/\/www.scientec.es\/es\/servicio-postventa\/#breadcrumb","itemListElement":[{"@type":"ListItem","position":1,"name":"Accueil","item":"https:\/\/www.scientec.es\/es\/"},{"@type":"ListItem","position":2,"name":"Servicio postventa"}]},{"@type":"WebSite","@id":"https:\/\/www.scientec.es\/es\/#website","url":"https:\/\/www.scientec.es\/es\/","name":"Scientec Ib\u00e9rica","description":"La soluci\u00f3n a su medida ","publisher":{"@id":"https:\/\/www.scientec.es\/es\/#organization"},"potentialAction":[{"@type":"SearchAction","target":{"@type":"EntryPoint","urlTemplate":"https:\/\/www.scientec.es\/es\/?s={search_term_string}"},"query-input":{"@type":"PropertyValueSpecification","valueRequired":true,"valueName":"search_term_string"}}],"inLanguage":"es"},{"@type":"Organization","@id":"https:\/\/www.scientec.es\/es\/#organization","name":"Scientec","url":"https:\/\/www.scientec.es\/es\/","logo":{"@type":"ImageObject","inLanguage":"es","@id":"https:\/\/www.scientec.es\/es\/#\/schema\/logo\/image\/","url":"https:\/\/www.scientec.es\/wp-content\/uploads\/2018\/01\/scientec-slogan.png","contentUrl":"https:\/\/www.scientec.es\/wp-content\/uploads\/2018\/01\/scientec-slogan.png","width":6947,"height":1545,"caption":"Scientec"},"image":{"@id":"https:\/\/www.scientec.es\/es\/#\/schema\/logo\/image\/"}}]}},"_links":{"self":[{"href":"https:\/\/www.scientec.es\/es\/wp-json\/wp\/v2\/pages\/5050","targetHints":{"allow":["GET"]}}],"collection":[{"href":"https:\/\/www.scientec.es\/es\/wp-json\/wp\/v2\/pages"}],"about":[{"href":"https:\/\/www.scientec.es\/es\/wp-json\/wp\/v2\/types\/page"}],"author":[{"embeddable":true,"href":"https:\/\/www.scientec.es\/es\/wp-json\/wp\/v2\/users\/4"}],"replies":[{"embeddable":true,"href":"https:\/\/www.scientec.es\/es\/wp-json\/wp\/v2\/comments?post=5050"}],"version-history":[{"count":1,"href":"https:\/\/www.scientec.es\/es\/wp-json\/wp\/v2\/pages\/5050\/revisions"}],"predecessor-version":[{"id":5051,"href":"https:\/\/www.scientec.es\/es\/wp-json\/wp\/v2\/pages\/5050\/revisions\/5051"}],"wp:attachment":[{"href":"https:\/\/www.scientec.es\/es\/wp-json\/wp\/v2\/media?parent=5050"}],"curies":[{"name":"wp","href":"https:\/\/api.w.org\/{rel}","templated":true}]}}