{"id":5052,"date":"2020-07-22T10:42:02","date_gmt":"2020-07-22T08:42:02","guid":{"rendered":"https:\/\/www.scientec.es\/scientec-iberica\/"},"modified":"2021-12-01T11:14:23","modified_gmt":"2021-12-01T10:14:23","slug":"scientec-iberica","status":"publish","type":"page","link":"https:\/\/www.scientec.es\/es\/scientec-iberica\/","title":{"rendered":"ScienTec Ib\u00e9rica"},"content":{"rendered":"\n\n\t<h1><strong>La soluci\u00f3n a su medida\u00a0 desde 2006<\/strong><\/h1>\n\t<h2>Distribuidor de equipos cient\u00edficos e industriales<\/h2>\n\t<p>ScienTec Ib\u00e9rica est\u00e1 especializada en la distribuci\u00f3n de equipos cient\u00edficos e industriales dedicados a la caracterizaci\u00f3n y an\u00e1lisis de superficies. Esta actividad se basa principalmente en un equipo competente, motivado y disponible, que le garantiza un servicio de preventa y postventa que cumple con sus expectativas.<\/p>\n\t\t\t\t<img decoding=\"async\" src=\"https:\/\/www.scientec.es\/wp-content\/uploads\/2020\/02\/sti-office-copie.png\" alt=\"Sti-office copie\" itemprop=\"image\" height=\"935\" width=\"1473\" title=\"sti-office-copie\" onerror=\"this.style.display='none'\"  \/>\n\t\t\t\t<img decoding=\"async\" src=\"http:\/\/www.scientec.fr\/wp-content\/uploads\/2019\/07\/fond-de-carte-europe-copie-copie.png\" alt=\"Fond de carte europe copie copie\" itemprop=\"image\" title=\"Fond de carte europe copie copie\" onerror=\"this.style.display='none'\"  \/>\n\t<h2><strong>Compa\u00f1\u00eda subsidiaria<\/strong><\/h2>\n\t<p>ScienTec Ib\u00e9rica, situado en Rufino S\u00e1nchez, 83, 28290 Las Rozas en Espa\u00f1a es una subsidiaria de ScienTec Francia para desarrollar sus acciones en el mercado ib\u00e9rico (Espa\u00f1a y Portugal).<\/p>\n\t<h2><strong>Investigaci\u00f3n e industria<\/strong><\/h2>\n\t<p>Al servicio de las comunidades cient\u00edficas e industriales, ScienTec Ib\u00e9rica tiene como objetivo proporcionar a los investigadores e ingenieros soluciones confiables e innovadoras capaces de lograr r\u00e1pidamente los mejores resultados. Esto requiere el uso del equipo adecuado, perfectamente adaptado a las diferentes aplicaciones y por asesoramiento de expertos, o incluso una transferencia de conocimiento para aplicaciones especiales. ScienTec Ib\u00e9rica estudia las necesidades y responde a ellas ofreciendo equipos, servicios, formciones, consejos, calibraciones, contratos de mantenimiento y tiempos de reparaci\u00f3n cortos.<\/p>\n\t\t\t\t<img decoding=\"async\" src=\"http:\/\/www.scientec.fr\/wp-content\/uploads\/2019\/07\/recherche-industrie-equipement-640x400.jpg\" alt=\"Recherche-industrie-equipement\" itemprop=\"image\" title=\"Recherche-industrie-equipement\" onerror=\"this.style.display='none'\"  \/>\n\t\t\t\t<img decoding=\"async\" src=\"http:\/\/www.scientec.fr\/wp-content\/uploads\/2018\/10\/analyse-de-surface-1024x683.png\" alt=\"analyse-de-surface\" itemprop=\"image\" title=\"analyse-de-surface 1024x683\" onerror=\"this.style.display='none'\"  \/>\n\t<h2><strong>An\u00e1lisis de superficie<\/strong><\/h2>\n\t<p>Los productos en an\u00e1lisis de superficie se refieren a: microscopios electr\u00f3nicos de barrido (SEM), microscopios de fuerza at\u00f3mica (AFM), espectroscop\u00eda infrarrojos y RAMAN, sistemas de vac\u00edo, perfil\u00f3metros \u00f3pticos \/ mec\u00e1nicos, nanoindenters &#8230;<\/p>\n\t<h2><strong>Distribucion exclusiva<\/strong><\/h2>\n\t<p>ScienTec Ib\u00e9rica es el distribuidor exclusivo de CSInstruments (microscop\u00eda de fuerza at\u00f3mica), Prevac (sistemas de vac\u00edo), KLA instruments (profilometr\u00eda \u00f3ptica y mec\u00e1nica, nanoindentaci\u00f3n), espectroscop\u00eda Photothermal (espectroscop\u00eda infrarroja), Filmetrics (medici\u00f3n de espesor de capa \u00f3ptica), Lyncee Tec ( Microscop\u00eda Hologr\u00e1fica).<\/p>\n\n","protected":false},"excerpt":{"rendered":"<p>La soluci\u00f3n a su medida\u00a0 desde 2006 Distribuidor de equipos cient\u00edficos e industriales ScienTec Ib\u00e9rica est\u00e1 especializada en la distribuci\u00f3n de equipos cient\u00edficos e industriales dedicados a la caracterizaci\u00f3n y an\u00e1lisis de superficies. Esta actividad se basa principalmente en un equipo competente, motivado y disponible, que le garantiza un servicio de preventa y postventa que [&hellip;]<\/p>\n","protected":false},"author":4,"featured_media":0,"parent":0,"menu_order":0,"comment_status":"closed","ping_status":"closed","template":"","meta":{"footnotes":""},"class_list":{"0":"post-5052","1":"page","2":"type-page","3":"status-publish","5":"entry","6":"has-post-thumbnail"},"yoast_head":"<!-- This site is optimized with the Yoast SEO plugin v27.0 - https:\/\/yoast.com\/product\/yoast-seo-wordpress\/ -->\n<title>ScienTec Ib\u00e9rica - Scientec Ib\u00e9rica<\/title>\n<meta name=\"robots\" content=\"index, follow, max-snippet:-1, max-image-preview:large, max-video-preview:-1\" \/>\n<link rel=\"canonical\" href=\"https:\/\/www.scientec.es\/es\/scientec-iberica\/\" \/>\n<meta property=\"og:locale\" content=\"es_ES\" \/>\n<meta property=\"og:type\" content=\"article\" \/>\n<meta property=\"og:title\" content=\"ScienTec Ib\u00e9rica - Scientec Ib\u00e9rica\" \/>\n<meta property=\"og:description\" content=\"La soluci\u00f3n a su medida\u00a0 desde 2006 Distribuidor de equipos cient\u00edficos e industriales ScienTec Ib\u00e9rica est\u00e1 especializada en la distribuci\u00f3n de equipos cient\u00edficos e industriales dedicados a la caracterizaci\u00f3n y an\u00e1lisis de superficies. Esta actividad se basa principalmente en un equipo competente, motivado y disponible, que le garantiza un servicio de preventa y postventa que [&hellip;]\" \/>\n<meta property=\"og:url\" content=\"https:\/\/www.scientec.es\/es\/scientec-iberica\/\" \/>\n<meta property=\"og:site_name\" content=\"Scientec Ib\u00e9rica\" \/>\n<meta property=\"article:modified_time\" content=\"2021-12-01T10:14:23+00:00\" \/>\n<meta property=\"og:image\" content=\"https:\/\/www.scientec.es\/wp-content\/uploads\/2020\/02\/sti-office-copie.png\" \/>\n<meta name=\"twitter:card\" content=\"summary_large_image\" \/>\n<meta name=\"twitter:label1\" content=\"Tiempo de lectura\" \/>\n\t<meta name=\"twitter:data1\" content=\"1 minuto\" \/>\n<script type=\"application\/ld+json\" class=\"yoast-schema-graph\">{\"@context\":\"https:\/\/schema.org\",\"@graph\":[{\"@type\":\"WebPage\",\"@id\":\"https:\/\/www.scientec.es\/es\/scientec-iberica\/\",\"url\":\"https:\/\/www.scientec.es\/es\/scientec-iberica\/\",\"name\":\"ScienTec Ib\u00e9rica - Scientec Ib\u00e9rica\",\"isPartOf\":{\"@id\":\"https:\/\/www.scientec.es\/es\/#website\"},\"primaryImageOfPage\":{\"@id\":\"https:\/\/www.scientec.es\/es\/scientec-iberica\/#primaryimage\"},\"image\":{\"@id\":\"https:\/\/www.scientec.es\/es\/scientec-iberica\/#primaryimage\"},\"thumbnailUrl\":\"https:\/\/www.scientec.es\/wp-content\/uploads\/2020\/02\/sti-office-copie.png\",\"datePublished\":\"2020-07-22T08:42:02+00:00\",\"dateModified\":\"2021-12-01T10:14:23+00:00\",\"breadcrumb\":{\"@id\":\"https:\/\/www.scientec.es\/es\/scientec-iberica\/#breadcrumb\"},\"inLanguage\":\"es\",\"potentialAction\":[{\"@type\":\"ReadAction\",\"target\":[\"https:\/\/www.scientec.es\/es\/scientec-iberica\/\"]}]},{\"@type\":\"ImageObject\",\"inLanguage\":\"es\",\"@id\":\"https:\/\/www.scientec.es\/es\/scientec-iberica\/#primaryimage\",\"url\":\"https:\/\/www.scientec.es\/wp-content\/uploads\/2020\/02\/sti-office-copie.png\",\"contentUrl\":\"https:\/\/www.scientec.es\/wp-content\/uploads\/2020\/02\/sti-office-copie.png\"},{\"@type\":\"BreadcrumbList\",\"@id\":\"https:\/\/www.scientec.es\/es\/scientec-iberica\/#breadcrumb\",\"itemListElement\":[{\"@type\":\"ListItem\",\"position\":1,\"name\":\"Accueil\",\"item\":\"https:\/\/www.scientec.es\/es\/\"},{\"@type\":\"ListItem\",\"position\":2,\"name\":\"ScienTec Ib\u00e9rica\"}]},{\"@type\":\"WebSite\",\"@id\":\"https:\/\/www.scientec.es\/es\/#website\",\"url\":\"https:\/\/www.scientec.es\/es\/\",\"name\":\"Scientec Ib\u00e9rica\",\"description\":\"La soluci\u00f3n a su medida \",\"publisher\":{\"@id\":\"https:\/\/www.scientec.es\/es\/#organization\"},\"potentialAction\":[{\"@type\":\"SearchAction\",\"target\":{\"@type\":\"EntryPoint\",\"urlTemplate\":\"https:\/\/www.scientec.es\/es\/?s={search_term_string}\"},\"query-input\":{\"@type\":\"PropertyValueSpecification\",\"valueRequired\":true,\"valueName\":\"search_term_string\"}}],\"inLanguage\":\"es\"},{\"@type\":\"Organization\",\"@id\":\"https:\/\/www.scientec.es\/es\/#organization\",\"name\":\"Scientec\",\"url\":\"https:\/\/www.scientec.es\/es\/\",\"logo\":{\"@type\":\"ImageObject\",\"inLanguage\":\"es\",\"@id\":\"https:\/\/www.scientec.es\/es\/#\/schema\/logo\/image\/\",\"url\":\"https:\/\/www.scientec.es\/wp-content\/uploads\/2018\/01\/scientec-slogan.png\",\"contentUrl\":\"https:\/\/www.scientec.es\/wp-content\/uploads\/2018\/01\/scientec-slogan.png\",\"width\":6947,\"height\":1545,\"caption\":\"Scientec\"},\"image\":{\"@id\":\"https:\/\/www.scientec.es\/es\/#\/schema\/logo\/image\/\"}}]}<\/script>\n<!-- \/ Yoast SEO plugin. -->","yoast_head_json":{"title":"ScienTec Ib\u00e9rica - Scientec Ib\u00e9rica","robots":{"index":"index","follow":"follow","max-snippet":"max-snippet:-1","max-image-preview":"max-image-preview:large","max-video-preview":"max-video-preview:-1"},"canonical":"https:\/\/www.scientec.es\/es\/scientec-iberica\/","og_locale":"es_ES","og_type":"article","og_title":"ScienTec Ib\u00e9rica - Scientec Ib\u00e9rica","og_description":"La soluci\u00f3n a su medida\u00a0 desde 2006 Distribuidor de equipos cient\u00edficos e industriales ScienTec Ib\u00e9rica est\u00e1 especializada en la distribuci\u00f3n de equipos cient\u00edficos e industriales dedicados a la caracterizaci\u00f3n y an\u00e1lisis de superficies. Esta actividad se basa principalmente en un equipo competente, motivado y disponible, que le garantiza un servicio de preventa y postventa que [&hellip;]","og_url":"https:\/\/www.scientec.es\/es\/scientec-iberica\/","og_site_name":"Scientec Ib\u00e9rica","article_modified_time":"2021-12-01T10:14:23+00:00","og_image":[{"url":"https:\/\/www.scientec.es\/wp-content\/uploads\/2020\/02\/sti-office-copie.png","type":"","width":"","height":""}],"twitter_card":"summary_large_image","twitter_misc":{"Tiempo de lectura":"1 minuto"},"schema":{"@context":"https:\/\/schema.org","@graph":[{"@type":"WebPage","@id":"https:\/\/www.scientec.es\/es\/scientec-iberica\/","url":"https:\/\/www.scientec.es\/es\/scientec-iberica\/","name":"ScienTec Ib\u00e9rica - Scientec Ib\u00e9rica","isPartOf":{"@id":"https:\/\/www.scientec.es\/es\/#website"},"primaryImageOfPage":{"@id":"https:\/\/www.scientec.es\/es\/scientec-iberica\/#primaryimage"},"image":{"@id":"https:\/\/www.scientec.es\/es\/scientec-iberica\/#primaryimage"},"thumbnailUrl":"https:\/\/www.scientec.es\/wp-content\/uploads\/2020\/02\/sti-office-copie.png","datePublished":"2020-07-22T08:42:02+00:00","dateModified":"2021-12-01T10:14:23+00:00","breadcrumb":{"@id":"https:\/\/www.scientec.es\/es\/scientec-iberica\/#breadcrumb"},"inLanguage":"es","potentialAction":[{"@type":"ReadAction","target":["https:\/\/www.scientec.es\/es\/scientec-iberica\/"]}]},{"@type":"ImageObject","inLanguage":"es","@id":"https:\/\/www.scientec.es\/es\/scientec-iberica\/#primaryimage","url":"https:\/\/www.scientec.es\/wp-content\/uploads\/2020\/02\/sti-office-copie.png","contentUrl":"https:\/\/www.scientec.es\/wp-content\/uploads\/2020\/02\/sti-office-copie.png"},{"@type":"BreadcrumbList","@id":"https:\/\/www.scientec.es\/es\/scientec-iberica\/#breadcrumb","itemListElement":[{"@type":"ListItem","position":1,"name":"Accueil","item":"https:\/\/www.scientec.es\/es\/"},{"@type":"ListItem","position":2,"name":"ScienTec Ib\u00e9rica"}]},{"@type":"WebSite","@id":"https:\/\/www.scientec.es\/es\/#website","url":"https:\/\/www.scientec.es\/es\/","name":"Scientec Ib\u00e9rica","description":"La soluci\u00f3n a su medida ","publisher":{"@id":"https:\/\/www.scientec.es\/es\/#organization"},"potentialAction":[{"@type":"SearchAction","target":{"@type":"EntryPoint","urlTemplate":"https:\/\/www.scientec.es\/es\/?s={search_term_string}"},"query-input":{"@type":"PropertyValueSpecification","valueRequired":true,"valueName":"search_term_string"}}],"inLanguage":"es"},{"@type":"Organization","@id":"https:\/\/www.scientec.es\/es\/#organization","name":"Scientec","url":"https:\/\/www.scientec.es\/es\/","logo":{"@type":"ImageObject","inLanguage":"es","@id":"https:\/\/www.scientec.es\/es\/#\/schema\/logo\/image\/","url":"https:\/\/www.scientec.es\/wp-content\/uploads\/2018\/01\/scientec-slogan.png","contentUrl":"https:\/\/www.scientec.es\/wp-content\/uploads\/2018\/01\/scientec-slogan.png","width":6947,"height":1545,"caption":"Scientec"},"image":{"@id":"https:\/\/www.scientec.es\/es\/#\/schema\/logo\/image\/"}}]}},"_links":{"self":[{"href":"https:\/\/www.scientec.es\/es\/wp-json\/wp\/v2\/pages\/5052","targetHints":{"allow":["GET"]}}],"collection":[{"href":"https:\/\/www.scientec.es\/es\/wp-json\/wp\/v2\/pages"}],"about":[{"href":"https:\/\/www.scientec.es\/es\/wp-json\/wp\/v2\/types\/page"}],"author":[{"embeddable":true,"href":"https:\/\/www.scientec.es\/es\/wp-json\/wp\/v2\/users\/4"}],"replies":[{"embeddable":true,"href":"https:\/\/www.scientec.es\/es\/wp-json\/wp\/v2\/comments?post=5052"}],"version-history":[{"count":2,"href":"https:\/\/www.scientec.es\/es\/wp-json\/wp\/v2\/pages\/5052\/revisions"}],"predecessor-version":[{"id":5604,"href":"https:\/\/www.scientec.es\/es\/wp-json\/wp\/v2\/pages\/5052\/revisions\/5604"}],"wp:attachment":[{"href":"https:\/\/www.scientec.es\/es\/wp-json\/wp\/v2\/media?parent=5052"}],"curies":[{"name":"wp","href":"https:\/\/api.w.org\/{rel}","templated":true}]}}