{"id":5062,"date":"2020-07-22T10:53:06","date_gmt":"2020-07-22T08:53:06","guid":{"rendered":"https:\/\/www.scientec.es\/analisis-de-superficie\/microscopios-de-fuerza-atomica\/"},"modified":"2020-07-22T16:46:38","modified_gmt":"2020-07-22T14:46:38","slug":"microscopios-de-fuerza-atomica","status":"publish","type":"page","link":"https:\/\/www.scientec.es\/es\/analisis-de-superficie\/microscopios-de-fuerza-atomica\/","title":{"rendered":"Microscopios de fuerza at\u00f3mica"},"content":{"rendered":"\n\t<h1>Microscopios de Fuerza At\u00f3mica<\/h1>\n\tCSInstruments, fabricante especializado en el dise\u00f1o de microscopios de fuerza at\u00f3mica, ofrece muchas soluciones en AFM, como el AFM Nano-Observer, el mejor AFM de rendimiento \/ precio y, recientemente, el mejor conjunto de mediciones el\u00e9ctricas de AFM con el sMIM (Microscop\u00eda de impedancia de microondas de barrido) sistema asociado con ResiScope II (sistema capaz de medir la resistencia en 10 \u00f3rdenes de magnitud) y HD-KFM (KFM de una pasada optimizado con mayor sensibilidad y resoluci\u00f3n).<br \/>\nAdem\u00e1s de este paquete de medici\u00f3n el\u00e9ctrica, CSInstruments tambi\u00e9n le ofrece diferentes modos de entorno, como temperatura, mediciones de l\u00edquidos o control ambiental y accesorios AFM (puntas AFM&#8230;).\n<p>\u00a0<\/p>\n\t<h2>Microscopio AFM al mejor rendimiento \/ precio<\/h2>\n\t\t\t\t<a href=\"https:\/\/www.scientec.es\/es\/produit\/microscopio-afm-al-mejor-rendimiento-precio\/\" target=\"_self\" itemprop=\"url\" rel=\"noopener noreferrer\">\n\t\t\t\t<img decoding=\"async\" src=\"https:\/\/www.scientec.es\/wp-content\/uploads\/2019\/09\/afm-microscope.jpg\" alt=\"Afm-microscope\" itemprop=\"image\" height=\"250\" width=\"501\" title=\"Afm-microscope\" onerror=\"this.style.display='none'\"  \/>\n\t\t\t\t<\/a>\n\t<p>El Nano-Observer es un microscopio AFM compacto y potente con un esc\u00e1ner all-in-one (barridos grandes y de alta resoluci\u00f3n en un solo esc\u00e1ner). Adem\u00e1s de los modos est\u00e1ndar, puede tener modos avanzados y caracter\u00edsticas \u00fanicas como HD-KFM, ResiScope, MLFM &#8230;<\/p>\n<p>&nbsp;<\/p>\n<p>&nbsp;<\/p>\n<p><a href=\"https:\/\/www.scientec.es\/es\/produit\/microscopio-afm-al-mejor-rendimiento-precio\/\">Nano-Observer AFM &gt;<\/a><\/p>\n\t<h2>Modos<br \/>\nAFM el\u00e9ctricos avanzados<\/h2>\n\t\t\t\t<a href=\"https:\/\/www.scientec.es\/es\/produit\/modos-electricos-avanzados-para-afm\/\" target=\"_self\" itemprop=\"url\" rel=\"noopener noreferrer\">\n\t\t\t\t<img decoding=\"async\" src=\"https:\/\/www.scientec.es\/wp-content\/uploads\/2018\/12\/microscope-afm-resiscope.jpg\" alt=\"Microscope-afm-resiscope\" itemprop=\"image\" height=\"573\" width=\"571\" title=\"Microscope-afm-resiscope\" onerror=\"this.style.display='none'\"  \/>\n\t\t\t\t<\/a>\n\t1. <strong>HD-KFM<\/strong>: Kelvin Force Microscopy de alta definici\u00f3n<br \/>\n2. <strong>ResiScope II<\/strong>: corriente \/ resistencia en 10 \u00f3rdenes de magnitud<br \/>\n3. <strong>Soft ResiScope<\/strong>: ResiScope en muestras delicadas<br \/>\n5. <strong>sMIM<\/strong>: mapeo de permisividad dielectric y conductividad con resoluci\u00f3n nanmo\u00e9trica\n<br \/>\n<a href=\"https:\/\/www.scientec.es\/es\/produit\/modos-electricos-avanzados-para-afm\/\">M\u00e1s informaci\u00f3n &gt;<\/a>\n\t<h2>Entornos<br \/>\nde microscop\u00eda AFM<\/h2>\n\t\t\t\t<a href=\"https:\/\/www.scientec.es\/es\/produit\/entornos-afm\/\" target=\"_self\" itemprop=\"url\" rel=\"noopener noreferrer\">\n\t\t\t\t<img decoding=\"async\" src=\"https:\/\/www.scientec.es\/wp-content\/uploads\/2019\/09\/embryonic-fibroblast-cells-oscillating-mode-80em.jpg\" alt=\"Fibroblastes embryonnaires, mode oscillant, 80 \u00b5m\" itemprop=\"image\" height=\"400\" width=\"400\" title=\"Fibroblastes embryonnaires, mode oscillant, 80 \u00b5m\" onerror=\"this.style.display='none'\"  \/>\n\t\t\t\t<\/a>\n\t1. <strong>Control ambiental<\/strong>: gas, humedad<br \/>\n2. <strong>Medio l\u00edquido<\/strong>: sin ajuste adicional<br \/>\n3. <strong>Control de temperatura<\/strong>: desde -35 \u00b0 C hasta 250 \u00b0 C\n<p>&nbsp;<\/p>\n<p>&nbsp;<\/p>\n<p>&nbsp;<\/p>\n<p>&nbsp;<\/p>\n<p>&nbsp;<\/p>\n<p><a href=\"https:\/\/www.scientec.es\/es\/produit\/entornos-afm\/\">M\u00e1s informaci\u00f3n &gt;<\/a><\/p>\n\t<h2><\/h2>\n<h2><a href=\"https:\/\/www.scientec.fr\/produit\/pointes-afm\/\">Puntas <\/a><br \/>\n<a href=\"https:\/\/www.scientec.fr\/produit\/pointes-afm\/\">AFM<br \/>\n<\/a><\/h2>\n<p>&nbsp;<\/p>\n\t\t\t\t<a href=\"https:\/\/www.scientec.es\/es\/produit\/puntas-afm\/\" target=\"_self\" itemprop=\"url\" rel=\"noopener noreferrer\">\n\t\t\t\t<img decoding=\"async\" src=\"https:\/\/www.scientec.es\/wp-content\/uploads\/2019\/01\/pointe-propre.jpg\" alt=\"Pointe propre\" itemprop=\"image\" height=\"960\" width=\"1280\" title=\"Pointe propre\" onerror=\"this.style.display='none'\"  \/>\n\t\t\t\t<\/a>\n\t<p><strong>Amplia gama de puntas AFM<\/strong><\/p>\n<ul>\n<li>Contacto<\/li>\n<li>Sin contacto<\/li>\n<li>Conductivo<\/li>\n<li>EFM \/ MFM<\/li>\n<li>Diamand<\/li>\n<li>Alta resoluci\u00f3n<\/li>\n<li>Espec\u00edfico<\/li>\n<\/ul>\n<p>&nbsp;<\/p>\n<p>&nbsp;<\/p>\n<p><a href=\"https:\/\/www.scientec.es\/es\/produit\/puntas-afm\/\">M\u00e1s informaci\u00f3n &gt;<\/a><\/p>\n","protected":false},"excerpt":{"rendered":"<p>Microscopios de Fuerza At\u00f3mica CSInstruments, fabricante especializado en el dise\u00f1o de microscopios de fuerza at\u00f3mica, ofrece muchas soluciones en AFM, como el AFM Nano-Observer, el mejor AFM de rendimiento \/ precio y, recientemente, el mejor conjunto de mediciones el\u00e9ctricas de AFM con el sMIM (Microscop\u00eda de impedancia de microondas de barrido) sistema asociado con ResiScope [&hellip;]<\/p>\n","protected":false},"author":4,"featured_media":0,"parent":5031,"menu_order":0,"comment_status":"closed","ping_status":"closed","template":"","meta":{"footnotes":""},"class_list":{"0":"post-5062","1":"page","2":"type-page","3":"status-publish","5":"entry","6":"has-post-thumbnail"},"yoast_head":"<!-- This site is optimized with the Yoast SEO plugin v27.0 - https:\/\/yoast.com\/product\/yoast-seo-wordpress\/ -->\n<title>Microscopios de fuerza at\u00f3mica - Scientec Ib\u00e9rica<\/title>\n<meta name=\"robots\" content=\"index, follow, max-snippet:-1, max-image-preview:large, max-video-preview:-1\" \/>\n<link rel=\"canonical\" href=\"https:\/\/www.scientec.es\/es\/analisis-de-superficie\/microscopios-de-fuerza-atomica\/\" \/>\n<meta property=\"og:locale\" content=\"es_ES\" \/>\n<meta property=\"og:type\" content=\"article\" \/>\n<meta property=\"og:title\" content=\"Microscopios de fuerza at\u00f3mica - Scientec Ib\u00e9rica\" \/>\n<meta property=\"og:description\" content=\"Microscopios de Fuerza At\u00f3mica CSInstruments, fabricante especializado en el dise\u00f1o de microscopios de fuerza at\u00f3mica, ofrece muchas soluciones en AFM, como el AFM Nano-Observer, el mejor AFM de rendimiento \/ precio y, recientemente, el mejor conjunto de mediciones el\u00e9ctricas de AFM con el sMIM (Microscop\u00eda de impedancia de microondas de barrido) sistema asociado con ResiScope [&hellip;]\" \/>\n<meta property=\"og:url\" content=\"https:\/\/www.scientec.es\/es\/analisis-de-superficie\/microscopios-de-fuerza-atomica\/\" \/>\n<meta property=\"og:site_name\" content=\"Scientec Ib\u00e9rica\" \/>\n<meta property=\"article:modified_time\" content=\"2020-07-22T14:46:38+00:00\" \/>\n<meta property=\"og:image\" content=\"https:\/\/www.scientec.es\/wp-content\/uploads\/2019\/09\/afm-microscope.jpg\" \/>\n<meta name=\"twitter:card\" content=\"summary_large_image\" \/>\n<meta name=\"twitter:label1\" content=\"Tiempo de lectura\" \/>\n\t<meta name=\"twitter:data1\" content=\"1 minuto\" \/>\n<script type=\"application\/ld+json\" class=\"yoast-schema-graph\">{\"@context\":\"https:\/\/schema.org\",\"@graph\":[{\"@type\":\"WebPage\",\"@id\":\"https:\/\/www.scientec.es\/es\/analisis-de-superficie\/microscopios-de-fuerza-atomica\/\",\"url\":\"https:\/\/www.scientec.es\/es\/analisis-de-superficie\/microscopios-de-fuerza-atomica\/\",\"name\":\"Microscopios de fuerza at\u00f3mica - Scientec Ib\u00e9rica\",\"isPartOf\":{\"@id\":\"https:\/\/www.scientec.es\/es\/#website\"},\"primaryImageOfPage\":{\"@id\":\"https:\/\/www.scientec.es\/es\/analisis-de-superficie\/microscopios-de-fuerza-atomica\/#primaryimage\"},\"image\":{\"@id\":\"https:\/\/www.scientec.es\/es\/analisis-de-superficie\/microscopios-de-fuerza-atomica\/#primaryimage\"},\"thumbnailUrl\":\"https:\/\/www.scientec.es\/wp-content\/uploads\/2019\/09\/afm-microscope.jpg\",\"datePublished\":\"2020-07-22T08:53:06+00:00\",\"dateModified\":\"2020-07-22T14:46:38+00:00\",\"breadcrumb\":{\"@id\":\"https:\/\/www.scientec.es\/es\/analisis-de-superficie\/microscopios-de-fuerza-atomica\/#breadcrumb\"},\"inLanguage\":\"es\",\"potentialAction\":[{\"@type\":\"ReadAction\",\"target\":[\"https:\/\/www.scientec.es\/es\/analisis-de-superficie\/microscopios-de-fuerza-atomica\/\"]}]},{\"@type\":\"ImageObject\",\"inLanguage\":\"es\",\"@id\":\"https:\/\/www.scientec.es\/es\/analisis-de-superficie\/microscopios-de-fuerza-atomica\/#primaryimage\",\"url\":\"https:\/\/www.scientec.es\/wp-content\/uploads\/2019\/09\/afm-microscope.jpg\",\"contentUrl\":\"https:\/\/www.scientec.es\/wp-content\/uploads\/2019\/09\/afm-microscope.jpg\"},{\"@type\":\"BreadcrumbList\",\"@id\":\"https:\/\/www.scientec.es\/es\/analisis-de-superficie\/microscopios-de-fuerza-atomica\/#breadcrumb\",\"itemListElement\":[{\"@type\":\"ListItem\",\"position\":1,\"name\":\"Accueil\",\"item\":\"https:\/\/www.scientec.es\/es\/\"},{\"@type\":\"ListItem\",\"position\":2,\"name\":\"An\u00e1lisis de superficie\",\"item\":\"https:\/\/www.scientec.es\/es\/analisis-de-superficie\/\"},{\"@type\":\"ListItem\",\"position\":3,\"name\":\"Microscopios de fuerza at\u00f3mica\"}]},{\"@type\":\"WebSite\",\"@id\":\"https:\/\/www.scientec.es\/es\/#website\",\"url\":\"https:\/\/www.scientec.es\/es\/\",\"name\":\"Scientec Ib\u00e9rica\",\"description\":\"La soluci\u00f3n a su medida \",\"publisher\":{\"@id\":\"https:\/\/www.scientec.es\/es\/#organization\"},\"potentialAction\":[{\"@type\":\"SearchAction\",\"target\":{\"@type\":\"EntryPoint\",\"urlTemplate\":\"https:\/\/www.scientec.es\/es\/?s={search_term_string}\"},\"query-input\":{\"@type\":\"PropertyValueSpecification\",\"valueRequired\":true,\"valueName\":\"search_term_string\"}}],\"inLanguage\":\"es\"},{\"@type\":\"Organization\",\"@id\":\"https:\/\/www.scientec.es\/es\/#organization\",\"name\":\"Scientec\",\"url\":\"https:\/\/www.scientec.es\/es\/\",\"logo\":{\"@type\":\"ImageObject\",\"inLanguage\":\"es\",\"@id\":\"https:\/\/www.scientec.es\/es\/#\/schema\/logo\/image\/\",\"url\":\"https:\/\/www.scientec.es\/wp-content\/uploads\/2018\/01\/scientec-slogan.png\",\"contentUrl\":\"https:\/\/www.scientec.es\/wp-content\/uploads\/2018\/01\/scientec-slogan.png\",\"width\":6947,\"height\":1545,\"caption\":\"Scientec\"},\"image\":{\"@id\":\"https:\/\/www.scientec.es\/es\/#\/schema\/logo\/image\/\"}}]}<\/script>\n<!-- \/ Yoast SEO plugin. -->","yoast_head_json":{"title":"Microscopios de fuerza at\u00f3mica - Scientec Ib\u00e9rica","robots":{"index":"index","follow":"follow","max-snippet":"max-snippet:-1","max-image-preview":"max-image-preview:large","max-video-preview":"max-video-preview:-1"},"canonical":"https:\/\/www.scientec.es\/es\/analisis-de-superficie\/microscopios-de-fuerza-atomica\/","og_locale":"es_ES","og_type":"article","og_title":"Microscopios de fuerza at\u00f3mica - Scientec Ib\u00e9rica","og_description":"Microscopios de Fuerza At\u00f3mica CSInstruments, fabricante especializado en el dise\u00f1o de microscopios de fuerza at\u00f3mica, ofrece muchas soluciones en AFM, como el AFM Nano-Observer, el mejor AFM de rendimiento \/ precio y, recientemente, el mejor conjunto de mediciones el\u00e9ctricas de AFM con el sMIM (Microscop\u00eda de impedancia de microondas de barrido) sistema asociado con ResiScope [&hellip;]","og_url":"https:\/\/www.scientec.es\/es\/analisis-de-superficie\/microscopios-de-fuerza-atomica\/","og_site_name":"Scientec Ib\u00e9rica","article_modified_time":"2020-07-22T14:46:38+00:00","og_image":[{"url":"https:\/\/www.scientec.es\/wp-content\/uploads\/2019\/09\/afm-microscope.jpg","type":"","width":"","height":""}],"twitter_card":"summary_large_image","twitter_misc":{"Tiempo de lectura":"1 minuto"},"schema":{"@context":"https:\/\/schema.org","@graph":[{"@type":"WebPage","@id":"https:\/\/www.scientec.es\/es\/analisis-de-superficie\/microscopios-de-fuerza-atomica\/","url":"https:\/\/www.scientec.es\/es\/analisis-de-superficie\/microscopios-de-fuerza-atomica\/","name":"Microscopios de fuerza at\u00f3mica - Scientec Ib\u00e9rica","isPartOf":{"@id":"https:\/\/www.scientec.es\/es\/#website"},"primaryImageOfPage":{"@id":"https:\/\/www.scientec.es\/es\/analisis-de-superficie\/microscopios-de-fuerza-atomica\/#primaryimage"},"image":{"@id":"https:\/\/www.scientec.es\/es\/analisis-de-superficie\/microscopios-de-fuerza-atomica\/#primaryimage"},"thumbnailUrl":"https:\/\/www.scientec.es\/wp-content\/uploads\/2019\/09\/afm-microscope.jpg","datePublished":"2020-07-22T08:53:06+00:00","dateModified":"2020-07-22T14:46:38+00:00","breadcrumb":{"@id":"https:\/\/www.scientec.es\/es\/analisis-de-superficie\/microscopios-de-fuerza-atomica\/#breadcrumb"},"inLanguage":"es","potentialAction":[{"@type":"ReadAction","target":["https:\/\/www.scientec.es\/es\/analisis-de-superficie\/microscopios-de-fuerza-atomica\/"]}]},{"@type":"ImageObject","inLanguage":"es","@id":"https:\/\/www.scientec.es\/es\/analisis-de-superficie\/microscopios-de-fuerza-atomica\/#primaryimage","url":"https:\/\/www.scientec.es\/wp-content\/uploads\/2019\/09\/afm-microscope.jpg","contentUrl":"https:\/\/www.scientec.es\/wp-content\/uploads\/2019\/09\/afm-microscope.jpg"},{"@type":"BreadcrumbList","@id":"https:\/\/www.scientec.es\/es\/analisis-de-superficie\/microscopios-de-fuerza-atomica\/#breadcrumb","itemListElement":[{"@type":"ListItem","position":1,"name":"Accueil","item":"https:\/\/www.scientec.es\/es\/"},{"@type":"ListItem","position":2,"name":"An\u00e1lisis de superficie","item":"https:\/\/www.scientec.es\/es\/analisis-de-superficie\/"},{"@type":"ListItem","position":3,"name":"Microscopios de fuerza at\u00f3mica"}]},{"@type":"WebSite","@id":"https:\/\/www.scientec.es\/es\/#website","url":"https:\/\/www.scientec.es\/es\/","name":"Scientec Ib\u00e9rica","description":"La soluci\u00f3n a su medida ","publisher":{"@id":"https:\/\/www.scientec.es\/es\/#organization"},"potentialAction":[{"@type":"SearchAction","target":{"@type":"EntryPoint","urlTemplate":"https:\/\/www.scientec.es\/es\/?s={search_term_string}"},"query-input":{"@type":"PropertyValueSpecification","valueRequired":true,"valueName":"search_term_string"}}],"inLanguage":"es"},{"@type":"Organization","@id":"https:\/\/www.scientec.es\/es\/#organization","name":"Scientec","url":"https:\/\/www.scientec.es\/es\/","logo":{"@type":"ImageObject","inLanguage":"es","@id":"https:\/\/www.scientec.es\/es\/#\/schema\/logo\/image\/","url":"https:\/\/www.scientec.es\/wp-content\/uploads\/2018\/01\/scientec-slogan.png","contentUrl":"https:\/\/www.scientec.es\/wp-content\/uploads\/2018\/01\/scientec-slogan.png","width":6947,"height":1545,"caption":"Scientec"},"image":{"@id":"https:\/\/www.scientec.es\/es\/#\/schema\/logo\/image\/"}}]}},"_links":{"self":[{"href":"https:\/\/www.scientec.es\/es\/wp-json\/wp\/v2\/pages\/5062","targetHints":{"allow":["GET"]}}],"collection":[{"href":"https:\/\/www.scientec.es\/es\/wp-json\/wp\/v2\/pages"}],"about":[{"href":"https:\/\/www.scientec.es\/es\/wp-json\/wp\/v2\/types\/page"}],"author":[{"embeddable":true,"href":"https:\/\/www.scientec.es\/es\/wp-json\/wp\/v2\/users\/4"}],"replies":[{"embeddable":true,"href":"https:\/\/www.scientec.es\/es\/wp-json\/wp\/v2\/comments?post=5062"}],"version-history":[{"count":3,"href":"https:\/\/www.scientec.es\/es\/wp-json\/wp\/v2\/pages\/5062\/revisions"}],"predecessor-version":[{"id":5174,"href":"https:\/\/www.scientec.es\/es\/wp-json\/wp\/v2\/pages\/5062\/revisions\/5174"}],"up":[{"embeddable":true,"href":"https:\/\/www.scientec.es\/es\/wp-json\/wp\/v2\/pages\/5031"}],"wp:attachment":[{"href":"https:\/\/www.scientec.es\/es\/wp-json\/wp\/v2\/media?parent=5062"}],"curies":[{"name":"wp","href":"https:\/\/api.w.org\/{rel}","templated":true}]}}