{"id":5066,"date":"2020-07-22T10:59:58","date_gmt":"2020-07-22T08:59:58","guid":{"rendered":"https:\/\/www.scientec.es\/analisis-de-superficie\/perfilometros-optcios\/"},"modified":"2023-10-06T10:04:00","modified_gmt":"2023-10-06T08:04:00","slug":"perfilometros-optcios","status":"publish","type":"page","link":"https:\/\/www.scientec.es\/es\/analisis-de-superficie\/perfilometros-optcios\/","title":{"rendered":"PERFILOMETROS OPTCIOS"},"content":{"rendered":"\n\n\t<h1><strong>Perfil<\/strong>\u00f3<strong>metros Opticos<\/strong><br \/>\n<\/h1>\n<p>La profilometr\u00eda \u00f3ptica re\u00fane un conjunto de tecnolog\u00edas de metrolog\u00eda de superficie sin contacto. Scientec ofrece una amplia y variada oferta en microscop\u00eda \u00f3ptica: interfer\u00f3metro, confocal, variaci\u00f3n de foco, holograf\u00eda digital&#8230; Obtenga topograf\u00edas de superficie 3D en alta resoluci\u00f3n, r\u00e1pida y f\u00e1cilmente. Luego use los resultados y muestre un an\u00e1lisis en profundidad con unos pocos clics. Cada tecnolog\u00eda \u00f3ptica es \u00fanica y complementaria, Scientec le asesorar\u00e1 sobre la mejor soluci\u00f3n adaptada a sus necesidades metrol\u00f3gicas. Descubra nuestras soluciones con las gamas de KLA, Lync\u00e9eTec y Filmetrics.<\/p>\n\t<h2>D-Surface-View<br \/>\nperfil\u00f3metro \u00f3ptico<br \/>\n<\/h2>\n\t\t\t\t<a href=\"https:\/\/www.scientec.es\/es\/produit\/d-surface-view\/\" target=\"_self\" itemprop=\"url\" rel=\"noopener\">\n\t\t\t\t<img decoding=\"async\" src=\"https:\/\/www.scientec.es\/wp-content\/uploads\/2023\/10\/image4.png\" alt=\"image4\" itemprop=\"image\" height=\"1167\" width=\"784\" title=\"image4\" onerror=\"this.style.display='none'\"  \/>\n\t\t\t\t<\/a>\n\tD-Surface View est\u00e1 destinado a ayudar a los fabricantes de obleas (wafers) hasta 300 mm de di\u00e1metro a reducir costos y a los fabricantes de chips a mejorar el rendimiento de los dispositivos fabricados con la mejor tecnolog\u00eda de proceso de su clase.<br \/>\nEl equipo se puede utilizar para el control de calidad de la superficie de las obleas. Califica la rugosidad, forma, planitud y topograf\u00eda de la superficie en una \u00fanica medida de un inserto desnudo o tratado.\n<p>&nbsp;<\/p>\n<p>&nbsp;<\/p>\n<p>&nbsp;<\/p>\n<p>&nbsp;<\/p>\n<p><a href=\"https:\/\/www.scientec.es\/es\/produit\/d-surface-view\/\">M\u00e1s informaci\u00f3n&gt;<\/a><\/p>\n\t<h2>Profilm 3D<br \/>\nperfil\u00f3metro \u00f3ptico<br \/>\n<\/h2>\n\t\t\t\t<a href=\"https:\/\/www.scientec.es\/es\/produit\/optical-profilometer-at-the-best-quality-price\/\" target=\"_self\" itemprop=\"url\" rel=\"noopener\">\n\t\t\t\t<img decoding=\"async\" src=\"https:\/\/www.scientec.es\/wp-content\/uploads\/2019\/09\/profilm-3d-3.jpg\" alt=\"Profilm-3d-3\" itemprop=\"image\" height=\"800\" width=\"686\" title=\"Profilm-3d-3\" onerror=\"this.style.display='none'\"  \/>\n\t\t\t\t<\/a>\n\t<p>El Profilm3D de Filmetrics es un interfer\u00f3metro, eficiente y a un precio muy atractivo. Ultra compacto, incorpora de serie una platina motorizada de 10x10cm, un esc\u00e1ner piezoel\u00e9ctrico de 500 \u00b5m y un detector \u00f3ptico CCD. Herramienta de medici\u00f3n puntual perfecta para control de calidad e I+D.<\/p>\n<p>&nbsp;<\/p>\n<p>&nbsp;<\/p>\n<p>&nbsp;<\/p>\n<p>&nbsp;<\/p>\n<p>&nbsp;<\/p>\n<p>&nbsp;<\/p>\n<p>&nbsp;<\/p>\n<p>&nbsp;<\/p>\n<p><a href=\"https:\/\/www.scientec.es\/es\/produit\/optical-profilometer-at-the-best-quality-price\/\">M\u00e1s informaci\u00f3n&gt;<\/a><\/p>\n\t<h2>Zeta-20<br \/>\nPerfil\u00f3metro \u00f3ptico<\/h2>\n\t\t\t\t<a href=\"https:\/\/www.scientec.es\/es\/produit\/perfilometro-optico-para-i-d\/\" target=\"_self\" itemprop=\"url\" rel=\"noopener\">\n\t\t\t\t<img decoding=\"async\" src=\"https:\/\/www.scientec.es\/wp-content\/uploads\/2019\/09\/zeta-20.png\" alt=\"Zeta-20\" itemprop=\"image\" height=\"800\" width=\"686\" title=\"Zeta-20\" onerror=\"this.style.display='none'\"  \/>\n\t\t\t\t<\/a>\n\tEl perfil\u00f3metro \u00f3ptico de mesa Zeta-20 es un sistema de medici\u00f3n de topograf\u00eda de superficie 3D sin contacto.<br \/>\nEl sistema est\u00e1 basado en la tecnolog\u00eda confocal patentada ZDot \u2122 y la \u00f3ptica multimodo, lo que permite la medici\u00f3n de una variedad de muestras: transparentes y opacas, con reflectancia baja a alta, de textura suave a rugosa y con alturas de paso que van desde nan\u00f3metros a mil\u00edmetros. Adem\u00e1s incluye la posibilidad de usar otras t\u00e9cnicas de alta resoluci\u00f3n como interferometria o reflectometr\u00eda. Herramienta de medici\u00f3n puntual perfecta para control de calidad e I+D.\n<p>&nbsp;<\/p>\n<p><a href=\"https:\/\/www.scientec.es\/es\/produit\/perfilometro-optico-para-i-d\/\">M\u00e1s informaci\u00f3n&gt;<\/a><\/p>\n\t<h2>Zeta-388<br \/>\nPerfil\u00f3metro \u00f3ptico<\/h2>\n\t\t\t\t<a href=\"https:\/\/www.scientec.es\/es\/produit\/perfilometro-optico-automatizado-muestra-grande\/\" target=\"_self\" itemprop=\"url\" rel=\"noopener\">\n\t\t\t\t<img decoding=\"async\" src=\"https:\/\/www.scientec.es\/wp-content\/uploads\/2019\/09\/zeta-388.png\" alt=\"Zeta-388\" itemprop=\"image\" height=\"800\" width=\"800\" title=\"Zeta-388\" onerror=\"this.style.display='none'\"  \/>\n\t\t\t\t<\/a>\n\t<p>El perfil\u00f3metro \u00f3ptico de mesa Zeta-388 es un sistema de medici\u00f3n de topograf\u00eda de superficie 3D sin contacto.<\/p>\nEl sistema est\u00e1 basado en la tecnolog\u00eda confocal patentada ZDot \u2122 y la \u00f3ptica multimodo, lo que permite la medici\u00f3n de una variedad de muestras: transparentes y opacas, con reflectancia baja a alta, de textura suave a rugosa y con alturas de paso que van desde nan\u00f3metros a mil\u00edmetros. Este equipo est\u00e1 especialmente desarrollado para uso industrial.<br \/>\n\n<p>&nbsp;<\/p>\n<p>&nbsp;<\/p>\n<p>&nbsp;<\/p>\n<p><a href=\"https:\/\/www.scientec.es\/es\/produit\/perfilometro-optico-automatizado-muestra-grande\/\">M\u00e1s informaci\u00f3n&gt;<\/a><\/p>\n\t<h2>MicroXAM-800<br \/>\nPerfil\u00f3metro \u00f3ptico<\/h2>\n\t\t\t\t<a href=\"https:\/\/www.scientec.es\/es\/produit\/perfilometro-optico-para-i-d-2\/\" target=\"_self\" itemprop=\"url\" rel=\"noopener\">\n\t\t\t\t<img decoding=\"async\" src=\"https:\/\/www.scientec.es\/wp-content\/uploads\/2019\/09\/microxam-800.png\" alt=\"Microxam-800\" itemprop=\"image\" height=\"619\" width=\"800\" title=\"Microxam-800\" onerror=\"this.style.display='none'\"  \/>\n\t\t\t\t<\/a>\n\t<p>El perfil\u00f3metro \u00f3ptico MicroXAM-800 es un sistema de medici\u00f3n de topograf\u00eda de superficie 3D sin contacto. El interfer\u00f3metro de luz blanca MicroXAM admite interferometr\u00eda de exploraci\u00f3n de fase y vertical para medir caracter\u00edsticas de nan\u00f3metro a mil\u00edmetro.<\/p>\n<p>&nbsp;<\/p>\n<p>&nbsp;<\/p>\n<p>&nbsp;<\/p>\n<p>&nbsp;<\/p>\n<p>&nbsp;<\/p>\n<p>&nbsp;<\/p>\n<p>&nbsp;<\/p>\n<p><a href=\"https:\/\/www.scientec.es\/es\/produit\/perfilometro-optico-para-i-d-2\/\">M\u00e1s informaci\u00f3n&gt;<\/a><\/p>\n\t<h2>Microscopios hologr\u00e1ficos<\/h2>\n\t\t\t\t<a href=\"https:\/\/www.scientec.es\/es\/analisis-de-superficie\/mediciones-dinamicas\/\" target=\"_self\" itemprop=\"url\" rel=\"noopener\">\n\t\t\t\t<img decoding=\"async\" src=\"https:\/\/www.scientec.es\/wp-content\/uploads\/2019\/09\/dhm-t.jpg\" alt=\"Dhm-t\" itemprop=\"image\" height=\"500\" width=\"500\" title=\"Dhm-t\" onerror=\"this.style.display='none'\"  \/>\n\t\t\t\t<\/a>\n<p>La microscop\u00eda hologr\u00e1fica digital (DHM) ofrece soluciones para la caracterizaci\u00f3n 3D est\u00e1tica y din\u00e1mica en aplicaciones de ciencias de los materiales y ciencias de la vida. Las soluciones combinan DHM con hardware dedicado, software y opciones espec\u00edficas para satisfacer las necesidades de investigaci\u00f3n y desarrollo innovadores para aplicaciones industriales.<\/p>\nEl DHM es el \u00fanico perfil\u00f3metro \u00f3ptico capaz de proporcionar medidas con resoluci\u00f3n nanom\u00e9trica en tiempo real para monitorizar procesos.<br \/>\n\n<p><a href=\"https:\/\/www.scientec.es\/es\/analisis-de-superficie\/mediciones-dinamicas\/\">M\u00e1s informaci\u00f3n &gt;<\/a><\/p>\n\n","protected":false},"excerpt":{"rendered":"<p>Perfil\u00f3metros Opticos La profilometr\u00eda \u00f3ptica re\u00fane un conjunto de tecnolog\u00edas de metrolog\u00eda de superficie sin contacto. Scientec ofrece una amplia y variada oferta en microscop\u00eda \u00f3ptica: interfer\u00f3metro, confocal, variaci\u00f3n de foco, holograf\u00eda digital&#8230; Obtenga topograf\u00edas de superficie 3D en alta resoluci\u00f3n, r\u00e1pida y f\u00e1cilmente. Luego use los resultados y muestre un an\u00e1lisis en profundidad con [&hellip;]<\/p>\n","protected":false},"author":4,"featured_media":0,"parent":5031,"menu_order":0,"comment_status":"closed","ping_status":"closed","template":"","meta":{"footnotes":""},"class_list":{"0":"post-5066","1":"page","2":"type-page","3":"status-publish","5":"entry","6":"has-post-thumbnail"},"yoast_head":"<!-- This site is optimized with the Yoast SEO plugin v27.0 - https:\/\/yoast.com\/product\/yoast-seo-wordpress\/ -->\n<title>PERFILOMETROS OPTCIOS - Scientec Ib\u00e9rica<\/title>\n<meta name=\"robots\" content=\"index, follow, max-snippet:-1, max-image-preview:large, max-video-preview:-1\" \/>\n<link rel=\"canonical\" href=\"https:\/\/www.scientec.es\/es\/analisis-de-superficie\/perfilometros-optcios\/\" \/>\n<meta property=\"og:locale\" content=\"es_ES\" \/>\n<meta property=\"og:type\" content=\"article\" \/>\n<meta property=\"og:title\" content=\"PERFILOMETROS OPTCIOS - Scientec Ib\u00e9rica\" \/>\n<meta property=\"og:description\" content=\"Perfil\u00f3metros Opticos La profilometr\u00eda \u00f3ptica re\u00fane un conjunto de tecnolog\u00edas de metrolog\u00eda de superficie sin contacto. Scientec ofrece una amplia y variada oferta en microscop\u00eda \u00f3ptica: interfer\u00f3metro, confocal, variaci\u00f3n de foco, holograf\u00eda digital&#8230; Obtenga topograf\u00edas de superficie 3D en alta resoluci\u00f3n, r\u00e1pida y f\u00e1cilmente. Luego use los resultados y muestre un an\u00e1lisis en profundidad con [&hellip;]\" \/>\n<meta property=\"og:url\" content=\"https:\/\/www.scientec.es\/es\/analisis-de-superficie\/perfilometros-optcios\/\" \/>\n<meta property=\"og:site_name\" content=\"Scientec Ib\u00e9rica\" \/>\n<meta property=\"article:modified_time\" content=\"2023-10-06T08:04:00+00:00\" \/>\n<meta property=\"og:image\" content=\"https:\/\/www.scientec.es\/wp-content\/uploads\/2023\/10\/image4.png\" \/>\n<meta name=\"twitter:card\" content=\"summary_large_image\" \/>\n<meta name=\"twitter:label1\" content=\"Tiempo de lectura\" \/>\n\t<meta name=\"twitter:data1\" content=\"4 minutos\" \/>\n<script type=\"application\/ld+json\" class=\"yoast-schema-graph\">{\"@context\":\"https:\/\/schema.org\",\"@graph\":[{\"@type\":\"WebPage\",\"@id\":\"https:\/\/www.scientec.es\/es\/analisis-de-superficie\/perfilometros-optcios\/\",\"url\":\"https:\/\/www.scientec.es\/es\/analisis-de-superficie\/perfilometros-optcios\/\",\"name\":\"PERFILOMETROS OPTCIOS - Scientec Ib\u00e9rica\",\"isPartOf\":{\"@id\":\"https:\/\/www.scientec.es\/es\/#website\"},\"primaryImageOfPage\":{\"@id\":\"https:\/\/www.scientec.es\/es\/analisis-de-superficie\/perfilometros-optcios\/#primaryimage\"},\"image\":{\"@id\":\"https:\/\/www.scientec.es\/es\/analisis-de-superficie\/perfilometros-optcios\/#primaryimage\"},\"thumbnailUrl\":\"https:\/\/www.scientec.es\/wp-content\/uploads\/2023\/10\/image4.png\",\"datePublished\":\"2020-07-22T08:59:58+00:00\",\"dateModified\":\"2023-10-06T08:04:00+00:00\",\"breadcrumb\":{\"@id\":\"https:\/\/www.scientec.es\/es\/analisis-de-superficie\/perfilometros-optcios\/#breadcrumb\"},\"inLanguage\":\"es\",\"potentialAction\":[{\"@type\":\"ReadAction\",\"target\":[\"https:\/\/www.scientec.es\/es\/analisis-de-superficie\/perfilometros-optcios\/\"]}]},{\"@type\":\"ImageObject\",\"inLanguage\":\"es\",\"@id\":\"https:\/\/www.scientec.es\/es\/analisis-de-superficie\/perfilometros-optcios\/#primaryimage\",\"url\":\"https:\/\/www.scientec.es\/wp-content\/uploads\/2023\/10\/image4.png\",\"contentUrl\":\"https:\/\/www.scientec.es\/wp-content\/uploads\/2023\/10\/image4.png\"},{\"@type\":\"BreadcrumbList\",\"@id\":\"https:\/\/www.scientec.es\/es\/analisis-de-superficie\/perfilometros-optcios\/#breadcrumb\",\"itemListElement\":[{\"@type\":\"ListItem\",\"position\":1,\"name\":\"Accueil\",\"item\":\"https:\/\/www.scientec.es\/es\/\"},{\"@type\":\"ListItem\",\"position\":2,\"name\":\"An\u00e1lisis de superficie\",\"item\":\"https:\/\/www.scientec.es\/es\/analisis-de-superficie\/\"},{\"@type\":\"ListItem\",\"position\":3,\"name\":\"PERFILOMETROS OPTCIOS\"}]},{\"@type\":\"WebSite\",\"@id\":\"https:\/\/www.scientec.es\/es\/#website\",\"url\":\"https:\/\/www.scientec.es\/es\/\",\"name\":\"Scientec Ib\u00e9rica\",\"description\":\"La soluci\u00f3n a su medida \",\"publisher\":{\"@id\":\"https:\/\/www.scientec.es\/es\/#organization\"},\"potentialAction\":[{\"@type\":\"SearchAction\",\"target\":{\"@type\":\"EntryPoint\",\"urlTemplate\":\"https:\/\/www.scientec.es\/es\/?s={search_term_string}\"},\"query-input\":{\"@type\":\"PropertyValueSpecification\",\"valueRequired\":true,\"valueName\":\"search_term_string\"}}],\"inLanguage\":\"es\"},{\"@type\":\"Organization\",\"@id\":\"https:\/\/www.scientec.es\/es\/#organization\",\"name\":\"Scientec\",\"url\":\"https:\/\/www.scientec.es\/es\/\",\"logo\":{\"@type\":\"ImageObject\",\"inLanguage\":\"es\",\"@id\":\"https:\/\/www.scientec.es\/es\/#\/schema\/logo\/image\/\",\"url\":\"https:\/\/www.scientec.es\/wp-content\/uploads\/2018\/01\/scientec-slogan.png\",\"contentUrl\":\"https:\/\/www.scientec.es\/wp-content\/uploads\/2018\/01\/scientec-slogan.png\",\"width\":6947,\"height\":1545,\"caption\":\"Scientec\"},\"image\":{\"@id\":\"https:\/\/www.scientec.es\/es\/#\/schema\/logo\/image\/\"}}]}<\/script>\n<!-- \/ Yoast SEO plugin. -->","yoast_head_json":{"title":"PERFILOMETROS OPTCIOS - Scientec Ib\u00e9rica","robots":{"index":"index","follow":"follow","max-snippet":"max-snippet:-1","max-image-preview":"max-image-preview:large","max-video-preview":"max-video-preview:-1"},"canonical":"https:\/\/www.scientec.es\/es\/analisis-de-superficie\/perfilometros-optcios\/","og_locale":"es_ES","og_type":"article","og_title":"PERFILOMETROS OPTCIOS - Scientec Ib\u00e9rica","og_description":"Perfil\u00f3metros Opticos La profilometr\u00eda \u00f3ptica re\u00fane un conjunto de tecnolog\u00edas de metrolog\u00eda de superficie sin contacto. Scientec ofrece una amplia y variada oferta en microscop\u00eda \u00f3ptica: interfer\u00f3metro, confocal, variaci\u00f3n de foco, holograf\u00eda digital&#8230; Obtenga topograf\u00edas de superficie 3D en alta resoluci\u00f3n, r\u00e1pida y f\u00e1cilmente. Luego use los resultados y muestre un an\u00e1lisis en profundidad con [&hellip;]","og_url":"https:\/\/www.scientec.es\/es\/analisis-de-superficie\/perfilometros-optcios\/","og_site_name":"Scientec Ib\u00e9rica","article_modified_time":"2023-10-06T08:04:00+00:00","og_image":[{"url":"https:\/\/www.scientec.es\/wp-content\/uploads\/2023\/10\/image4.png","type":"","width":"","height":""}],"twitter_card":"summary_large_image","twitter_misc":{"Tiempo de lectura":"4 minutos"},"schema":{"@context":"https:\/\/schema.org","@graph":[{"@type":"WebPage","@id":"https:\/\/www.scientec.es\/es\/analisis-de-superficie\/perfilometros-optcios\/","url":"https:\/\/www.scientec.es\/es\/analisis-de-superficie\/perfilometros-optcios\/","name":"PERFILOMETROS OPTCIOS - Scientec Ib\u00e9rica","isPartOf":{"@id":"https:\/\/www.scientec.es\/es\/#website"},"primaryImageOfPage":{"@id":"https:\/\/www.scientec.es\/es\/analisis-de-superficie\/perfilometros-optcios\/#primaryimage"},"image":{"@id":"https:\/\/www.scientec.es\/es\/analisis-de-superficie\/perfilometros-optcios\/#primaryimage"},"thumbnailUrl":"https:\/\/www.scientec.es\/wp-content\/uploads\/2023\/10\/image4.png","datePublished":"2020-07-22T08:59:58+00:00","dateModified":"2023-10-06T08:04:00+00:00","breadcrumb":{"@id":"https:\/\/www.scientec.es\/es\/analisis-de-superficie\/perfilometros-optcios\/#breadcrumb"},"inLanguage":"es","potentialAction":[{"@type":"ReadAction","target":["https:\/\/www.scientec.es\/es\/analisis-de-superficie\/perfilometros-optcios\/"]}]},{"@type":"ImageObject","inLanguage":"es","@id":"https:\/\/www.scientec.es\/es\/analisis-de-superficie\/perfilometros-optcios\/#primaryimage","url":"https:\/\/www.scientec.es\/wp-content\/uploads\/2023\/10\/image4.png","contentUrl":"https:\/\/www.scientec.es\/wp-content\/uploads\/2023\/10\/image4.png"},{"@type":"BreadcrumbList","@id":"https:\/\/www.scientec.es\/es\/analisis-de-superficie\/perfilometros-optcios\/#breadcrumb","itemListElement":[{"@type":"ListItem","position":1,"name":"Accueil","item":"https:\/\/www.scientec.es\/es\/"},{"@type":"ListItem","position":2,"name":"An\u00e1lisis de superficie","item":"https:\/\/www.scientec.es\/es\/analisis-de-superficie\/"},{"@type":"ListItem","position":3,"name":"PERFILOMETROS OPTCIOS"}]},{"@type":"WebSite","@id":"https:\/\/www.scientec.es\/es\/#website","url":"https:\/\/www.scientec.es\/es\/","name":"Scientec Ib\u00e9rica","description":"La soluci\u00f3n a su medida ","publisher":{"@id":"https:\/\/www.scientec.es\/es\/#organization"},"potentialAction":[{"@type":"SearchAction","target":{"@type":"EntryPoint","urlTemplate":"https:\/\/www.scientec.es\/es\/?s={search_term_string}"},"query-input":{"@type":"PropertyValueSpecification","valueRequired":true,"valueName":"search_term_string"}}],"inLanguage":"es"},{"@type":"Organization","@id":"https:\/\/www.scientec.es\/es\/#organization","name":"Scientec","url":"https:\/\/www.scientec.es\/es\/","logo":{"@type":"ImageObject","inLanguage":"es","@id":"https:\/\/www.scientec.es\/es\/#\/schema\/logo\/image\/","url":"https:\/\/www.scientec.es\/wp-content\/uploads\/2018\/01\/scientec-slogan.png","contentUrl":"https:\/\/www.scientec.es\/wp-content\/uploads\/2018\/01\/scientec-slogan.png","width":6947,"height":1545,"caption":"Scientec"},"image":{"@id":"https:\/\/www.scientec.es\/es\/#\/schema\/logo\/image\/"}}]}},"_links":{"self":[{"href":"https:\/\/www.scientec.es\/es\/wp-json\/wp\/v2\/pages\/5066","targetHints":{"allow":["GET"]}}],"collection":[{"href":"https:\/\/www.scientec.es\/es\/wp-json\/wp\/v2\/pages"}],"about":[{"href":"https:\/\/www.scientec.es\/es\/wp-json\/wp\/v2\/types\/page"}],"author":[{"embeddable":true,"href":"https:\/\/www.scientec.es\/es\/wp-json\/wp\/v2\/users\/4"}],"replies":[{"embeddable":true,"href":"https:\/\/www.scientec.es\/es\/wp-json\/wp\/v2\/comments?post=5066"}],"version-history":[{"count":3,"href":"https:\/\/www.scientec.es\/es\/wp-json\/wp\/v2\/pages\/5066\/revisions"}],"predecessor-version":[{"id":5651,"href":"https:\/\/www.scientec.es\/es\/wp-json\/wp\/v2\/pages\/5066\/revisions\/5651"}],"up":[{"embeddable":true,"href":"https:\/\/www.scientec.es\/es\/wp-json\/wp\/v2\/pages\/5031"}],"wp:attachment":[{"href":"https:\/\/www.scientec.es\/es\/wp-json\/wp\/v2\/media?parent=5066"}],"curies":[{"name":"wp","href":"https:\/\/api.w.org\/{rel}","templated":true}]}}