{"id":5086,"date":"2020-07-22T11:23:10","date_gmt":"2020-07-22T09:23:10","guid":{"rendered":"https:\/\/www.scientec.es\/analisis-de-superficie\/profilometria-mecanica\/"},"modified":"2021-12-01T11:14:10","modified_gmt":"2021-12-01T10:14:10","slug":"profilometria-mecanica","status":"publish","type":"page","link":"https:\/\/www.scientec.es\/es\/analisis-de-superficie\/profilometria-mecanica\/","title":{"rendered":"Perfilometr\u00eda mec\u00e1nica"},"content":{"rendered":"\n\n\t<h1>Perfilometr\u00eda mec\u00e1nica<\/h1>\n<p>La profilometr\u00eda mec\u00e1nica es una t\u00e9cnica de medici\u00f3n del perfil topogr\u00e1fico de una superficie mediante contacto. Una punta especial muy fina de diamante se utiliza para barrer la superficie de forma precisa mientras se registra su movimiento vertical con resoluci\u00f3n nanom\u00e9trica. Los perfiles medidos permiten el an\u00e1lisis de la forma, los estados de la superficie (rugosidad, ondulaci\u00f3n, texturizado), medir la topograf\u00eda en XYZ (relieve de superficie 3D), alturas de escal\u00f3n o profundidad de canl, caracterizar la tensi\u00f3n generada mediante un proceso en unasuperficie (tensi\u00f3n 2D \/ 3D). Preciso y con respetibilidad de unos pocos Angstroms en Z y puede acomodar muestras grandes de hasta 500&#215;500 mm. <\/p>\n<p>La multinacional KLA Instruments y Toho Technology son los l\u00edderes del mercado de caracterizaci\u00f3n de superficies desde hace d\u00e9cadas.<\/p>\n<p>Descubra porqu\u00e9 las soluciones de la gama de KLA Instruments y Toho Technology son las n\u00famero 1!!.<\/p>\n\t<h2>P17 Perfil\u00f3metro<br \/>\n<\/h2>\n\t\t\t\t<a href=\"https:\/\/www.scientec.es\/es\/produit\/perfilometro-mecanico-para-la-industria\/\" target=\"_self\" itemprop=\"url\" rel=\"noopener\">\n\t\t\t\t<img decoding=\"async\" src=\"https:\/\/www.scientec.es\/wp-content\/uploads\/2019\/09\/p17.png\" alt=\"P17\" itemprop=\"image\" height=\"800\" width=\"642\" title=\"P17\" onerror=\"this.style.display='none'\"  \/>\n\t\t\t\t<\/a>\n\t<p>P-17 es el mejor perfil\u00f3metro de la serie P dise\u00f1ado por KLA, una combinaci\u00f3n de d\u00e9cadas de conocimiento especialmente adaptado a las preguntas de la industria. El perfil\u00f3metro m\u00e1s eficiente y efectivo, el P-17 tiene una serie de caracter\u00edsticas \u00fanicas que lo hacen inmejorable en el mercado de los perfiles de alta resoluci\u00f3n para I&amp;D e Industria. El P17 es una versi\u00f3n totalmente motorizada y automatizada.<\/p>\n\n\t<h2>P7 Perfil\u00f3metro<br \/>\n<\/h2>\n\t\t\t\t<a href=\"https:\/\/www.scientec.es\/es\/produit\/perfilometro-mecanico-con-la-mejor-relacion-calidad-precio\/\" target=\"_self\" itemprop=\"url\" rel=\"noopener\">\n\t\t\t\t<img decoding=\"async\" src=\"https:\/\/www.scientec.es\/wp-content\/uploads\/2019\/09\/p7.png\" alt=\"P7\" itemprop=\"image\" height=\"800\" width=\"635\" title=\"P7\" onerror=\"this.style.display='none'\"  \/>\n\t\t\t\t<\/a>\n\t<p>Un perfil\u00f3metro compacto P7, es la versi\u00f3n ligera del P17, que ofrece lo mejor de la tecnolog\u00eda KLA a un bajo costo y satisface la mayor\u00eda de las necesidades de metrolog\u00eda de superficie. Tiene una platina de 150 mm, motorizada en XY. La rotaci\u00f3n es manual a m\u00e1s de 360 \u200b\u200b\u00b0. El P-7 es una herramienta de metrolog\u00eda particularmente apreciada en Control de Calidad para Investigaci\u00f3n e Industria.<\/p>\n\n\t<h2>D600 Perfil\u00f3metro<br \/>\n<\/h2>\n\t\t\t\t<a href=\"https:\/\/www.scientec.es\/es\/produit\/perfilometro-mecanico-del-nanometro-a-milimetro\/\" target=\"_self\" itemprop=\"url\" rel=\"noopener\">\n\t\t\t\t<img decoding=\"async\" src=\"https:\/\/www.scientec.es\/wp-content\/uploads\/2019\/09\/d600.png\" alt=\"D600\" itemprop=\"image\" height=\"597\" width=\"800\" title=\"D600\" onerror=\"this.style.display='none'\"  \/>\n\t\t\t\t<\/a>\n\tLa serie KLA D incluye perfil\u00f3metros dedicados a I&amp;D. El perfil\u00f3metro D600 permite la medici\u00f3n y an\u00e1lisis de perfiles 2D y 3D. Est\u00e1 equipado con una platina de 200 mm con motorizaci\u00f3n de movimiento XY, con rotaci\u00f3n manual de 360\u00b0 y una succi\u00f3n central. Como est\u00e1ndar, ya tiene un detector \u00f3ptico doble que permite un rango de medici\u00f3n vertical de 0-1200 \u00b5m con precisi\u00f3n subnanom\u00e9trica y una fuerza de presi\u00f3n baja ajustable (0.03 a 15 mg).<br \/>\n<a href=\"https:\/\/www.scientec.es\/es\/produit\/perfilometro-mecanico-del-nanometro-a-milimetro\/\">M\u00e1s informaci\u00f3n&gt;<\/a>\n\t<h2>D500 Perfil\u00f3metro<br \/>\n<\/h2>\n\t\t\t\t<a href=\"https:\/\/www.scientec.es\/es\/produit\/perfilometro-mecanico-2d\/\" target=\"_self\" itemprop=\"url\" rel=\"noopener\">\n\t\t\t\t<img decoding=\"async\" src=\"https:\/\/www.scientec.es\/wp-content\/uploads\/2019\/09\/d500.png\" alt=\"D500\" itemprop=\"image\" height=\"597\" width=\"800\" title=\"D500\" onerror=\"this.style.display='none'\"  \/>\n\t\t\t\t<\/a>\n\t<p>La serie KLA D incluye perfil\u00f3metros dedicados a I&amp;D. El perfil\u00f3metro D500 permite la medici\u00f3n y an\u00e1lisis de perfiles 2D. Est\u00e1 equipado con una platina de 150 mm con desplazamiento XY y rotaci\u00f3n manual. Como est\u00e1ndar, ya tiene un detector \u00f3ptico doble que permite un rango de medici\u00f3n vertical de 0-1200 \u00b5m con precisi\u00f3n subnanom\u00e9trica y una fuerza de presi\u00f3n baja ajustable (0.03 a 15 mg). Muy apreciado por el dep\u00f3sito \/ grabado o medici\u00f3n de la estructura.<\/p>\n\n\t<h2>Perfil\u00f3metros serie FP<br \/>\n<\/h2>\n\t\t\t\t<a href=\"https:\/\/www.scientec.es\/es\/produit\/perfilometro-mecanico-muestras-grandes\/\" target=\"_self\" itemprop=\"url\" rel=\"noopener\">\n\t\t\t\t<img decoding=\"async\" src=\"https:\/\/www.scientec.es\/wp-content\/uploads\/2019\/09\/fp-series.png\" alt=\"Fp-series\" itemprop=\"image\" height=\"801\" width=\"1201\" title=\"Fp-series\" onerror=\"this.style.display='none'\"  \/>\n\t\t\t\t<\/a>\n\t<p>Toho Technology ofrece soluciones de metrolog\u00eda de superficie adecuadas para muestras grandes (de 200 a 500 mm). Usando los cabezales de medici\u00f3n de KLA Tencor, el rendimiento de la serie FP logra una precisi\u00f3n subnanom\u00e9trica vertical. El \u00absavoir-faire\u00bb de Toho se basa principalmente en la adaptaci\u00f3n a trazos de barrido largos y el reposicionamiento con alta reproducibilidad.<\/p>\n\n\t<h2>Est\u00e1ndares de calibraci\u00f3n<\/h2>\n\t\t\t\t<a href=\"https:\/\/www.scientec.es\/es\/produit\/calibracion-de-estandares-paso-estandar\/\" target=\"_self\" itemprop=\"url\" rel=\"noopener\">\n\t\t\t\t<img decoding=\"async\" src=\"https:\/\/www.scientec.es\/wp-content\/uploads\/2019\/09\/standard-calibration.jpg\" alt=\"Standard-calibration\" itemprop=\"image\" height=\"455\" width=\"488\" title=\"Standard-calibration\" onerror=\"this.style.display='none'\"  \/>\n\t\t\t\t<\/a>\n\t<p>Este est\u00e1ndar de calibraci\u00f3n vers\u00e1til est\u00e1 dise\u00f1ado para la calibraci\u00f3n de perfiladores AFM, SEM, \u00f3pticos y mec\u00e1nicos. Las caracter\u00edsticas incluyen alturas de paso, l\u00edneas, cuadr\u00edculas, caja de aumento y estructuras de medici\u00f3n de diferentes pasos. Las caracter\u00edsticas est\u00e1n grabadas en SiO2 y Si y est\u00e1n disponibles opcionalmente con un recubrimiento met\u00e1lico para mejorar la reflectividad y reducir las cargas est\u00e1ticas.<\/p>\n\n\n","protected":false},"excerpt":{"rendered":"<p>Perfilometr\u00eda mec\u00e1nica La profilometr\u00eda mec\u00e1nica es una t\u00e9cnica de medici\u00f3n del perfil topogr\u00e1fico de una superficie mediante contacto. Una punta especial muy fina de diamante se utiliza para barrer la superficie de forma precisa mientras se registra su movimiento vertical con resoluci\u00f3n nanom\u00e9trica. Los perfiles medidos permiten el an\u00e1lisis de la forma, los estados de [&hellip;]<\/p>\n","protected":false},"author":4,"featured_media":0,"parent":5031,"menu_order":0,"comment_status":"closed","ping_status":"closed","template":"","meta":{"footnotes":""},"class_list":{"0":"post-5086","1":"page","2":"type-page","3":"status-publish","5":"entry","6":"has-post-thumbnail"},"yoast_head":"<!-- This site is optimized with the Yoast SEO plugin v27.0 - https:\/\/yoast.com\/product\/yoast-seo-wordpress\/ -->\n<title>Perfilometr\u00eda mec\u00e1nica - Scientec Ib\u00e9rica<\/title>\n<meta name=\"robots\" content=\"index, follow, max-snippet:-1, max-image-preview:large, max-video-preview:-1\" \/>\n<link rel=\"canonical\" href=\"https:\/\/www.scientec.es\/es\/analisis-de-superficie\/profilometria-mecanica\/\" \/>\n<meta property=\"og:locale\" content=\"es_ES\" \/>\n<meta property=\"og:type\" content=\"article\" \/>\n<meta property=\"og:title\" content=\"Perfilometr\u00eda mec\u00e1nica - Scientec Ib\u00e9rica\" \/>\n<meta property=\"og:description\" content=\"Perfilometr\u00eda mec\u00e1nica La profilometr\u00eda mec\u00e1nica es una t\u00e9cnica de medici\u00f3n del perfil topogr\u00e1fico de una superficie mediante contacto. Una punta especial muy fina de diamante se utiliza para barrer la superficie de forma precisa mientras se registra su movimiento vertical con resoluci\u00f3n nanom\u00e9trica. Los perfiles medidos permiten el an\u00e1lisis de la forma, los estados de [&hellip;]\" \/>\n<meta property=\"og:url\" content=\"https:\/\/www.scientec.es\/es\/analisis-de-superficie\/profilometria-mecanica\/\" \/>\n<meta property=\"og:site_name\" content=\"Scientec Ib\u00e9rica\" \/>\n<meta property=\"article:modified_time\" content=\"2021-12-01T10:14:10+00:00\" \/>\n<meta property=\"og:image\" content=\"https:\/\/www.scientec.es\/wp-content\/uploads\/2019\/09\/p17.png\" \/>\n<meta name=\"twitter:card\" content=\"summary_large_image\" \/>\n<meta name=\"twitter:label1\" content=\"Tiempo de lectura\" \/>\n\t<meta name=\"twitter:data1\" content=\"3 minutos\" \/>\n<script type=\"application\/ld+json\" class=\"yoast-schema-graph\">{\"@context\":\"https:\/\/schema.org\",\"@graph\":[{\"@type\":\"WebPage\",\"@id\":\"https:\/\/www.scientec.es\/es\/analisis-de-superficie\/profilometria-mecanica\/\",\"url\":\"https:\/\/www.scientec.es\/es\/analisis-de-superficie\/profilometria-mecanica\/\",\"name\":\"Perfilometr\u00eda mec\u00e1nica - Scientec Ib\u00e9rica\",\"isPartOf\":{\"@id\":\"https:\/\/www.scientec.es\/es\/#website\"},\"primaryImageOfPage\":{\"@id\":\"https:\/\/www.scientec.es\/es\/analisis-de-superficie\/profilometria-mecanica\/#primaryimage\"},\"image\":{\"@id\":\"https:\/\/www.scientec.es\/es\/analisis-de-superficie\/profilometria-mecanica\/#primaryimage\"},\"thumbnailUrl\":\"https:\/\/www.scientec.es\/wp-content\/uploads\/2019\/09\/p17.png\",\"datePublished\":\"2020-07-22T09:23:10+00:00\",\"dateModified\":\"2021-12-01T10:14:10+00:00\",\"breadcrumb\":{\"@id\":\"https:\/\/www.scientec.es\/es\/analisis-de-superficie\/profilometria-mecanica\/#breadcrumb\"},\"inLanguage\":\"es\",\"potentialAction\":[{\"@type\":\"ReadAction\",\"target\":[\"https:\/\/www.scientec.es\/es\/analisis-de-superficie\/profilometria-mecanica\/\"]}]},{\"@type\":\"ImageObject\",\"inLanguage\":\"es\",\"@id\":\"https:\/\/www.scientec.es\/es\/analisis-de-superficie\/profilometria-mecanica\/#primaryimage\",\"url\":\"https:\/\/www.scientec.es\/wp-content\/uploads\/2019\/09\/p17.png\",\"contentUrl\":\"https:\/\/www.scientec.es\/wp-content\/uploads\/2019\/09\/p17.png\"},{\"@type\":\"BreadcrumbList\",\"@id\":\"https:\/\/www.scientec.es\/es\/analisis-de-superficie\/profilometria-mecanica\/#breadcrumb\",\"itemListElement\":[{\"@type\":\"ListItem\",\"position\":1,\"name\":\"Accueil\",\"item\":\"https:\/\/www.scientec.es\/es\/\"},{\"@type\":\"ListItem\",\"position\":2,\"name\":\"An\u00e1lisis de superficie\",\"item\":\"https:\/\/www.scientec.es\/es\/analisis-de-superficie\/\"},{\"@type\":\"ListItem\",\"position\":3,\"name\":\"Perfilometr\u00eda mec\u00e1nica\"}]},{\"@type\":\"WebSite\",\"@id\":\"https:\/\/www.scientec.es\/es\/#website\",\"url\":\"https:\/\/www.scientec.es\/es\/\",\"name\":\"Scientec Ib\u00e9rica\",\"description\":\"La soluci\u00f3n a su medida \",\"publisher\":{\"@id\":\"https:\/\/www.scientec.es\/es\/#organization\"},\"potentialAction\":[{\"@type\":\"SearchAction\",\"target\":{\"@type\":\"EntryPoint\",\"urlTemplate\":\"https:\/\/www.scientec.es\/es\/?s={search_term_string}\"},\"query-input\":{\"@type\":\"PropertyValueSpecification\",\"valueRequired\":true,\"valueName\":\"search_term_string\"}}],\"inLanguage\":\"es\"},{\"@type\":\"Organization\",\"@id\":\"https:\/\/www.scientec.es\/es\/#organization\",\"name\":\"Scientec\",\"url\":\"https:\/\/www.scientec.es\/es\/\",\"logo\":{\"@type\":\"ImageObject\",\"inLanguage\":\"es\",\"@id\":\"https:\/\/www.scientec.es\/es\/#\/schema\/logo\/image\/\",\"url\":\"https:\/\/www.scientec.es\/wp-content\/uploads\/2018\/01\/scientec-slogan.png\",\"contentUrl\":\"https:\/\/www.scientec.es\/wp-content\/uploads\/2018\/01\/scientec-slogan.png\",\"width\":6947,\"height\":1545,\"caption\":\"Scientec\"},\"image\":{\"@id\":\"https:\/\/www.scientec.es\/es\/#\/schema\/logo\/image\/\"}}]}<\/script>\n<!-- \/ Yoast SEO plugin. -->","yoast_head_json":{"title":"Perfilometr\u00eda mec\u00e1nica - Scientec Ib\u00e9rica","robots":{"index":"index","follow":"follow","max-snippet":"max-snippet:-1","max-image-preview":"max-image-preview:large","max-video-preview":"max-video-preview:-1"},"canonical":"https:\/\/www.scientec.es\/es\/analisis-de-superficie\/profilometria-mecanica\/","og_locale":"es_ES","og_type":"article","og_title":"Perfilometr\u00eda mec\u00e1nica - Scientec Ib\u00e9rica","og_description":"Perfilometr\u00eda mec\u00e1nica La profilometr\u00eda mec\u00e1nica es una t\u00e9cnica de medici\u00f3n del perfil topogr\u00e1fico de una superficie mediante contacto. Una punta especial muy fina de diamante se utiliza para barrer la superficie de forma precisa mientras se registra su movimiento vertical con resoluci\u00f3n nanom\u00e9trica. Los perfiles medidos permiten el an\u00e1lisis de la forma, los estados de [&hellip;]","og_url":"https:\/\/www.scientec.es\/es\/analisis-de-superficie\/profilometria-mecanica\/","og_site_name":"Scientec Ib\u00e9rica","article_modified_time":"2021-12-01T10:14:10+00:00","og_image":[{"url":"https:\/\/www.scientec.es\/wp-content\/uploads\/2019\/09\/p17.png","type":"","width":"","height":""}],"twitter_card":"summary_large_image","twitter_misc":{"Tiempo de lectura":"3 minutos"},"schema":{"@context":"https:\/\/schema.org","@graph":[{"@type":"WebPage","@id":"https:\/\/www.scientec.es\/es\/analisis-de-superficie\/profilometria-mecanica\/","url":"https:\/\/www.scientec.es\/es\/analisis-de-superficie\/profilometria-mecanica\/","name":"Perfilometr\u00eda mec\u00e1nica - Scientec Ib\u00e9rica","isPartOf":{"@id":"https:\/\/www.scientec.es\/es\/#website"},"primaryImageOfPage":{"@id":"https:\/\/www.scientec.es\/es\/analisis-de-superficie\/profilometria-mecanica\/#primaryimage"},"image":{"@id":"https:\/\/www.scientec.es\/es\/analisis-de-superficie\/profilometria-mecanica\/#primaryimage"},"thumbnailUrl":"https:\/\/www.scientec.es\/wp-content\/uploads\/2019\/09\/p17.png","datePublished":"2020-07-22T09:23:10+00:00","dateModified":"2021-12-01T10:14:10+00:00","breadcrumb":{"@id":"https:\/\/www.scientec.es\/es\/analisis-de-superficie\/profilometria-mecanica\/#breadcrumb"},"inLanguage":"es","potentialAction":[{"@type":"ReadAction","target":["https:\/\/www.scientec.es\/es\/analisis-de-superficie\/profilometria-mecanica\/"]}]},{"@type":"ImageObject","inLanguage":"es","@id":"https:\/\/www.scientec.es\/es\/analisis-de-superficie\/profilometria-mecanica\/#primaryimage","url":"https:\/\/www.scientec.es\/wp-content\/uploads\/2019\/09\/p17.png","contentUrl":"https:\/\/www.scientec.es\/wp-content\/uploads\/2019\/09\/p17.png"},{"@type":"BreadcrumbList","@id":"https:\/\/www.scientec.es\/es\/analisis-de-superficie\/profilometria-mecanica\/#breadcrumb","itemListElement":[{"@type":"ListItem","position":1,"name":"Accueil","item":"https:\/\/www.scientec.es\/es\/"},{"@type":"ListItem","position":2,"name":"An\u00e1lisis de superficie","item":"https:\/\/www.scientec.es\/es\/analisis-de-superficie\/"},{"@type":"ListItem","position":3,"name":"Perfilometr\u00eda mec\u00e1nica"}]},{"@type":"WebSite","@id":"https:\/\/www.scientec.es\/es\/#website","url":"https:\/\/www.scientec.es\/es\/","name":"Scientec Ib\u00e9rica","description":"La soluci\u00f3n a su medida ","publisher":{"@id":"https:\/\/www.scientec.es\/es\/#organization"},"potentialAction":[{"@type":"SearchAction","target":{"@type":"EntryPoint","urlTemplate":"https:\/\/www.scientec.es\/es\/?s={search_term_string}"},"query-input":{"@type":"PropertyValueSpecification","valueRequired":true,"valueName":"search_term_string"}}],"inLanguage":"es"},{"@type":"Organization","@id":"https:\/\/www.scientec.es\/es\/#organization","name":"Scientec","url":"https:\/\/www.scientec.es\/es\/","logo":{"@type":"ImageObject","inLanguage":"es","@id":"https:\/\/www.scientec.es\/es\/#\/schema\/logo\/image\/","url":"https:\/\/www.scientec.es\/wp-content\/uploads\/2018\/01\/scientec-slogan.png","contentUrl":"https:\/\/www.scientec.es\/wp-content\/uploads\/2018\/01\/scientec-slogan.png","width":6947,"height":1545,"caption":"Scientec"},"image":{"@id":"https:\/\/www.scientec.es\/es\/#\/schema\/logo\/image\/"}}]}},"_links":{"self":[{"href":"https:\/\/www.scientec.es\/es\/wp-json\/wp\/v2\/pages\/5086","targetHints":{"allow":["GET"]}}],"collection":[{"href":"https:\/\/www.scientec.es\/es\/wp-json\/wp\/v2\/pages"}],"about":[{"href":"https:\/\/www.scientec.es\/es\/wp-json\/wp\/v2\/types\/page"}],"author":[{"embeddable":true,"href":"https:\/\/www.scientec.es\/es\/wp-json\/wp\/v2\/users\/4"}],"replies":[{"embeddable":true,"href":"https:\/\/www.scientec.es\/es\/wp-json\/wp\/v2\/comments?post=5086"}],"version-history":[{"count":3,"href":"https:\/\/www.scientec.es\/es\/wp-json\/wp\/v2\/pages\/5086\/revisions"}],"predecessor-version":[{"id":5603,"href":"https:\/\/www.scientec.es\/es\/wp-json\/wp\/v2\/pages\/5086\/revisions\/5603"}],"up":[{"embeddable":true,"href":"https:\/\/www.scientec.es\/es\/wp-json\/wp\/v2\/pages\/5031"}],"wp:attachment":[{"href":"https:\/\/www.scientec.es\/es\/wp-json\/wp\/v2\/media?parent=5086"}],"curies":[{"name":"wp","href":"https:\/\/api.w.org\/{rel}","templated":true}]}}