{"id":5095,"date":"2020-07-22T11:30:13","date_gmt":"2020-07-22T09:30:13","guid":{"rendered":"https:\/\/www.scientec.es\/analisis-de-superficie\/reflectometria-medida-de-espesor-de-capa-delgada\/"},"modified":"2021-02-23T15:29:09","modified_gmt":"2021-02-23T14:29:09","slug":"reflectometria-medida-de-espesor-de-capa-delgada","status":"publish","type":"page","link":"https:\/\/www.scientec.es\/es\/analisis-de-superficie\/reflectometria-medida-de-espesor-de-capa-delgada\/","title":{"rendered":"Reflectometr\u00eda (Medida de espesor de capa delgada)"},"content":{"rendered":"\n\n\t<h1><strong>Reflectometr\u00eda (Medida de espesor de capa delgada)<\/strong><\/h1>\n<p>&nbsp;<\/p>\nLos sistemas de medici\u00f3n de reflectometr\u00eda de pel\u00edcula delgada permiten medir la reflectancia, el grosor y los \u00edndices \u00f3pticos de una o varias capas depositadas sobre una superficie de forma r\u00e1pida y con alta precisi\u00f3n. Con el equipo Filmetrics \/ KLA, Scientec ofrece una amplia gama de soluciones de medici\u00f3n \u00fanica \/ m\u00faltiple, en l\u00ednea, adaptadas al microscopio o in situ.<br \/>\n<strong>Desde 1 nm hasta 10mm? Sin problema<\/strong><br \/>\nCon un solo clic, puede medir y deducir el espectro de reflectancia del grosor de una pel\u00edcula delgada analizando c\u00f3mo la pel\u00edcula refleja la luz. Al medir la luz no visible para el ojo humano, se pueden medir pel\u00edculas tan delgadas como 1 nm y tan gruesas como 13 mm &#8230;\n\t<h2><strong><a href=\"\/?p=3574\">Spot measurement<\/a><\/strong><\/h2>\n\t\t\t\t<a href=\"https:\/\/www.scientec.es\/es\/produit\/medicion-puntual-de-espesor-de-capa\/\" target=\"_self\" itemprop=\"url\" rel=\"noopener\">\n\t\t\t\t<img decoding=\"async\" src=\"https:\/\/www.scientec.es\/wp-content\/uploads\/2019\/09\/f20.jpg\" alt=\"F20\" itemprop=\"image\" height=\"466\" width=\"700\" title=\"F20\" onerror=\"this.style.display='none'\"  \/>\n\t\t\t\t<\/a>\n\t\n\n<p>&nbsp;<\/p>\n\n\n<p>&nbsp;<\/p>\n<p>&nbsp;<\/p>\n<p>&nbsp;<\/p>\n<p>&nbsp;<\/p>\n<p>&nbsp;<\/p>\n<p>&nbsp;<\/p>\n<p>&nbsp;<\/p>\n\t<h2>Adaptable al microscopio<\/h2>\n\t\t\t\t<a href=\"https:\/\/www.scientec.es\/es\/produit\/reflectometros-adaptables-al-microscopio\/\" target=\"_self\" itemprop=\"url\" rel=\"noopener\">\n\t\t\t\t<img decoding=\"async\" src=\"https:\/\/www.scientec.es\/wp-content\/uploads\/2019\/09\/f40.jpg\" alt=\"F40\" itemprop=\"image\" height=\"466\" width=\"700\" title=\"F40\" onerror=\"this.style.display='none'\"  \/>\n\t\t\t\t<\/a>\n\t\n\n<p>&nbsp;<\/p>\n<p>&nbsp;<\/p>\n<p>&nbsp;<\/p>\n<p>&nbsp;<\/p>\n<p>&nbsp;<\/p>\n<p>&nbsp;<\/p>\n<p>&nbsp;<\/p>\n<p>&nbsp;<\/p>\n<p>&nbsp;<\/p>\n<p>&nbsp;<\/p>\n<p>&nbsp;<\/p>\n\t<h2>Mapeo automatizado<\/h2>\n\t\t\t\t<a href=\"https:\/\/www.scientec.es\/es\/produit\/reflectometros-automaticos-de-cartografia\/\" target=\"_self\" itemprop=\"url\" rel=\"noopener\">\n\t\t\t\t<img decoding=\"async\" src=\"https:\/\/www.scientec.es\/wp-content\/uploads\/2019\/09\/f50.jpg\" alt=\"F50\" itemprop=\"image\" height=\"466\" width=\"700\" title=\"F50\" onerror=\"this.style.display='none'\"  \/>\n\t\t\t\t<\/a>\n\t<p>Mapeo de <strong>espesores personalizables<\/strong> hasta 300mm<\/p>\n\n\n<p>&nbsp;<\/p>\n\n<p>&nbsp;<\/p>\n\n\t<h2><strong><a href=\"\/?p=3625\">Multi-sitio \/<br \/>\nin situ<\/a><\/strong><\/h2>\n\t\t\t\t<a href=\"https:\/\/www.scientec.es\/es\/produit\/reflectometros-multisitio-in-situ\/\" target=\"_self\" itemprop=\"url\" rel=\"noopener\">\n\t\t\t\t<img decoding=\"async\" src=\"https:\/\/www.scientec.es\/wp-content\/uploads\/2019\/09\/inline-monitoring-f30.jpg\" alt=\"Inline-monitoring-f30\" itemprop=\"image\" height=\"500\" width=\"600\" title=\"Inline-monitoring-f30\" onerror=\"this.style.display='none'\"  \/>\n\t\t\t\t<\/a>\n\t\n\n<p>&nbsp;<\/p>\n<p>&nbsp;<\/p>\n<p>&nbsp;<\/p>\n<p>&nbsp;<\/p>\n<p>&nbsp;<\/p>\n<p>&nbsp;<\/p>\n<p>&nbsp;<\/p>\n<p>&nbsp;<\/p>\n<p>&nbsp;<\/p>\n<p>&nbsp;<\/p>\n<p>&nbsp;<\/p>\n\n","protected":false},"excerpt":{"rendered":"<p>Reflectometr\u00eda (Medida de espesor de capa delgada) &nbsp; Los sistemas de medici\u00f3n de reflectometr\u00eda de pel\u00edcula delgada permiten medir la reflectancia, el grosor y los \u00edndices \u00f3pticos de una o varias capas depositadas sobre una superficie de forma r\u00e1pida y con alta precisi\u00f3n. Con el equipo Filmetrics \/ KLA, Scientec ofrece una amplia gama de [&hellip;]<\/p>\n","protected":false},"author":4,"featured_media":0,"parent":5031,"menu_order":0,"comment_status":"closed","ping_status":"closed","template":"","meta":{"footnotes":""},"class_list":{"0":"post-5095","1":"page","2":"type-page","3":"status-publish","5":"entry","6":"has-post-thumbnail"},"yoast_head":"<!-- This site is optimized with the Yoast SEO plugin v27.0 - https:\/\/yoast.com\/product\/yoast-seo-wordpress\/ -->\n<title>Reflectometr\u00eda (Medida de espesor de capa delgada) - Scientec Ib\u00e9rica<\/title>\n<meta name=\"robots\" content=\"index, follow, max-snippet:-1, max-image-preview:large, max-video-preview:-1\" \/>\n<link rel=\"canonical\" href=\"https:\/\/www.scientec.es\/es\/analisis-de-superficie\/reflectometria-medida-de-espesor-de-capa-delgada\/\" \/>\n<meta property=\"og:locale\" content=\"es_ES\" \/>\n<meta property=\"og:type\" content=\"article\" \/>\n<meta property=\"og:title\" content=\"Reflectometr\u00eda (Medida de espesor de capa delgada) - Scientec Ib\u00e9rica\" \/>\n<meta property=\"og:description\" content=\"Reflectometr\u00eda (Medida de espesor de capa delgada) &nbsp; Los sistemas de medici\u00f3n de reflectometr\u00eda de pel\u00edcula delgada permiten medir la reflectancia, el grosor y los \u00edndices \u00f3pticos de una o varias capas depositadas sobre una superficie de forma r\u00e1pida y con alta precisi\u00f3n. Con el equipo Filmetrics \/ KLA, Scientec ofrece una amplia gama de [&hellip;]\" \/>\n<meta property=\"og:url\" content=\"https:\/\/www.scientec.es\/es\/analisis-de-superficie\/reflectometria-medida-de-espesor-de-capa-delgada\/\" \/>\n<meta property=\"og:site_name\" content=\"Scientec Ib\u00e9rica\" \/>\n<meta property=\"article:modified_time\" content=\"2021-02-23T14:29:09+00:00\" \/>\n<meta property=\"og:image\" content=\"https:\/\/www.scientec.es\/wp-content\/uploads\/2019\/09\/f20.jpg\" \/>\n<meta name=\"twitter:card\" content=\"summary_large_image\" \/>\n<meta name=\"twitter:label1\" content=\"Tiempo de lectura\" \/>\n\t<meta name=\"twitter:data1\" content=\"1 minuto\" \/>\n<script type=\"application\/ld+json\" class=\"yoast-schema-graph\">{\"@context\":\"https:\/\/schema.org\",\"@graph\":[{\"@type\":\"WebPage\",\"@id\":\"https:\/\/www.scientec.es\/es\/analisis-de-superficie\/reflectometria-medida-de-espesor-de-capa-delgada\/\",\"url\":\"https:\/\/www.scientec.es\/es\/analisis-de-superficie\/reflectometria-medida-de-espesor-de-capa-delgada\/\",\"name\":\"Reflectometr\u00eda (Medida de espesor de capa delgada) - Scientec Ib\u00e9rica\",\"isPartOf\":{\"@id\":\"https:\/\/www.scientec.es\/es\/#website\"},\"primaryImageOfPage\":{\"@id\":\"https:\/\/www.scientec.es\/es\/analisis-de-superficie\/reflectometria-medida-de-espesor-de-capa-delgada\/#primaryimage\"},\"image\":{\"@id\":\"https:\/\/www.scientec.es\/es\/analisis-de-superficie\/reflectometria-medida-de-espesor-de-capa-delgada\/#primaryimage\"},\"thumbnailUrl\":\"https:\/\/www.scientec.es\/wp-content\/uploads\/2019\/09\/f20.jpg\",\"datePublished\":\"2020-07-22T09:30:13+00:00\",\"dateModified\":\"2021-02-23T14:29:09+00:00\",\"breadcrumb\":{\"@id\":\"https:\/\/www.scientec.es\/es\/analisis-de-superficie\/reflectometria-medida-de-espesor-de-capa-delgada\/#breadcrumb\"},\"inLanguage\":\"es\",\"potentialAction\":[{\"@type\":\"ReadAction\",\"target\":[\"https:\/\/www.scientec.es\/es\/analisis-de-superficie\/reflectometria-medida-de-espesor-de-capa-delgada\/\"]}]},{\"@type\":\"ImageObject\",\"inLanguage\":\"es\",\"@id\":\"https:\/\/www.scientec.es\/es\/analisis-de-superficie\/reflectometria-medida-de-espesor-de-capa-delgada\/#primaryimage\",\"url\":\"https:\/\/www.scientec.es\/wp-content\/uploads\/2019\/09\/f20.jpg\",\"contentUrl\":\"https:\/\/www.scientec.es\/wp-content\/uploads\/2019\/09\/f20.jpg\"},{\"@type\":\"BreadcrumbList\",\"@id\":\"https:\/\/www.scientec.es\/es\/analisis-de-superficie\/reflectometria-medida-de-espesor-de-capa-delgada\/#breadcrumb\",\"itemListElement\":[{\"@type\":\"ListItem\",\"position\":1,\"name\":\"Accueil\",\"item\":\"https:\/\/www.scientec.es\/es\/\"},{\"@type\":\"ListItem\",\"position\":2,\"name\":\"An\u00e1lisis de superficie\",\"item\":\"https:\/\/www.scientec.es\/es\/analisis-de-superficie\/\"},{\"@type\":\"ListItem\",\"position\":3,\"name\":\"Reflectometr\u00eda (Medida de espesor de capa delgada)\"}]},{\"@type\":\"WebSite\",\"@id\":\"https:\/\/www.scientec.es\/es\/#website\",\"url\":\"https:\/\/www.scientec.es\/es\/\",\"name\":\"Scientec Ib\u00e9rica\",\"description\":\"La soluci\u00f3n a su medida \",\"publisher\":{\"@id\":\"https:\/\/www.scientec.es\/es\/#organization\"},\"potentialAction\":[{\"@type\":\"SearchAction\",\"target\":{\"@type\":\"EntryPoint\",\"urlTemplate\":\"https:\/\/www.scientec.es\/es\/?s={search_term_string}\"},\"query-input\":{\"@type\":\"PropertyValueSpecification\",\"valueRequired\":true,\"valueName\":\"search_term_string\"}}],\"inLanguage\":\"es\"},{\"@type\":\"Organization\",\"@id\":\"https:\/\/www.scientec.es\/es\/#organization\",\"name\":\"Scientec\",\"url\":\"https:\/\/www.scientec.es\/es\/\",\"logo\":{\"@type\":\"ImageObject\",\"inLanguage\":\"es\",\"@id\":\"https:\/\/www.scientec.es\/es\/#\/schema\/logo\/image\/\",\"url\":\"https:\/\/www.scientec.es\/wp-content\/uploads\/2018\/01\/scientec-slogan.png\",\"contentUrl\":\"https:\/\/www.scientec.es\/wp-content\/uploads\/2018\/01\/scientec-slogan.png\",\"width\":6947,\"height\":1545,\"caption\":\"Scientec\"},\"image\":{\"@id\":\"https:\/\/www.scientec.es\/es\/#\/schema\/logo\/image\/\"}}]}<\/script>\n<!-- \/ Yoast SEO plugin. -->","yoast_head_json":{"title":"Reflectometr\u00eda (Medida de espesor de capa delgada) - Scientec Ib\u00e9rica","robots":{"index":"index","follow":"follow","max-snippet":"max-snippet:-1","max-image-preview":"max-image-preview:large","max-video-preview":"max-video-preview:-1"},"canonical":"https:\/\/www.scientec.es\/es\/analisis-de-superficie\/reflectometria-medida-de-espesor-de-capa-delgada\/","og_locale":"es_ES","og_type":"article","og_title":"Reflectometr\u00eda (Medida de espesor de capa delgada) - Scientec Ib\u00e9rica","og_description":"Reflectometr\u00eda (Medida de espesor de capa delgada) &nbsp; Los sistemas de medici\u00f3n de reflectometr\u00eda de pel\u00edcula delgada permiten medir la reflectancia, el grosor y los \u00edndices \u00f3pticos de una o varias capas depositadas sobre una superficie de forma r\u00e1pida y con alta precisi\u00f3n. Con el equipo Filmetrics \/ KLA, Scientec ofrece una amplia gama de [&hellip;]","og_url":"https:\/\/www.scientec.es\/es\/analisis-de-superficie\/reflectometria-medida-de-espesor-de-capa-delgada\/","og_site_name":"Scientec Ib\u00e9rica","article_modified_time":"2021-02-23T14:29:09+00:00","og_image":[{"url":"https:\/\/www.scientec.es\/wp-content\/uploads\/2019\/09\/f20.jpg","type":"","width":"","height":""}],"twitter_card":"summary_large_image","twitter_misc":{"Tiempo de lectura":"1 minuto"},"schema":{"@context":"https:\/\/schema.org","@graph":[{"@type":"WebPage","@id":"https:\/\/www.scientec.es\/es\/analisis-de-superficie\/reflectometria-medida-de-espesor-de-capa-delgada\/","url":"https:\/\/www.scientec.es\/es\/analisis-de-superficie\/reflectometria-medida-de-espesor-de-capa-delgada\/","name":"Reflectometr\u00eda (Medida de espesor de capa delgada) - Scientec Ib\u00e9rica","isPartOf":{"@id":"https:\/\/www.scientec.es\/es\/#website"},"primaryImageOfPage":{"@id":"https:\/\/www.scientec.es\/es\/analisis-de-superficie\/reflectometria-medida-de-espesor-de-capa-delgada\/#primaryimage"},"image":{"@id":"https:\/\/www.scientec.es\/es\/analisis-de-superficie\/reflectometria-medida-de-espesor-de-capa-delgada\/#primaryimage"},"thumbnailUrl":"https:\/\/www.scientec.es\/wp-content\/uploads\/2019\/09\/f20.jpg","datePublished":"2020-07-22T09:30:13+00:00","dateModified":"2021-02-23T14:29:09+00:00","breadcrumb":{"@id":"https:\/\/www.scientec.es\/es\/analisis-de-superficie\/reflectometria-medida-de-espesor-de-capa-delgada\/#breadcrumb"},"inLanguage":"es","potentialAction":[{"@type":"ReadAction","target":["https:\/\/www.scientec.es\/es\/analisis-de-superficie\/reflectometria-medida-de-espesor-de-capa-delgada\/"]}]},{"@type":"ImageObject","inLanguage":"es","@id":"https:\/\/www.scientec.es\/es\/analisis-de-superficie\/reflectometria-medida-de-espesor-de-capa-delgada\/#primaryimage","url":"https:\/\/www.scientec.es\/wp-content\/uploads\/2019\/09\/f20.jpg","contentUrl":"https:\/\/www.scientec.es\/wp-content\/uploads\/2019\/09\/f20.jpg"},{"@type":"BreadcrumbList","@id":"https:\/\/www.scientec.es\/es\/analisis-de-superficie\/reflectometria-medida-de-espesor-de-capa-delgada\/#breadcrumb","itemListElement":[{"@type":"ListItem","position":1,"name":"Accueil","item":"https:\/\/www.scientec.es\/es\/"},{"@type":"ListItem","position":2,"name":"An\u00e1lisis de superficie","item":"https:\/\/www.scientec.es\/es\/analisis-de-superficie\/"},{"@type":"ListItem","position":3,"name":"Reflectometr\u00eda (Medida de espesor de capa delgada)"}]},{"@type":"WebSite","@id":"https:\/\/www.scientec.es\/es\/#website","url":"https:\/\/www.scientec.es\/es\/","name":"Scientec Ib\u00e9rica","description":"La soluci\u00f3n a su medida ","publisher":{"@id":"https:\/\/www.scientec.es\/es\/#organization"},"potentialAction":[{"@type":"SearchAction","target":{"@type":"EntryPoint","urlTemplate":"https:\/\/www.scientec.es\/es\/?s={search_term_string}"},"query-input":{"@type":"PropertyValueSpecification","valueRequired":true,"valueName":"search_term_string"}}],"inLanguage":"es"},{"@type":"Organization","@id":"https:\/\/www.scientec.es\/es\/#organization","name":"Scientec","url":"https:\/\/www.scientec.es\/es\/","logo":{"@type":"ImageObject","inLanguage":"es","@id":"https:\/\/www.scientec.es\/es\/#\/schema\/logo\/image\/","url":"https:\/\/www.scientec.es\/wp-content\/uploads\/2018\/01\/scientec-slogan.png","contentUrl":"https:\/\/www.scientec.es\/wp-content\/uploads\/2018\/01\/scientec-slogan.png","width":6947,"height":1545,"caption":"Scientec"},"image":{"@id":"https:\/\/www.scientec.es\/es\/#\/schema\/logo\/image\/"}}]}},"_links":{"self":[{"href":"https:\/\/www.scientec.es\/es\/wp-json\/wp\/v2\/pages\/5095","targetHints":{"allow":["GET"]}}],"collection":[{"href":"https:\/\/www.scientec.es\/es\/wp-json\/wp\/v2\/pages"}],"about":[{"href":"https:\/\/www.scientec.es\/es\/wp-json\/wp\/v2\/types\/page"}],"author":[{"embeddable":true,"href":"https:\/\/www.scientec.es\/es\/wp-json\/wp\/v2\/users\/4"}],"replies":[{"embeddable":true,"href":"https:\/\/www.scientec.es\/es\/wp-json\/wp\/v2\/comments?post=5095"}],"version-history":[{"count":3,"href":"https:\/\/www.scientec.es\/es\/wp-json\/wp\/v2\/pages\/5095\/revisions"}],"predecessor-version":[{"id":5571,"href":"https:\/\/www.scientec.es\/es\/wp-json\/wp\/v2\/pages\/5095\/revisions\/5571"}],"up":[{"embeddable":true,"href":"https:\/\/www.scientec.es\/es\/wp-json\/wp\/v2\/pages\/5031"}],"wp:attachment":[{"href":"https:\/\/www.scientec.es\/es\/wp-json\/wp\/v2\/media?parent=5095"}],"curies":[{"name":"wp","href":"https:\/\/api.w.org\/{rel}","templated":true}]}}