{"id":5103,"date":"2020-07-22T11:34:14","date_gmt":"2020-07-22T09:34:14","guid":{"rendered":"https:\/\/www.scientec.es\/analisis-de-superficie\/nanoindentadores\/"},"modified":"2020-07-24T12:18:38","modified_gmt":"2020-07-24T10:18:38","slug":"nanoindentadores","status":"publish","type":"page","link":"https:\/\/www.scientec.es\/es\/analisis-de-superficie\/nanoindentadores\/","title":{"rendered":"Nanoindentadores"},"content":{"rendered":"\n\t<h1><strong>Nanoindentadores<\/strong><\/h1>\n<p>La nano-indentaci\u00f3n es una t\u00e9cnica para caracterizar las propiedades de la superficie mec\u00e1nica local en relaci\u00f3n con las microestructuras de pel\u00edculas delgadas o materiales en volumen. En esta t\u00e9cnica, se aplica una peque\u00f1a carga a un punto local de la superficie con una punta de diamante de geometr\u00eda conocida que penetra poco en el material. La profundidad de penetraci\u00f3n se registra seg\u00fan la carga. La media de la fuerza aplicada, el desplazamiento de la punta y la profundidad de penetraci\u00f3n permite determinar la nanodureza, el m\u00f3dulo de Young y la resistencia al desgaste de la muestra.<\/p>\n<p>KLA ofrece una gama completa de probadores nanomec\u00e1nicos de alto rendimiento para caracterizar materiales y necesidades de control de procesos. Con opciones flexibles de agregar y actualizar, sus nanoindenters se pueden usar para una amplia gama de mediciones de nanoescala, incluida la dureza, el m\u00f3dulo de young y la adhesi\u00f3n.<\/p>\n\t<h2><strong>Nanoindentadores<\/strong><\/h2>\n\t\t\t\t<img decoding=\"async\" src=\"http:\/\/www.scientec.fr\/wp-content\/uploads\/2019\/09\/front-cover-copie.png\" alt=\"Front cover copie\" itemprop=\"image\" title=\"Front cover copie\" onerror=\"this.style.display='none'\"  \/>\n\t<a href=\"https:\/\/www.scientec.es\/es\/produit\/nanoindentador-de-precision\/\">Nanoindentador G200X&gt;<\/a><br \/>\n<a href=\"https:\/\/www.scientec.es\/es\/produit\/nanoindentador-para-la-nanoescala\/\">Nanoindentador G200&gt;<\/a><br \/>\n<a href=\"https:\/\/www.scientec.es\/es\/produit\/nanoindentacion-hasta-1-n-de-fuerza\/\">Nanoindentador iMicro&gt;<\/a><br \/>\n<a href=\"https:\/\/www.scientec.es\/es\/produit\/nanoindentador-hasta-50-mn-de-fuerza\/\">Nanoindentador iNano&gt;<\/a>\n\t<h2>Entornos<\/h2>\n\t\t\t\t<img decoding=\"async\" src=\"http:\/\/www.scientec.fr\/wp-content\/uploads\/2019\/09\/nanoindentation.png\" alt=\"Nanoindentation\" itemprop=\"image\" title=\"Nanoindentation\" onerror=\"this.style.display='none'\"  \/>\n\t<a href=\"https:\/\/www.scientec.es\/es\/produit\/nanoindenter-ambiental-y-de-vacio\/\">Ambiant y vac\u00edo&gt;<\/a><br \/>\n<a href=\"https:\/\/www.scientec.es\/es\/produit\/nanoindenter-para-alta-temperatura\/\">Alta temperatura&gt;<\/a>\n<p>&nbsp;<\/p>\n<p>&nbsp;<\/p>\n\t<h2>M\u00e1quina de prueba universal<\/h2>\n\t\t\t\t<img decoding=\"async\" src=\"http:\/\/www.scientec.fr\/wp-content\/uploads\/2019\/09\/machine-de-test-universel.png\" alt=\"Machine de test universel\" itemprop=\"image\" title=\"Machine de test universel\" onerror=\"this.style.display='none'\"  \/>\n\t<p><a href=\"https:\/\/www.scientec.es\/es\/produit\/maquina-de-prueba-universal\/\">M\u00e1s informaci\u00f3n&gt;<\/a><\/p>\n<p>&nbsp;<\/p>\n<p>&nbsp;<\/p>\n<p>&nbsp;<\/p>\n","protected":false},"excerpt":{"rendered":"<p>Nanoindentadores La nano-indentaci\u00f3n es una t\u00e9cnica para caracterizar las propiedades de la superficie mec\u00e1nica local en relaci\u00f3n con las microestructuras de pel\u00edculas delgadas o materiales en volumen. En esta t\u00e9cnica, se aplica una peque\u00f1a carga a un punto local de la superficie con una punta de diamante de geometr\u00eda conocida que penetra poco en el [&hellip;]<\/p>\n","protected":false},"author":4,"featured_media":0,"parent":5031,"menu_order":0,"comment_status":"closed","ping_status":"closed","template":"","meta":{"footnotes":""},"class_list":{"0":"post-5103","1":"page","2":"type-page","3":"status-publish","5":"entry","6":"has-post-thumbnail"},"yoast_head":"<!-- This site is optimized with the Yoast SEO plugin v27.0 - https:\/\/yoast.com\/product\/yoast-seo-wordpress\/ -->\n<title>Nanoindentadores - Scientec Ib\u00e9rica<\/title>\n<meta name=\"robots\" content=\"index, follow, max-snippet:-1, max-image-preview:large, max-video-preview:-1\" \/>\n<link rel=\"canonical\" href=\"https:\/\/www.scientec.es\/es\/analisis-de-superficie\/nanoindentadores\/\" \/>\n<meta property=\"og:locale\" content=\"es_ES\" \/>\n<meta property=\"og:type\" content=\"article\" \/>\n<meta property=\"og:title\" content=\"Nanoindentadores - Scientec Ib\u00e9rica\" \/>\n<meta property=\"og:description\" content=\"Nanoindentadores La nano-indentaci\u00f3n es una t\u00e9cnica para caracterizar las propiedades de la superficie mec\u00e1nica local en relaci\u00f3n con las microestructuras de pel\u00edculas delgadas o materiales en volumen. En esta t\u00e9cnica, se aplica una peque\u00f1a carga a un punto local de la superficie con una punta de diamante de geometr\u00eda conocida que penetra poco en el [&hellip;]\" \/>\n<meta property=\"og:url\" content=\"https:\/\/www.scientec.es\/es\/analisis-de-superficie\/nanoindentadores\/\" \/>\n<meta property=\"og:site_name\" content=\"Scientec Ib\u00e9rica\" \/>\n<meta property=\"article:modified_time\" content=\"2020-07-24T10:18:38+00:00\" \/>\n<meta property=\"og:image\" content=\"http:\/\/www.scientec.fr\/wp-content\/uploads\/2019\/09\/front-cover-copie.png\" \/>\n<meta name=\"twitter:card\" content=\"summary_large_image\" \/>\n<meta name=\"twitter:label1\" content=\"Tiempo de lectura\" \/>\n\t<meta name=\"twitter:data1\" content=\"1 minuto\" \/>\n<script type=\"application\/ld+json\" class=\"yoast-schema-graph\">{\"@context\":\"https:\/\/schema.org\",\"@graph\":[{\"@type\":\"WebPage\",\"@id\":\"https:\/\/www.scientec.es\/es\/analisis-de-superficie\/nanoindentadores\/\",\"url\":\"https:\/\/www.scientec.es\/es\/analisis-de-superficie\/nanoindentadores\/\",\"name\":\"Nanoindentadores - Scientec Ib\u00e9rica\",\"isPartOf\":{\"@id\":\"https:\/\/www.scientec.es\/es\/#website\"},\"primaryImageOfPage\":{\"@id\":\"https:\/\/www.scientec.es\/es\/analisis-de-superficie\/nanoindentadores\/#primaryimage\"},\"image\":{\"@id\":\"https:\/\/www.scientec.es\/es\/analisis-de-superficie\/nanoindentadores\/#primaryimage\"},\"thumbnailUrl\":\"http:\/\/www.scientec.fr\/wp-content\/uploads\/2019\/09\/front-cover-copie.png\",\"datePublished\":\"2020-07-22T09:34:14+00:00\",\"dateModified\":\"2020-07-24T10:18:38+00:00\",\"breadcrumb\":{\"@id\":\"https:\/\/www.scientec.es\/es\/analisis-de-superficie\/nanoindentadores\/#breadcrumb\"},\"inLanguage\":\"es\",\"potentialAction\":[{\"@type\":\"ReadAction\",\"target\":[\"https:\/\/www.scientec.es\/es\/analisis-de-superficie\/nanoindentadores\/\"]}]},{\"@type\":\"ImageObject\",\"inLanguage\":\"es\",\"@id\":\"https:\/\/www.scientec.es\/es\/analisis-de-superficie\/nanoindentadores\/#primaryimage\",\"url\":\"http:\/\/www.scientec.fr\/wp-content\/uploads\/2019\/09\/front-cover-copie.png\",\"contentUrl\":\"http:\/\/www.scientec.fr\/wp-content\/uploads\/2019\/09\/front-cover-copie.png\"},{\"@type\":\"BreadcrumbList\",\"@id\":\"https:\/\/www.scientec.es\/es\/analisis-de-superficie\/nanoindentadores\/#breadcrumb\",\"itemListElement\":[{\"@type\":\"ListItem\",\"position\":1,\"name\":\"Accueil\",\"item\":\"https:\/\/www.scientec.es\/es\/\"},{\"@type\":\"ListItem\",\"position\":2,\"name\":\"An\u00e1lisis de superficie\",\"item\":\"https:\/\/www.scientec.es\/es\/analisis-de-superficie\/\"},{\"@type\":\"ListItem\",\"position\":3,\"name\":\"Nanoindentadores\"}]},{\"@type\":\"WebSite\",\"@id\":\"https:\/\/www.scientec.es\/es\/#website\",\"url\":\"https:\/\/www.scientec.es\/es\/\",\"name\":\"Scientec Ib\u00e9rica\",\"description\":\"La soluci\u00f3n a su medida \",\"publisher\":{\"@id\":\"https:\/\/www.scientec.es\/es\/#organization\"},\"potentialAction\":[{\"@type\":\"SearchAction\",\"target\":{\"@type\":\"EntryPoint\",\"urlTemplate\":\"https:\/\/www.scientec.es\/es\/?s={search_term_string}\"},\"query-input\":{\"@type\":\"PropertyValueSpecification\",\"valueRequired\":true,\"valueName\":\"search_term_string\"}}],\"inLanguage\":\"es\"},{\"@type\":\"Organization\",\"@id\":\"https:\/\/www.scientec.es\/es\/#organization\",\"name\":\"Scientec\",\"url\":\"https:\/\/www.scientec.es\/es\/\",\"logo\":{\"@type\":\"ImageObject\",\"inLanguage\":\"es\",\"@id\":\"https:\/\/www.scientec.es\/es\/#\/schema\/logo\/image\/\",\"url\":\"https:\/\/www.scientec.es\/wp-content\/uploads\/2018\/01\/scientec-slogan.png\",\"contentUrl\":\"https:\/\/www.scientec.es\/wp-content\/uploads\/2018\/01\/scientec-slogan.png\",\"width\":6947,\"height\":1545,\"caption\":\"Scientec\"},\"image\":{\"@id\":\"https:\/\/www.scientec.es\/es\/#\/schema\/logo\/image\/\"}}]}<\/script>\n<!-- \/ Yoast SEO plugin. -->","yoast_head_json":{"title":"Nanoindentadores - Scientec Ib\u00e9rica","robots":{"index":"index","follow":"follow","max-snippet":"max-snippet:-1","max-image-preview":"max-image-preview:large","max-video-preview":"max-video-preview:-1"},"canonical":"https:\/\/www.scientec.es\/es\/analisis-de-superficie\/nanoindentadores\/","og_locale":"es_ES","og_type":"article","og_title":"Nanoindentadores - Scientec Ib\u00e9rica","og_description":"Nanoindentadores La nano-indentaci\u00f3n es una t\u00e9cnica para caracterizar las propiedades de la superficie mec\u00e1nica local en relaci\u00f3n con las microestructuras de pel\u00edculas delgadas o materiales en volumen. En esta t\u00e9cnica, se aplica una peque\u00f1a carga a un punto local de la superficie con una punta de diamante de geometr\u00eda conocida que penetra poco en el [&hellip;]","og_url":"https:\/\/www.scientec.es\/es\/analisis-de-superficie\/nanoindentadores\/","og_site_name":"Scientec Ib\u00e9rica","article_modified_time":"2020-07-24T10:18:38+00:00","og_image":[{"url":"http:\/\/www.scientec.fr\/wp-content\/uploads\/2019\/09\/front-cover-copie.png","type":"","width":"","height":""}],"twitter_card":"summary_large_image","twitter_misc":{"Tiempo de lectura":"1 minuto"},"schema":{"@context":"https:\/\/schema.org","@graph":[{"@type":"WebPage","@id":"https:\/\/www.scientec.es\/es\/analisis-de-superficie\/nanoindentadores\/","url":"https:\/\/www.scientec.es\/es\/analisis-de-superficie\/nanoindentadores\/","name":"Nanoindentadores - Scientec Ib\u00e9rica","isPartOf":{"@id":"https:\/\/www.scientec.es\/es\/#website"},"primaryImageOfPage":{"@id":"https:\/\/www.scientec.es\/es\/analisis-de-superficie\/nanoindentadores\/#primaryimage"},"image":{"@id":"https:\/\/www.scientec.es\/es\/analisis-de-superficie\/nanoindentadores\/#primaryimage"},"thumbnailUrl":"http:\/\/www.scientec.fr\/wp-content\/uploads\/2019\/09\/front-cover-copie.png","datePublished":"2020-07-22T09:34:14+00:00","dateModified":"2020-07-24T10:18:38+00:00","breadcrumb":{"@id":"https:\/\/www.scientec.es\/es\/analisis-de-superficie\/nanoindentadores\/#breadcrumb"},"inLanguage":"es","potentialAction":[{"@type":"ReadAction","target":["https:\/\/www.scientec.es\/es\/analisis-de-superficie\/nanoindentadores\/"]}]},{"@type":"ImageObject","inLanguage":"es","@id":"https:\/\/www.scientec.es\/es\/analisis-de-superficie\/nanoindentadores\/#primaryimage","url":"http:\/\/www.scientec.fr\/wp-content\/uploads\/2019\/09\/front-cover-copie.png","contentUrl":"http:\/\/www.scientec.fr\/wp-content\/uploads\/2019\/09\/front-cover-copie.png"},{"@type":"BreadcrumbList","@id":"https:\/\/www.scientec.es\/es\/analisis-de-superficie\/nanoindentadores\/#breadcrumb","itemListElement":[{"@type":"ListItem","position":1,"name":"Accueil","item":"https:\/\/www.scientec.es\/es\/"},{"@type":"ListItem","position":2,"name":"An\u00e1lisis de superficie","item":"https:\/\/www.scientec.es\/es\/analisis-de-superficie\/"},{"@type":"ListItem","position":3,"name":"Nanoindentadores"}]},{"@type":"WebSite","@id":"https:\/\/www.scientec.es\/es\/#website","url":"https:\/\/www.scientec.es\/es\/","name":"Scientec Ib\u00e9rica","description":"La soluci\u00f3n a su medida ","publisher":{"@id":"https:\/\/www.scientec.es\/es\/#organization"},"potentialAction":[{"@type":"SearchAction","target":{"@type":"EntryPoint","urlTemplate":"https:\/\/www.scientec.es\/es\/?s={search_term_string}"},"query-input":{"@type":"PropertyValueSpecification","valueRequired":true,"valueName":"search_term_string"}}],"inLanguage":"es"},{"@type":"Organization","@id":"https:\/\/www.scientec.es\/es\/#organization","name":"Scientec","url":"https:\/\/www.scientec.es\/es\/","logo":{"@type":"ImageObject","inLanguage":"es","@id":"https:\/\/www.scientec.es\/es\/#\/schema\/logo\/image\/","url":"https:\/\/www.scientec.es\/wp-content\/uploads\/2018\/01\/scientec-slogan.png","contentUrl":"https:\/\/www.scientec.es\/wp-content\/uploads\/2018\/01\/scientec-slogan.png","width":6947,"height":1545,"caption":"Scientec"},"image":{"@id":"https:\/\/www.scientec.es\/es\/#\/schema\/logo\/image\/"}}]}},"_links":{"self":[{"href":"https:\/\/www.scientec.es\/es\/wp-json\/wp\/v2\/pages\/5103","targetHints":{"allow":["GET"]}}],"collection":[{"href":"https:\/\/www.scientec.es\/es\/wp-json\/wp\/v2\/pages"}],"about":[{"href":"https:\/\/www.scientec.es\/es\/wp-json\/wp\/v2\/types\/page"}],"author":[{"embeddable":true,"href":"https:\/\/www.scientec.es\/es\/wp-json\/wp\/v2\/users\/4"}],"replies":[{"embeddable":true,"href":"https:\/\/www.scientec.es\/es\/wp-json\/wp\/v2\/comments?post=5103"}],"version-history":[{"count":2,"href":"https:\/\/www.scientec.es\/es\/wp-json\/wp\/v2\/pages\/5103\/revisions"}],"predecessor-version":[{"id":5430,"href":"https:\/\/www.scientec.es\/es\/wp-json\/wp\/v2\/pages\/5103\/revisions\/5430"}],"up":[{"embeddable":true,"href":"https:\/\/www.scientec.es\/es\/wp-json\/wp\/v2\/pages\/5031"}],"wp:attachment":[{"href":"https:\/\/www.scientec.es\/es\/wp-json\/wp\/v2\/media?parent=5103"}],"curies":[{"name":"wp","href":"https:\/\/api.w.org\/{rel}","templated":true}]}}