{"id":5477,"date":"2020-07-24T13:01:22","date_gmt":"2020-07-24T11:01:22","guid":{"rendered":"https:\/\/www.scientec.es\/analisis-de-superficie\/sistemas-de-espectroscopia-raman\/"},"modified":"2020-07-24T13:09:01","modified_gmt":"2020-07-24T11:09:01","slug":"sistemas-de-espectroscopia-raman","status":"publish","type":"page","link":"https:\/\/www.scientec.es\/es\/analisis-de-superficie\/sistemas-de-espectroscopia-raman\/","title":{"rendered":"Sistemas de espectroscop\u00eda Raman"},"content":{"rendered":"\n\t<h1>Sistemas de espectroscop\u00eda Raman<\/h1>\nLos sistemas de microscopio Raman de S&#038;I se basan en los microscopios Olympus BX43, BX53, BX51WI y IX73 para instalaciones verticales e invertidas. El microscopio confocal Raman proporciona resoluci\u00f3n espacial a escala de micras. Una etapa XYZ controlada por software permite el mapeo 3D automatizado.\n\t<h2><a href=\"https:\/\/www.scientec.es\/es\/produit\/microscopio-confocal-raman\/\">MonoVista CRS+<\/a><\/h2>\n\t\t\t\t<a href=\"https:\/\/www.scientec.es\/es\/produit\/microscopio-confocal-raman\/\" target=\"_self\" itemprop=\"url\" rel=\"noopener noreferrer\">\n\t\t\t\t<img decoding=\"async\" src=\"https:\/\/www.scientec.es\/wp-content\/uploads\/2019\/09\/monovista.jpg\" alt=\"Monovista\" itemprop=\"image\" height=\"320\" width=\"640\" title=\"Monovista\" onerror=\"this.style.display='none'\"  \/>\n\t\t\t\t<\/a>\n\t<p><a href=\"https:\/\/www.scientec.es\/es\/produit\/microscopio-confocal-raman\/\">M\u00e1s informaci\u00f3n &gt;<\/a><\/p>\n\t<h2><a href=\"https:\/\/www.scientec.es\/es\/produit\/microscopio-raman-confocal-s-i\/\">TriVista CRS<\/a><\/h2>\n\t\t\t\t<a href=\"https:\/\/www.scientec.es\/es\/produit\/microscopio-raman-confocal-s-i\/\" target=\"_self\" itemprop=\"url\" rel=\"noopener noreferrer\">\n\t\t\t\t<img decoding=\"async\" src=\"https:\/\/www.scientec.es\/wp-content\/uploads\/2019\/09\/trivista.png\" alt=\"Trivista\" itemprop=\"image\" height=\"320\" width=\"640\" title=\"Trivista\" onerror=\"this.style.display='none'\"  \/>\n\t\t\t\t<\/a>\n\t<p><a href=\"https:\/\/www.scientec.es\/es\/produit\/microscopio-raman-confocal-s-i\/\">M\u00e1s informaci\u00f3n &gt;<\/a><\/p>\n","protected":false},"excerpt":{"rendered":"<p>Sistemas de espectroscop\u00eda Raman Los sistemas de microscopio Raman de S&#038;I se basan en los microscopios Olympus BX43, BX53, BX51WI y IX73 para instalaciones verticales e invertidas. El microscopio confocal Raman proporciona resoluci\u00f3n espacial a escala de micras. Una etapa XYZ controlada por software permite el mapeo 3D automatizado. MonoVista CRS+ M\u00e1s informaci\u00f3n &gt; TriVista [&hellip;]<\/p>\n","protected":false},"author":4,"featured_media":0,"parent":5031,"menu_order":0,"comment_status":"closed","ping_status":"closed","template":"","meta":{"footnotes":""},"class_list":{"0":"post-5477","1":"page","2":"type-page","3":"status-publish","5":"entry","6":"has-post-thumbnail"},"yoast_head":"<!-- This site is optimized with the Yoast SEO plugin v27.0 - https:\/\/yoast.com\/product\/yoast-seo-wordpress\/ -->\n<title>Sistemas de espectroscop\u00eda Raman - Scientec Ib\u00e9rica<\/title>\n<meta name=\"robots\" content=\"index, follow, max-snippet:-1, max-image-preview:large, max-video-preview:-1\" \/>\n<link rel=\"canonical\" href=\"https:\/\/www.scientec.es\/es\/analisis-de-superficie\/sistemas-de-espectroscopia-raman\/\" \/>\n<meta property=\"og:locale\" content=\"es_ES\" \/>\n<meta property=\"og:type\" content=\"article\" \/>\n<meta property=\"og:title\" content=\"Sistemas de espectroscop\u00eda Raman - Scientec Ib\u00e9rica\" \/>\n<meta property=\"og:description\" content=\"Sistemas de espectroscop\u00eda Raman Los sistemas de microscopio Raman de S&#038;I se basan en los microscopios Olympus BX43, BX53, BX51WI y IX73 para instalaciones verticales e invertidas. El microscopio confocal Raman proporciona resoluci\u00f3n espacial a escala de micras. Una etapa XYZ controlada por software permite el mapeo 3D automatizado. MonoVista CRS+ M\u00e1s informaci\u00f3n &gt; TriVista [&hellip;]\" \/>\n<meta property=\"og:url\" content=\"https:\/\/www.scientec.es\/es\/analisis-de-superficie\/sistemas-de-espectroscopia-raman\/\" \/>\n<meta property=\"og:site_name\" content=\"Scientec Ib\u00e9rica\" \/>\n<meta property=\"article:modified_time\" content=\"2020-07-24T11:09:01+00:00\" \/>\n<meta property=\"og:image\" content=\"https:\/\/www.scientec.es\/wp-content\/uploads\/2019\/09\/monovista.jpg\" \/>\n<meta name=\"twitter:card\" content=\"summary_large_image\" \/>\n<script type=\"application\/ld+json\" class=\"yoast-schema-graph\">{\"@context\":\"https:\/\/schema.org\",\"@graph\":[{\"@type\":\"WebPage\",\"@id\":\"https:\/\/www.scientec.es\/es\/analisis-de-superficie\/sistemas-de-espectroscopia-raman\/\",\"url\":\"https:\/\/www.scientec.es\/es\/analisis-de-superficie\/sistemas-de-espectroscopia-raman\/\",\"name\":\"Sistemas de espectroscop\u00eda Raman - Scientec Ib\u00e9rica\",\"isPartOf\":{\"@id\":\"https:\/\/www.scientec.es\/es\/#website\"},\"primaryImageOfPage\":{\"@id\":\"https:\/\/www.scientec.es\/es\/analisis-de-superficie\/sistemas-de-espectroscopia-raman\/#primaryimage\"},\"image\":{\"@id\":\"https:\/\/www.scientec.es\/es\/analisis-de-superficie\/sistemas-de-espectroscopia-raman\/#primaryimage\"},\"thumbnailUrl\":\"https:\/\/www.scientec.es\/wp-content\/uploads\/2019\/09\/monovista.jpg\",\"datePublished\":\"2020-07-24T11:01:22+00:00\",\"dateModified\":\"2020-07-24T11:09:01+00:00\",\"breadcrumb\":{\"@id\":\"https:\/\/www.scientec.es\/es\/analisis-de-superficie\/sistemas-de-espectroscopia-raman\/#breadcrumb\"},\"inLanguage\":\"es\",\"potentialAction\":[{\"@type\":\"ReadAction\",\"target\":[\"https:\/\/www.scientec.es\/es\/analisis-de-superficie\/sistemas-de-espectroscopia-raman\/\"]}]},{\"@type\":\"ImageObject\",\"inLanguage\":\"es\",\"@id\":\"https:\/\/www.scientec.es\/es\/analisis-de-superficie\/sistemas-de-espectroscopia-raman\/#primaryimage\",\"url\":\"https:\/\/www.scientec.es\/wp-content\/uploads\/2019\/09\/monovista.jpg\",\"contentUrl\":\"https:\/\/www.scientec.es\/wp-content\/uploads\/2019\/09\/monovista.jpg\"},{\"@type\":\"BreadcrumbList\",\"@id\":\"https:\/\/www.scientec.es\/es\/analisis-de-superficie\/sistemas-de-espectroscopia-raman\/#breadcrumb\",\"itemListElement\":[{\"@type\":\"ListItem\",\"position\":1,\"name\":\"Accueil\",\"item\":\"https:\/\/www.scientec.es\/es\/\"},{\"@type\":\"ListItem\",\"position\":2,\"name\":\"An\u00e1lisis de superficie\",\"item\":\"https:\/\/www.scientec.es\/es\/analisis-de-superficie\/\"},{\"@type\":\"ListItem\",\"position\":3,\"name\":\"Sistemas de espectroscop\u00eda Raman\"}]},{\"@type\":\"WebSite\",\"@id\":\"https:\/\/www.scientec.es\/es\/#website\",\"url\":\"https:\/\/www.scientec.es\/es\/\",\"name\":\"Scientec Ib\u00e9rica\",\"description\":\"La soluci\u00f3n a su medida \",\"publisher\":{\"@id\":\"https:\/\/www.scientec.es\/es\/#organization\"},\"potentialAction\":[{\"@type\":\"SearchAction\",\"target\":{\"@type\":\"EntryPoint\",\"urlTemplate\":\"https:\/\/www.scientec.es\/es\/?s={search_term_string}\"},\"query-input\":{\"@type\":\"PropertyValueSpecification\",\"valueRequired\":true,\"valueName\":\"search_term_string\"}}],\"inLanguage\":\"es\"},{\"@type\":\"Organization\",\"@id\":\"https:\/\/www.scientec.es\/es\/#organization\",\"name\":\"Scientec\",\"url\":\"https:\/\/www.scientec.es\/es\/\",\"logo\":{\"@type\":\"ImageObject\",\"inLanguage\":\"es\",\"@id\":\"https:\/\/www.scientec.es\/es\/#\/schema\/logo\/image\/\",\"url\":\"https:\/\/www.scientec.es\/wp-content\/uploads\/2018\/01\/scientec-slogan.png\",\"contentUrl\":\"https:\/\/www.scientec.es\/wp-content\/uploads\/2018\/01\/scientec-slogan.png\",\"width\":6947,\"height\":1545,\"caption\":\"Scientec\"},\"image\":{\"@id\":\"https:\/\/www.scientec.es\/es\/#\/schema\/logo\/image\/\"}}]}<\/script>\n<!-- \/ Yoast SEO plugin. -->","yoast_head_json":{"title":"Sistemas de espectroscop\u00eda Raman - Scientec Ib\u00e9rica","robots":{"index":"index","follow":"follow","max-snippet":"max-snippet:-1","max-image-preview":"max-image-preview:large","max-video-preview":"max-video-preview:-1"},"canonical":"https:\/\/www.scientec.es\/es\/analisis-de-superficie\/sistemas-de-espectroscopia-raman\/","og_locale":"es_ES","og_type":"article","og_title":"Sistemas de espectroscop\u00eda Raman - Scientec Ib\u00e9rica","og_description":"Sistemas de espectroscop\u00eda Raman Los sistemas de microscopio Raman de S&#038;I se basan en los microscopios Olympus BX43, BX53, BX51WI y IX73 para instalaciones verticales e invertidas. El microscopio confocal Raman proporciona resoluci\u00f3n espacial a escala de micras. Una etapa XYZ controlada por software permite el mapeo 3D automatizado. MonoVista CRS+ M\u00e1s informaci\u00f3n &gt; TriVista [&hellip;]","og_url":"https:\/\/www.scientec.es\/es\/analisis-de-superficie\/sistemas-de-espectroscopia-raman\/","og_site_name":"Scientec Ib\u00e9rica","article_modified_time":"2020-07-24T11:09:01+00:00","og_image":[{"url":"https:\/\/www.scientec.es\/wp-content\/uploads\/2019\/09\/monovista.jpg","type":"","width":"","height":""}],"twitter_card":"summary_large_image","schema":{"@context":"https:\/\/schema.org","@graph":[{"@type":"WebPage","@id":"https:\/\/www.scientec.es\/es\/analisis-de-superficie\/sistemas-de-espectroscopia-raman\/","url":"https:\/\/www.scientec.es\/es\/analisis-de-superficie\/sistemas-de-espectroscopia-raman\/","name":"Sistemas de espectroscop\u00eda Raman - Scientec Ib\u00e9rica","isPartOf":{"@id":"https:\/\/www.scientec.es\/es\/#website"},"primaryImageOfPage":{"@id":"https:\/\/www.scientec.es\/es\/analisis-de-superficie\/sistemas-de-espectroscopia-raman\/#primaryimage"},"image":{"@id":"https:\/\/www.scientec.es\/es\/analisis-de-superficie\/sistemas-de-espectroscopia-raman\/#primaryimage"},"thumbnailUrl":"https:\/\/www.scientec.es\/wp-content\/uploads\/2019\/09\/monovista.jpg","datePublished":"2020-07-24T11:01:22+00:00","dateModified":"2020-07-24T11:09:01+00:00","breadcrumb":{"@id":"https:\/\/www.scientec.es\/es\/analisis-de-superficie\/sistemas-de-espectroscopia-raman\/#breadcrumb"},"inLanguage":"es","potentialAction":[{"@type":"ReadAction","target":["https:\/\/www.scientec.es\/es\/analisis-de-superficie\/sistemas-de-espectroscopia-raman\/"]}]},{"@type":"ImageObject","inLanguage":"es","@id":"https:\/\/www.scientec.es\/es\/analisis-de-superficie\/sistemas-de-espectroscopia-raman\/#primaryimage","url":"https:\/\/www.scientec.es\/wp-content\/uploads\/2019\/09\/monovista.jpg","contentUrl":"https:\/\/www.scientec.es\/wp-content\/uploads\/2019\/09\/monovista.jpg"},{"@type":"BreadcrumbList","@id":"https:\/\/www.scientec.es\/es\/analisis-de-superficie\/sistemas-de-espectroscopia-raman\/#breadcrumb","itemListElement":[{"@type":"ListItem","position":1,"name":"Accueil","item":"https:\/\/www.scientec.es\/es\/"},{"@type":"ListItem","position":2,"name":"An\u00e1lisis de superficie","item":"https:\/\/www.scientec.es\/es\/analisis-de-superficie\/"},{"@type":"ListItem","position":3,"name":"Sistemas de espectroscop\u00eda Raman"}]},{"@type":"WebSite","@id":"https:\/\/www.scientec.es\/es\/#website","url":"https:\/\/www.scientec.es\/es\/","name":"Scientec Ib\u00e9rica","description":"La soluci\u00f3n a su medida ","publisher":{"@id":"https:\/\/www.scientec.es\/es\/#organization"},"potentialAction":[{"@type":"SearchAction","target":{"@type":"EntryPoint","urlTemplate":"https:\/\/www.scientec.es\/es\/?s={search_term_string}"},"query-input":{"@type":"PropertyValueSpecification","valueRequired":true,"valueName":"search_term_string"}}],"inLanguage":"es"},{"@type":"Organization","@id":"https:\/\/www.scientec.es\/es\/#organization","name":"Scientec","url":"https:\/\/www.scientec.es\/es\/","logo":{"@type":"ImageObject","inLanguage":"es","@id":"https:\/\/www.scientec.es\/es\/#\/schema\/logo\/image\/","url":"https:\/\/www.scientec.es\/wp-content\/uploads\/2018\/01\/scientec-slogan.png","contentUrl":"https:\/\/www.scientec.es\/wp-content\/uploads\/2018\/01\/scientec-slogan.png","width":6947,"height":1545,"caption":"Scientec"},"image":{"@id":"https:\/\/www.scientec.es\/es\/#\/schema\/logo\/image\/"}}]}},"_links":{"self":[{"href":"https:\/\/www.scientec.es\/es\/wp-json\/wp\/v2\/pages\/5477","targetHints":{"allow":["GET"]}}],"collection":[{"href":"https:\/\/www.scientec.es\/es\/wp-json\/wp\/v2\/pages"}],"about":[{"href":"https:\/\/www.scientec.es\/es\/wp-json\/wp\/v2\/types\/page"}],"author":[{"embeddable":true,"href":"https:\/\/www.scientec.es\/es\/wp-json\/wp\/v2\/users\/4"}],"replies":[{"embeddable":true,"href":"https:\/\/www.scientec.es\/es\/wp-json\/wp\/v2\/comments?post=5477"}],"version-history":[{"count":1,"href":"https:\/\/www.scientec.es\/es\/wp-json\/wp\/v2\/pages\/5477\/revisions"}],"predecessor-version":[{"id":5480,"href":"https:\/\/www.scientec.es\/es\/wp-json\/wp\/v2\/pages\/5477\/revisions\/5480"}],"up":[{"embeddable":true,"href":"https:\/\/www.scientec.es\/es\/wp-json\/wp\/v2\/pages\/5031"}],"wp:attachment":[{"href":"https:\/\/www.scientec.es\/es\/wp-json\/wp\/v2\/media?parent=5477"}],"curies":[{"name":"wp","href":"https:\/\/api.w.org\/{rel}","templated":true}]}}